{"id":211965,"date":"2025-11-20T13:38:30","date_gmt":"2025-11-20T12:38:30","guid":{"rendered":"https:\/\/www.viking-emea.com\/product\/60-us-gallon-foam-hose-station\/"},"modified":"2025-11-21T08:47:49","modified_gmt":"2025-11-21T07:47:49","slug":"60-us-gallon-foam-hose-station","status":"publish","type":"product","link":"https:\/\/www.viking-emea.com\/tr\/product\/60-us-gallon-foam-hose-station\/","title":{"rendered":"60 US Gallon Foam Hose Station"},"content":{"rendered":"<p>The foam hose station is a self-contained unit that uses the water flow to induct foam concentrate into the water stream.<br \/>\nThe fixed unit is intended to flow at a minimum rate of 60 GPM for a minimum of 30 minutes and is used in aircraft hangars, helidecks, offshore processing, storage or handling areas where the rapid control of fires involving ignitable liquids is required.<\/p>\n<p>The unit is constructed in such a manner that one competent person may operate it with the speed and effectiveness necessary in an emergency. The performance of the eductor (foam mixing device) requires a defined flow and pressure for optimum operation.<\/p>\n","protected":false},"excerpt":{"rendered":"<p>The foam hose station is a self-contained unit that uses the water flow to induct foam concentrate into the water stream. The fixed unit is intended to flow at a minimum rate of 60 GPM for a minimum of 30 minutes and is used in aircraft hangars, helidecks, offshore processing, storage or handling areas where [&hellip;]<\/p>\n","protected":false},"featured_media":211949,"template":"","meta":{"_acf_changed":false,"content-type":""},"product_brand":[],"product_tag":[],"approvals":[303],"class_list":{"0":"post-211965","1":"product","2":"type-product","3":"status-publish","4":"has-post-thumbnail","6":"product_cat-kopuk-hortum-makarasi-istasyonu","7":"product_cat-muhendislik-urunleri-sistemleri-tr","8":"product-line-foam-systems-tr","9":"approvals-ul","11":"first","12":"instock","13":"shipping-taxable","14":"product-type-simple"},"acf":[],"yoast_head":"<!-- This site is optimized with the Yoast SEO plugin v27.3 - https:\/\/yoast.com\/product\/yoast-seo-wordpress\/ -->\n<title>60 US Gallon Foam Hose Station - Viking EMEA<\/title>\n<meta name=\"robots\" content=\"index, follow, max-snippet:-1, max-image-preview:large, max-video-preview:-1\" \/>\n<link rel=\"canonical\" href=\"https:\/\/www.viking-emea.com\/tr\/product\/60-us-gallon-foam-hose-station\/\" \/>\n<meta property=\"og:locale\" content=\"tr_TR\" \/>\n<meta property=\"og:type\" content=\"article\" \/>\n<meta property=\"og:title\" content=\"60 US Gallon Foam Hose Station - Viking EMEA\" \/>\n<meta property=\"og:description\" content=\"The foam hose station is a self-contained unit that uses the water flow to induct foam concentrate into the water stream. The fixed unit is intended to flow at a minimum rate of 60 GPM for a minimum of 30 minutes and is used in aircraft hangars, helidecks, offshore processing, storage or handling areas where [&hellip;]\" \/>\n<meta property=\"og:url\" content=\"https:\/\/www.viking-emea.com\/tr\/product\/60-us-gallon-foam-hose-station\/\" \/>\n<meta property=\"og:site_name\" content=\"Viking EMEA\" \/>\n<meta property=\"article:modified_time\" content=\"2025-11-21T07:47:49+00:00\" \/>\n<meta property=\"og:image\" content=\"https:\/\/www.viking-emea.com\/app\/uploads\/2025\/11\/Eductor_foam_hose_station.png\" \/>\n\t<meta property=\"og:image:width\" content=\"764\" \/>\n\t<meta property=\"og:image:height\" content=\"1200\" \/>\n\t<meta property=\"og:image:type\" content=\"image\/png\" \/>\n<meta name=\"twitter:card\" content=\"summary_large_image\" \/>\n<meta name=\"twitter:label1\" content=\"Est. reading time\" \/>\n\t<meta name=\"twitter:data1\" content=\"1 minute\" \/>\n<script type=\"application\/ld+json\" class=\"yoast-schema-graph\">{\"@context\":\"https:\\\/\\\/schema.org\",\"@graph\":[{\"@type\":\"WebPage\",\"@id\":\"https:\\\/\\\/www.viking-emea.com\\\/tr\\\/product\\\/60-us-gallon-foam-hose-station\\\/\",\"url\":\"https:\\\/\\\/www.viking-emea.com\\\/tr\\\/product\\\/60-us-gallon-foam-hose-station\\\/\",\"name\":\"60 US Gallon Foam Hose Station - Viking EMEA\",\"isPartOf\":{\"@id\":\"https:\\\/\\\/www.viking-emea.com\\\/tr\\\/#website\"},\"primaryImageOfPage\":{\"@id\":\"https:\\\/\\\/www.viking-emea.com\\\/tr\\\/product\\\/60-us-gallon-foam-hose-station\\\/#primaryimage\"},\"image\":{\"@id\":\"https:\\\/\\\/www.viking-emea.com\\\/tr\\\/product\\\/60-us-gallon-foam-hose-station\\\/#primaryimage\"},\"thumbnailUrl\":\"https:\\\/\\\/www.viking-emea.com\\\/app\\\/uploads\\\/2025\\\/11\\\/Eductor_foam_hose_station.png\",\"datePublished\":\"2025-11-20T12:38:30+00:00\",\"dateModified\":\"2025-11-21T07:47:49+00:00\",\"breadcrumb\":{\"@id\":\"https:\\\/\\\/www.viking-emea.com\\\/tr\\\/product\\\/60-us-gallon-foam-hose-station\\\/#breadcrumb\"},\"inLanguage\":\"tr-TR\",\"potentialAction\":[{\"@type\":\"ReadAction\",\"target\":[\"https:\\\/\\\/www.viking-emea.com\\\/tr\\\/product\\\/60-us-gallon-foam-hose-station\\\/\"]}]},{\"@type\":\"ImageObject\",\"inLanguage\":\"tr-TR\",\"@id\":\"https:\\\/\\\/www.viking-emea.com\\\/tr\\\/product\\\/60-us-gallon-foam-hose-station\\\/#primaryimage\",\"url\":\"https:\\\/\\\/www.viking-emea.com\\\/app\\\/uploads\\\/2025\\\/11\\\/Eductor_foam_hose_station.png\",\"contentUrl\":\"https:\\\/\\\/www.viking-emea.com\\\/app\\\/uploads\\\/2025\\\/11\\\/Eductor_foam_hose_station.png\",\"width\":764,\"height\":1200},{\"@type\":\"BreadcrumbList\",\"@id\":\"https:\\\/\\\/www.viking-emea.com\\\/tr\\\/product\\\/60-us-gallon-foam-hose-station\\\/#breadcrumb\",\"itemListElement\":[{\"@type\":\"ListItem\",\"position\":1,\"name\":\"Home\",\"item\":\"https:\\\/\\\/www.viking-emea.com\\\/tr\\\/\"},{\"@type\":\"ListItem\",\"position\":2,\"name\":\"Shop\",\"item\":\"https:\\\/\\\/www.viking-emea.com\\\/shop\\\/\"},{\"@type\":\"ListItem\",\"position\":3,\"name\":\"Foam Systems\",\"item\":\"https:\\\/\\\/www.viking-emea.com\\\/tr\\\/product-category\\\/foam-systems-tr\\\/\"},{\"@type\":\"ListItem\",\"position\":4,\"name\":\"M\u00fchendislik \u00fcr\u00fcnleri &amp; sistemleri\",\"item\":\"https:\\\/\\\/www.viking-emea.com\\\/tr\\\/product-category\\\/muhendislik-urunleri-sistemleri-tr\\\/\"},{\"@type\":\"ListItem\",\"position\":5,\"name\":\"60 US Gallon Foam Hose Station\"}]},{\"@type\":\"WebSite\",\"@id\":\"https:\\\/\\\/www.viking-emea.com\\\/tr\\\/#website\",\"url\":\"https:\\\/\\\/www.viking-emea.com\\\/tr\\\/\",\"name\":\"Viking EMEA\",\"description\":\"Viking EMEA\",\"potentialAction\":[{\"@type\":\"SearchAction\",\"target\":{\"@type\":\"EntryPoint\",\"urlTemplate\":\"https:\\\/\\\/www.viking-emea.com\\\/tr\\\/?s={search_term_string}\"},\"query-input\":{\"@type\":\"PropertyValueSpecification\",\"valueRequired\":true,\"valueName\":\"search_term_string\"}}],\"inLanguage\":\"tr-TR\"}]}<\/script>\n<!-- \/ Yoast SEO plugin. -->","yoast_head_json":{"title":"60 US Gallon Foam Hose Station - Viking EMEA","robots":{"index":"index","follow":"follow","max-snippet":"max-snippet:-1","max-image-preview":"max-image-preview:large","max-video-preview":"max-video-preview:-1"},"canonical":"https:\/\/www.viking-emea.com\/tr\/product\/60-us-gallon-foam-hose-station\/","og_locale":"tr_TR","og_type":"article","og_title":"60 US Gallon Foam Hose Station - Viking EMEA","og_description":"The foam hose station is a self-contained unit that uses the water flow to induct foam concentrate into the water stream. The fixed unit is intended to flow at a minimum rate of 60 GPM for a minimum of 30 minutes and is used in aircraft hangars, helidecks, offshore processing, storage or handling areas where [&hellip;]","og_url":"https:\/\/www.viking-emea.com\/tr\/product\/60-us-gallon-foam-hose-station\/","og_site_name":"Viking EMEA","article_modified_time":"2025-11-21T07:47:49+00:00","og_image":[{"width":764,"height":1200,"url":"https:\/\/www.viking-emea.com\/app\/uploads\/2025\/11\/Eductor_foam_hose_station.png","type":"image\/png"}],"twitter_card":"summary_large_image","twitter_misc":{"Est. reading time":"1 minute"},"schema":{"@context":"https:\/\/schema.org","@graph":[{"@type":"WebPage","@id":"https:\/\/www.viking-emea.com\/tr\/product\/60-us-gallon-foam-hose-station\/","url":"https:\/\/www.viking-emea.com\/tr\/product\/60-us-gallon-foam-hose-station\/","name":"60 US Gallon Foam Hose Station - Viking EMEA","isPartOf":{"@id":"https:\/\/www.viking-emea.com\/tr\/#website"},"primaryImageOfPage":{"@id":"https:\/\/www.viking-emea.com\/tr\/product\/60-us-gallon-foam-hose-station\/#primaryimage"},"image":{"@id":"https:\/\/www.viking-emea.com\/tr\/product\/60-us-gallon-foam-hose-station\/#primaryimage"},"thumbnailUrl":"https:\/\/www.viking-emea.com\/app\/uploads\/2025\/11\/Eductor_foam_hose_station.png","datePublished":"2025-11-20T12:38:30+00:00","dateModified":"2025-11-21T07:47:49+00:00","breadcrumb":{"@id":"https:\/\/www.viking-emea.com\/tr\/product\/60-us-gallon-foam-hose-station\/#breadcrumb"},"inLanguage":"tr-TR","potentialAction":[{"@type":"ReadAction","target":["https:\/\/www.viking-emea.com\/tr\/product\/60-us-gallon-foam-hose-station\/"]}]},{"@type":"ImageObject","inLanguage":"tr-TR","@id":"https:\/\/www.viking-emea.com\/tr\/product\/60-us-gallon-foam-hose-station\/#primaryimage","url":"https:\/\/www.viking-emea.com\/app\/uploads\/2025\/11\/Eductor_foam_hose_station.png","contentUrl":"https:\/\/www.viking-emea.com\/app\/uploads\/2025\/11\/Eductor_foam_hose_station.png","width":764,"height":1200},{"@type":"BreadcrumbList","@id":"https:\/\/www.viking-emea.com\/tr\/product\/60-us-gallon-foam-hose-station\/#breadcrumb","itemListElement":[{"@type":"ListItem","position":1,"name":"Home","item":"https:\/\/www.viking-emea.com\/tr\/"},{"@type":"ListItem","position":2,"name":"Shop","item":"https:\/\/www.viking-emea.com\/shop\/"},{"@type":"ListItem","position":3,"name":"Foam Systems","item":"https:\/\/www.viking-emea.com\/tr\/product-category\/foam-systems-tr\/"},{"@type":"ListItem","position":4,"name":"M\u00fchendislik \u00fcr\u00fcnleri &amp; sistemleri","item":"https:\/\/www.viking-emea.com\/tr\/product-category\/muhendislik-urunleri-sistemleri-tr\/"},{"@type":"ListItem","position":5,"name":"60 US Gallon Foam Hose Station"}]},{"@type":"WebSite","@id":"https:\/\/www.viking-emea.com\/tr\/#website","url":"https:\/\/www.viking-emea.com\/tr\/","name":"Viking EMEA","description":"Viking EMEA","potentialAction":[{"@type":"SearchAction","target":{"@type":"EntryPoint","urlTemplate":"https:\/\/www.viking-emea.com\/tr\/?s={search_term_string}"},"query-input":{"@type":"PropertyValueSpecification","valueRequired":true,"valueName":"search_term_string"}}],"inLanguage":"tr-TR"}]}},"_links":{"self":[{"href":"https:\/\/www.viking-emea.com\/tr\/wp-json\/wp\/v2\/product\/211965","targetHints":{"allow":["GET"]}}],"collection":[{"href":"https:\/\/www.viking-emea.com\/tr\/wp-json\/wp\/v2\/product"}],"about":[{"href":"https:\/\/www.viking-emea.com\/tr\/wp-json\/wp\/v2\/types\/product"}],"wp:featuredmedia":[{"embeddable":true,"href":"https:\/\/www.viking-emea.com\/tr\/wp-json\/wp\/v2\/media\/211949"}],"wp:attachment":[{"href":"https:\/\/www.viking-emea.com\/tr\/wp-json\/wp\/v2\/media?parent=211965"}],"wp:term":[{"taxonomy":"product_brand","embeddable":true,"href":"https:\/\/www.viking-emea.com\/tr\/wp-json\/wp\/v2\/product_brand?post=211965"},{"taxonomy":"product_tag","embeddable":true,"href":"https:\/\/www.viking-emea.com\/tr\/wp-json\/wp\/v2\/product_tag?post=211965"},{"taxonomy":"approvals","embeddable":true,"href":"https:\/\/www.viking-emea.com\/tr\/wp-json\/wp\/v2\/approvals?post=211965"}],"curies":[{"name":"wp","href":"https:\/\/api.w.org\/{rel}","templated":true}]}}