{"id":195255,"date":"2025-09-24T16:36:43","date_gmt":"2025-09-24T15:36:43","guid":{"rendered":"https:\/\/www.viking-emea.com\/product\/sha-cross-back-to-back\/"},"modified":"2025-11-27T13:12:55","modified_gmt":"2025-11-27T12:12:55","slug":"sha-cross-back-to-back","status":"publish","type":"product","link":"https:\/\/www.viking-emea.com\/tr\/product\/sha-cross-back-to-back\/","title":{"rendered":"SHA Cross (back to back)"},"content":{"rendered":"","protected":false},"excerpt":{"rendered":"<p>SHA Sprinkler Head Adapter cross &#8211; back to back with metal NPT thread insert<\/p>\n","protected":false},"featured_media":194078,"template":"","meta":{"_acf_changed":false,"content-type":""},"product_brand":[],"product_tag":[],"approvals":[284,287,292,295,4633],"class_list":{"0":"post-195255","1":"product","2":"type-product","3":"status-publish","4":"has-post-thumbnail","6":"product_cat-borulama-urunleri-tr","7":"product_cat-piping-fixing-products-tr","8":"product_cat-sprinkler-deluge-tr","9":"product-line-sprinkler-deluge-tr","10":"approvals-culus","11":"approvals-fm","12":"approvals-lpcb","13":"approvals-nsf","14":"approvals-wras","16":"first","17":"instock","18":"product-type-variable"},"acf":[],"yoast_head":"<!-- This site is optimized with the Yoast SEO plugin v27.3 - https:\/\/yoast.com\/product\/yoast-seo-wordpress\/ -->\n<title>SHA Cross (back to back) - Viking EMEA<\/title>\n<meta name=\"robots\" content=\"index, follow, max-snippet:-1, max-image-preview:large, max-video-preview:-1\" \/>\n<link rel=\"canonical\" href=\"https:\/\/www.viking-emea.com\/tr\/product\/sha-cross-back-to-back\/\" \/>\n<meta property=\"og:locale\" content=\"tr_TR\" \/>\n<meta property=\"og:type\" content=\"article\" \/>\n<meta property=\"og:title\" content=\"SHA Cross (back to back) - Viking EMEA\" \/>\n<meta property=\"og:description\" content=\"SHA Sprinkler Head Adapter cross - back to back with metal NPT thread insert\" \/>\n<meta property=\"og:url\" content=\"https:\/\/www.viking-emea.com\/tr\/product\/sha-cross-back-to-back\/\" \/>\n<meta property=\"og:site_name\" content=\"Viking EMEA\" \/>\n<meta property=\"article:modified_time\" content=\"2025-11-27T12:12:55+00:00\" \/>\n<meta property=\"og:image\" content=\"https:\/\/www.viking-emea.com\/app\/uploads\/2025\/09\/V50353SBIS-130.jpg\" \/>\n\t<meta property=\"og:image:width\" content=\"834\" \/>\n\t<meta property=\"og:image:height\" content=\"613\" \/>\n\t<meta property=\"og:image:type\" content=\"image\/jpeg\" \/>\n<meta name=\"twitter:card\" content=\"summary_large_image\" \/>\n<script type=\"application\/ld+json\" class=\"yoast-schema-graph\">{\"@context\":\"https:\\\/\\\/schema.org\",\"@graph\":[{\"@type\":\"WebPage\",\"@id\":\"https:\\\/\\\/www.viking-emea.com\\\/tr\\\/product\\\/sha-cross-back-to-back\\\/\",\"url\":\"https:\\\/\\\/www.viking-emea.com\\\/tr\\\/product\\\/sha-cross-back-to-back\\\/\",\"name\":\"SHA Cross (back to back) - Viking EMEA\",\"isPartOf\":{\"@id\":\"https:\\\/\\\/www.viking-emea.com\\\/tr\\\/#website\"},\"primaryImageOfPage\":{\"@id\":\"https:\\\/\\\/www.viking-emea.com\\\/tr\\\/product\\\/sha-cross-back-to-back\\\/#primaryimage\"},\"image\":{\"@id\":\"https:\\\/\\\/www.viking-emea.com\\\/tr\\\/product\\\/sha-cross-back-to-back\\\/#primaryimage\"},\"thumbnailUrl\":\"https:\\\/\\\/www.viking-emea.com\\\/app\\\/uploads\\\/2025\\\/09\\\/V50353SBIS-130.jpg\",\"datePublished\":\"2025-09-24T15:36:43+00:00\",\"dateModified\":\"2025-11-27T12:12:55+00:00\",\"breadcrumb\":{\"@id\":\"https:\\\/\\\/www.viking-emea.com\\\/tr\\\/product\\\/sha-cross-back-to-back\\\/#breadcrumb\"},\"inLanguage\":\"tr-TR\",\"potentialAction\":[{\"@type\":\"ReadAction\",\"target\":[\"https:\\\/\\\/www.viking-emea.com\\\/tr\\\/product\\\/sha-cross-back-to-back\\\/\"]}]},{\"@type\":\"ImageObject\",\"inLanguage\":\"tr-TR\",\"@id\":\"https:\\\/\\\/www.viking-emea.com\\\/tr\\\/product\\\/sha-cross-back-to-back\\\/#primaryimage\",\"url\":\"https:\\\/\\\/www.viking-emea.com\\\/app\\\/uploads\\\/2025\\\/09\\\/V50353SBIS-130.jpg\",\"contentUrl\":\"https:\\\/\\\/www.viking-emea.com\\\/app\\\/uploads\\\/2025\\\/09\\\/V50353SBIS-130.jpg\",\"width\":834,\"height\":613},{\"@type\":\"BreadcrumbList\",\"@id\":\"https:\\\/\\\/www.viking-emea.com\\\/tr\\\/product\\\/sha-cross-back-to-back\\\/#breadcrumb\",\"itemListElement\":[{\"@type\":\"ListItem\",\"position\":1,\"name\":\"Home\",\"item\":\"https:\\\/\\\/www.viking-emea.com\\\/tr\\\/\"},{\"@type\":\"ListItem\",\"position\":2,\"name\":\"Shop\",\"item\":\"https:\\\/\\\/www.viking-emea.com\\\/shop\\\/\"},{\"@type\":\"ListItem\",\"position\":3,\"name\":\"Sprinkler &amp; Deluge\",\"item\":\"https:\\\/\\\/www.viking-emea.com\\\/tr\\\/product-category\\\/sprinkler-deluge-tr\\\/\"},{\"@type\":\"ListItem\",\"position\":4,\"name\":\"Borulama ve Sabitleme \u00dcr\u00fcnleri\",\"item\":\"https:\\\/\\\/www.viking-emea.com\\\/tr\\\/product-category\\\/borulama-urunleri-tr\\\/\"},{\"@type\":\"ListItem\",\"position\":5,\"name\":\"CPVC, boru ba\u011flant\u0131 par\u00e7alar\u0131\",\"item\":\"https:\\\/\\\/www.viking-emea.com\\\/tr\\\/product-category\\\/piping-fixing-products-tr\\\/\"},{\"@type\":\"ListItem\",\"position\":6,\"name\":\"SHA Cross (back to back)\"}]},{\"@type\":\"WebSite\",\"@id\":\"https:\\\/\\\/www.viking-emea.com\\\/tr\\\/#website\",\"url\":\"https:\\\/\\\/www.viking-emea.com\\\/tr\\\/\",\"name\":\"Viking EMEA\",\"description\":\"Viking EMEA\",\"potentialAction\":[{\"@type\":\"SearchAction\",\"target\":{\"@type\":\"EntryPoint\",\"urlTemplate\":\"https:\\\/\\\/www.viking-emea.com\\\/tr\\\/?s={search_term_string}\"},\"query-input\":{\"@type\":\"PropertyValueSpecification\",\"valueRequired\":true,\"valueName\":\"search_term_string\"}}],\"inLanguage\":\"tr-TR\"}]}<\/script>\n<!-- \/ Yoast SEO plugin. -->","yoast_head_json":{"title":"SHA Cross (back to back) - Viking EMEA","robots":{"index":"index","follow":"follow","max-snippet":"max-snippet:-1","max-image-preview":"max-image-preview:large","max-video-preview":"max-video-preview:-1"},"canonical":"https:\/\/www.viking-emea.com\/tr\/product\/sha-cross-back-to-back\/","og_locale":"tr_TR","og_type":"article","og_title":"SHA Cross (back to back) - Viking EMEA","og_description":"SHA Sprinkler Head Adapter cross - back to back with metal NPT thread insert","og_url":"https:\/\/www.viking-emea.com\/tr\/product\/sha-cross-back-to-back\/","og_site_name":"Viking EMEA","article_modified_time":"2025-11-27T12:12:55+00:00","og_image":[{"width":834,"height":613,"url":"https:\/\/www.viking-emea.com\/app\/uploads\/2025\/09\/V50353SBIS-130.jpg","type":"image\/jpeg"}],"twitter_card":"summary_large_image","schema":{"@context":"https:\/\/schema.org","@graph":[{"@type":"WebPage","@id":"https:\/\/www.viking-emea.com\/tr\/product\/sha-cross-back-to-back\/","url":"https:\/\/www.viking-emea.com\/tr\/product\/sha-cross-back-to-back\/","name":"SHA Cross (back to back) - Viking EMEA","isPartOf":{"@id":"https:\/\/www.viking-emea.com\/tr\/#website"},"primaryImageOfPage":{"@id":"https:\/\/www.viking-emea.com\/tr\/product\/sha-cross-back-to-back\/#primaryimage"},"image":{"@id":"https:\/\/www.viking-emea.com\/tr\/product\/sha-cross-back-to-back\/#primaryimage"},"thumbnailUrl":"https:\/\/www.viking-emea.com\/app\/uploads\/2025\/09\/V50353SBIS-130.jpg","datePublished":"2025-09-24T15:36:43+00:00","dateModified":"2025-11-27T12:12:55+00:00","breadcrumb":{"@id":"https:\/\/www.viking-emea.com\/tr\/product\/sha-cross-back-to-back\/#breadcrumb"},"inLanguage":"tr-TR","potentialAction":[{"@type":"ReadAction","target":["https:\/\/www.viking-emea.com\/tr\/product\/sha-cross-back-to-back\/"]}]},{"@type":"ImageObject","inLanguage":"tr-TR","@id":"https:\/\/www.viking-emea.com\/tr\/product\/sha-cross-back-to-back\/#primaryimage","url":"https:\/\/www.viking-emea.com\/app\/uploads\/2025\/09\/V50353SBIS-130.jpg","contentUrl":"https:\/\/www.viking-emea.com\/app\/uploads\/2025\/09\/V50353SBIS-130.jpg","width":834,"height":613},{"@type":"BreadcrumbList","@id":"https:\/\/www.viking-emea.com\/tr\/product\/sha-cross-back-to-back\/#breadcrumb","itemListElement":[{"@type":"ListItem","position":1,"name":"Home","item":"https:\/\/www.viking-emea.com\/tr\/"},{"@type":"ListItem","position":2,"name":"Shop","item":"https:\/\/www.viking-emea.com\/shop\/"},{"@type":"ListItem","position":3,"name":"Sprinkler &amp; Deluge","item":"https:\/\/www.viking-emea.com\/tr\/product-category\/sprinkler-deluge-tr\/"},{"@type":"ListItem","position":4,"name":"Borulama ve Sabitleme \u00dcr\u00fcnleri","item":"https:\/\/www.viking-emea.com\/tr\/product-category\/borulama-urunleri-tr\/"},{"@type":"ListItem","position":5,"name":"CPVC, boru ba\u011flant\u0131 par\u00e7alar\u0131","item":"https:\/\/www.viking-emea.com\/tr\/product-category\/piping-fixing-products-tr\/"},{"@type":"ListItem","position":6,"name":"SHA Cross (back to back)"}]},{"@type":"WebSite","@id":"https:\/\/www.viking-emea.com\/tr\/#website","url":"https:\/\/www.viking-emea.com\/tr\/","name":"Viking EMEA","description":"Viking EMEA","potentialAction":[{"@type":"SearchAction","target":{"@type":"EntryPoint","urlTemplate":"https:\/\/www.viking-emea.com\/tr\/?s={search_term_string}"},"query-input":{"@type":"PropertyValueSpecification","valueRequired":true,"valueName":"search_term_string"}}],"inLanguage":"tr-TR"}]}},"_links":{"self":[{"href":"https:\/\/www.viking-emea.com\/tr\/wp-json\/wp\/v2\/product\/195255","targetHints":{"allow":["GET"]}}],"collection":[{"href":"https:\/\/www.viking-emea.com\/tr\/wp-json\/wp\/v2\/product"}],"about":[{"href":"https:\/\/www.viking-emea.com\/tr\/wp-json\/wp\/v2\/types\/product"}],"wp:featuredmedia":[{"embeddable":true,"href":"https:\/\/www.viking-emea.com\/tr\/wp-json\/wp\/v2\/media\/194078"}],"wp:attachment":[{"href":"https:\/\/www.viking-emea.com\/tr\/wp-json\/wp\/v2\/media?parent=195255"}],"wp:term":[{"taxonomy":"product_brand","embeddable":true,"href":"https:\/\/www.viking-emea.com\/tr\/wp-json\/wp\/v2\/product_brand?post=195255"},{"taxonomy":"product_tag","embeddable":true,"href":"https:\/\/www.viking-emea.com\/tr\/wp-json\/wp\/v2\/product_tag?post=195255"},{"taxonomy":"approvals","embeddable":true,"href":"https:\/\/www.viking-emea.com\/tr\/wp-json\/wp\/v2\/approvals?post=195255"}],"curies":[{"name":"wp","href":"https:\/\/api.w.org\/{rel}","templated":true}]}}