{"id":162961,"date":"2024-11-09T10:34:18","date_gmt":"2024-11-09T09:34:18","guid":{"rendered":"https:\/\/www.viking-emea.com\/product\/ps10-2\/"},"modified":"2025-11-27T13:24:27","modified_gmt":"2025-11-27T12:24:27","slug":"ps10-2","status":"publish","type":"product","link":"https:\/\/www.viking-emea.com\/tr\/product\/ps10-2\/","title":{"rendered":"PS10"},"content":{"rendered":"","protected":false},"excerpt":{"rendered":"<p>PS10 Pressure Switch<\/p>\n","protected":false},"featured_media":181568,"template":"","meta":{"_acf_changed":false,"content-type":""},"product_brand":[],"product_tag":[],"approvals":[276,277,279,283,284,287,292,303,304,307],"class_list":{"0":"post-162961","1":"product","2":"type-product","3":"status-publish","4":"has-post-thumbnail","6":"product_cat-alarm-cihazlari-ve-izleme-tr","7":"product_cat-basinc-anahtari-tr","8":"product_cat-sprinkler-deluge-tr","9":"product-line-sprinkler-deluge-tr","10":"approvals-atex","11":"approvals-california-state-fire-marshal","12":"approvals-ce","13":"approvals-cul","14":"approvals-culus","15":"approvals-fm","16":"approvals-lpcb","17":"approvals-ul","18":"approvals-ulc","19":"approvals-vds","21":"first","22":"instock","23":"shipping-taxable","24":"product-type-variable"},"acf":[],"yoast_head":"<!-- This site is optimized with the Yoast SEO plugin v27.3 - https:\/\/yoast.com\/product\/yoast-seo-wordpress\/ -->\n<title>PS10 - Viking EMEA<\/title>\n<meta name=\"robots\" content=\"index, follow, max-snippet:-1, max-image-preview:large, max-video-preview:-1\" \/>\n<link rel=\"canonical\" href=\"https:\/\/www.viking-emea.com\/tr\/product\/ps10-2\/\" \/>\n<meta property=\"og:locale\" content=\"tr_TR\" \/>\n<meta property=\"og:type\" content=\"article\" \/>\n<meta property=\"og:title\" content=\"PS10 - Viking EMEA\" \/>\n<meta property=\"og:description\" content=\"PS10 Pressure Switch\" \/>\n<meta property=\"og:url\" content=\"https:\/\/www.viking-emea.com\/tr\/product\/ps10-2\/\" \/>\n<meta property=\"og:site_name\" content=\"Viking EMEA\" \/>\n<meta property=\"article:modified_time\" content=\"2025-11-27T12:24:27+00:00\" \/>\n<meta property=\"og:image\" content=\"https:\/\/www.viking-emea.com\/app\/uploads\/2024\/11\/PS10-2.webp\" \/>\n\t<meta property=\"og:image:width\" content=\"256\" \/>\n\t<meta property=\"og:image:height\" content=\"287\" \/>\n\t<meta property=\"og:image:type\" content=\"image\/webp\" \/>\n<meta name=\"twitter:card\" content=\"summary_large_image\" \/>\n<script type=\"application\/ld+json\" class=\"yoast-schema-graph\">{\"@context\":\"https:\\\/\\\/schema.org\",\"@graph\":[{\"@type\":\"WebPage\",\"@id\":\"https:\\\/\\\/www.viking-emea.com\\\/tr\\\/product\\\/ps10-2\\\/\",\"url\":\"https:\\\/\\\/www.viking-emea.com\\\/tr\\\/product\\\/ps10-2\\\/\",\"name\":\"PS10 - Viking EMEA\",\"isPartOf\":{\"@id\":\"https:\\\/\\\/www.viking-emea.com\\\/tr\\\/#website\"},\"primaryImageOfPage\":{\"@id\":\"https:\\\/\\\/www.viking-emea.com\\\/tr\\\/product\\\/ps10-2\\\/#primaryimage\"},\"image\":{\"@id\":\"https:\\\/\\\/www.viking-emea.com\\\/tr\\\/product\\\/ps10-2\\\/#primaryimage\"},\"thumbnailUrl\":\"https:\\\/\\\/www.viking-emea.com\\\/app\\\/uploads\\\/2024\\\/11\\\/PS10-2.webp\",\"datePublished\":\"2024-11-09T09:34:18+00:00\",\"dateModified\":\"2025-11-27T12:24:27+00:00\",\"breadcrumb\":{\"@id\":\"https:\\\/\\\/www.viking-emea.com\\\/tr\\\/product\\\/ps10-2\\\/#breadcrumb\"},\"inLanguage\":\"tr-TR\",\"potentialAction\":[{\"@type\":\"ReadAction\",\"target\":[\"https:\\\/\\\/www.viking-emea.com\\\/tr\\\/product\\\/ps10-2\\\/\"]}]},{\"@type\":\"ImageObject\",\"inLanguage\":\"tr-TR\",\"@id\":\"https:\\\/\\\/www.viking-emea.com\\\/tr\\\/product\\\/ps10-2\\\/#primaryimage\",\"url\":\"https:\\\/\\\/www.viking-emea.com\\\/app\\\/uploads\\\/2024\\\/11\\\/PS10-2.webp\",\"contentUrl\":\"https:\\\/\\\/www.viking-emea.com\\\/app\\\/uploads\\\/2024\\\/11\\\/PS10-2.webp\",\"width\":256,\"height\":287},{\"@type\":\"BreadcrumbList\",\"@id\":\"https:\\\/\\\/www.viking-emea.com\\\/tr\\\/product\\\/ps10-2\\\/#breadcrumb\",\"itemListElement\":[{\"@type\":\"ListItem\",\"position\":1,\"name\":\"Home\",\"item\":\"https:\\\/\\\/www.viking-emea.com\\\/tr\\\/\"},{\"@type\":\"ListItem\",\"position\":2,\"name\":\"Shop\",\"item\":\"https:\\\/\\\/www.viking-emea.com\\\/shop\\\/\"},{\"@type\":\"ListItem\",\"position\":3,\"name\":\"Sprinkler &amp; Deluge\",\"item\":\"https:\\\/\\\/www.viking-emea.com\\\/tr\\\/product-category\\\/sprinkler-deluge-tr\\\/\"},{\"@type\":\"ListItem\",\"position\":4,\"name\":\"Alarm Cihazlar\u0131 ve \u0130zleme\",\"item\":\"https:\\\/\\\/www.viking-emea.com\\\/tr\\\/product-category\\\/alarm-cihazlari-ve-izleme-tr\\\/\"},{\"@type\":\"ListItem\",\"position\":5,\"name\":\"Bas\u0131n\u00e7 Anahtar\u0131\",\"item\":\"https:\\\/\\\/www.viking-emea.com\\\/tr\\\/product-category\\\/basinc-anahtari-tr\\\/\"},{\"@type\":\"ListItem\",\"position\":6,\"name\":\"PS10\"}]},{\"@type\":\"WebSite\",\"@id\":\"https:\\\/\\\/www.viking-emea.com\\\/tr\\\/#website\",\"url\":\"https:\\\/\\\/www.viking-emea.com\\\/tr\\\/\",\"name\":\"Viking EMEA\",\"description\":\"Viking EMEA\",\"potentialAction\":[{\"@type\":\"SearchAction\",\"target\":{\"@type\":\"EntryPoint\",\"urlTemplate\":\"https:\\\/\\\/www.viking-emea.com\\\/tr\\\/?s={search_term_string}\"},\"query-input\":{\"@type\":\"PropertyValueSpecification\",\"valueRequired\":true,\"valueName\":\"search_term_string\"}}],\"inLanguage\":\"tr-TR\"}]}<\/script>\n<!-- \/ Yoast SEO plugin. -->","yoast_head_json":{"title":"PS10 - Viking EMEA","robots":{"index":"index","follow":"follow","max-snippet":"max-snippet:-1","max-image-preview":"max-image-preview:large","max-video-preview":"max-video-preview:-1"},"canonical":"https:\/\/www.viking-emea.com\/tr\/product\/ps10-2\/","og_locale":"tr_TR","og_type":"article","og_title":"PS10 - Viking EMEA","og_description":"PS10 Pressure Switch","og_url":"https:\/\/www.viking-emea.com\/tr\/product\/ps10-2\/","og_site_name":"Viking EMEA","article_modified_time":"2025-11-27T12:24:27+00:00","og_image":[{"width":256,"height":287,"url":"https:\/\/www.viking-emea.com\/app\/uploads\/2024\/11\/PS10-2.webp","type":"image\/webp"}],"twitter_card":"summary_large_image","schema":{"@context":"https:\/\/schema.org","@graph":[{"@type":"WebPage","@id":"https:\/\/www.viking-emea.com\/tr\/product\/ps10-2\/","url":"https:\/\/www.viking-emea.com\/tr\/product\/ps10-2\/","name":"PS10 - Viking EMEA","isPartOf":{"@id":"https:\/\/www.viking-emea.com\/tr\/#website"},"primaryImageOfPage":{"@id":"https:\/\/www.viking-emea.com\/tr\/product\/ps10-2\/#primaryimage"},"image":{"@id":"https:\/\/www.viking-emea.com\/tr\/product\/ps10-2\/#primaryimage"},"thumbnailUrl":"https:\/\/www.viking-emea.com\/app\/uploads\/2024\/11\/PS10-2.webp","datePublished":"2024-11-09T09:34:18+00:00","dateModified":"2025-11-27T12:24:27+00:00","breadcrumb":{"@id":"https:\/\/www.viking-emea.com\/tr\/product\/ps10-2\/#breadcrumb"},"inLanguage":"tr-TR","potentialAction":[{"@type":"ReadAction","target":["https:\/\/www.viking-emea.com\/tr\/product\/ps10-2\/"]}]},{"@type":"ImageObject","inLanguage":"tr-TR","@id":"https:\/\/www.viking-emea.com\/tr\/product\/ps10-2\/#primaryimage","url":"https:\/\/www.viking-emea.com\/app\/uploads\/2024\/11\/PS10-2.webp","contentUrl":"https:\/\/www.viking-emea.com\/app\/uploads\/2024\/11\/PS10-2.webp","width":256,"height":287},{"@type":"BreadcrumbList","@id":"https:\/\/www.viking-emea.com\/tr\/product\/ps10-2\/#breadcrumb","itemListElement":[{"@type":"ListItem","position":1,"name":"Home","item":"https:\/\/www.viking-emea.com\/tr\/"},{"@type":"ListItem","position":2,"name":"Shop","item":"https:\/\/www.viking-emea.com\/shop\/"},{"@type":"ListItem","position":3,"name":"Sprinkler &amp; Deluge","item":"https:\/\/www.viking-emea.com\/tr\/product-category\/sprinkler-deluge-tr\/"},{"@type":"ListItem","position":4,"name":"Alarm Cihazlar\u0131 ve \u0130zleme","item":"https:\/\/www.viking-emea.com\/tr\/product-category\/alarm-cihazlari-ve-izleme-tr\/"},{"@type":"ListItem","position":5,"name":"Bas\u0131n\u00e7 Anahtar\u0131","item":"https:\/\/www.viking-emea.com\/tr\/product-category\/basinc-anahtari-tr\/"},{"@type":"ListItem","position":6,"name":"PS10"}]},{"@type":"WebSite","@id":"https:\/\/www.viking-emea.com\/tr\/#website","url":"https:\/\/www.viking-emea.com\/tr\/","name":"Viking EMEA","description":"Viking EMEA","potentialAction":[{"@type":"SearchAction","target":{"@type":"EntryPoint","urlTemplate":"https:\/\/www.viking-emea.com\/tr\/?s={search_term_string}"},"query-input":{"@type":"PropertyValueSpecification","valueRequired":true,"valueName":"search_term_string"}}],"inLanguage":"tr-TR"}]}},"_links":{"self":[{"href":"https:\/\/www.viking-emea.com\/tr\/wp-json\/wp\/v2\/product\/162961","targetHints":{"allow":["GET"]}}],"collection":[{"href":"https:\/\/www.viking-emea.com\/tr\/wp-json\/wp\/v2\/product"}],"about":[{"href":"https:\/\/www.viking-emea.com\/tr\/wp-json\/wp\/v2\/types\/product"}],"wp:featuredmedia":[{"embeddable":true,"href":"https:\/\/www.viking-emea.com\/tr\/wp-json\/wp\/v2\/media\/181568"}],"wp:attachment":[{"href":"https:\/\/www.viking-emea.com\/tr\/wp-json\/wp\/v2\/media?parent=162961"}],"wp:term":[{"taxonomy":"product_brand","embeddable":true,"href":"https:\/\/www.viking-emea.com\/tr\/wp-json\/wp\/v2\/product_brand?post=162961"},{"taxonomy":"product_tag","embeddable":true,"href":"https:\/\/www.viking-emea.com\/tr\/wp-json\/wp\/v2\/product_tag?post=162961"},{"taxonomy":"approvals","embeddable":true,"href":"https:\/\/www.viking-emea.com\/tr\/wp-json\/wp\/v2\/approvals?post=162961"}],"curies":[{"name":"wp","href":"https:\/\/api.w.org\/{rel}","templated":true}]}}