{"id":161897,"date":"2024-11-09T10:34:19","date_gmt":"2024-11-09T09:34:19","guid":{"rendered":"https:\/\/www.viking-emea.com\/product\/930-2\/"},"modified":"2024-11-25T14:05:51","modified_gmt":"2024-11-25T14:05:51","slug":"930-2","status":"publish","type":"product","link":"https:\/\/www.viking-emea.com\/tr\/product\/930-2\/","title":{"rendered":"930"},"content":{"rendered":"","protected":false},"excerpt":{"rendered":"","protected":false},"featured_media":181768,"template":"","meta":{"_acf_changed":false,"content-type":""},"product_brand":[],"product_tag":[],"approvals":[287,292,303,307],"class_list":{"0":"post-161897","1":"product","2":"type-product","3":"status-publish","4":"has-post-thumbnail","6":"product_cat-sprinkler-deluge-tr","7":"product_cat-yivli-baglantilar-te-tr","8":"product_cat-yivli-urunler-almanya-ve-ingiltere-tr","9":"product-line-sprinkler-deluge-tr","10":"approvals-fm","11":"approvals-lpcb","12":"approvals-ul","13":"approvals-vds","15":"first","16":"instock","17":"shipping-taxable","18":"product-type-simple"},"acf":[],"yoast_head":"<!-- This site is optimized with the Yoast SEO plugin v27.3 - https:\/\/yoast.com\/product\/yoast-seo-wordpress\/ -->\n<title>930 - Viking EMEA<\/title>\n<meta name=\"robots\" content=\"index, follow, max-snippet:-1, max-image-preview:large, max-video-preview:-1\" \/>\n<link rel=\"canonical\" href=\"https:\/\/www.viking-emea.com\/tr\/product\/930-2\/\" \/>\n<meta property=\"og:locale\" content=\"tr_TR\" \/>\n<meta property=\"og:type\" content=\"article\" \/>\n<meta property=\"og:title\" content=\"930 - Viking EMEA\" \/>\n<meta property=\"og:url\" content=\"https:\/\/www.viking-emea.com\/tr\/product\/930-2\/\" \/>\n<meta property=\"og:site_name\" content=\"Viking EMEA\" \/>\n<meta property=\"article:modified_time\" content=\"2024-11-25T14:05:51+00:00\" \/>\n<meta property=\"og:image\" content=\"https:\/\/www.viking-emea.com\/app\/uploads\/2024\/11\/Tee_130S_short-radius_red.webp\" \/>\n\t<meta property=\"og:image:width\" content=\"256\" \/>\n\t<meta property=\"og:image:height\" content=\"256\" \/>\n\t<meta property=\"og:image:type\" content=\"image\/webp\" \/>\n<meta name=\"twitter:card\" content=\"summary_large_image\" \/>\n<script type=\"application\/ld+json\" class=\"yoast-schema-graph\">{\"@context\":\"https:\\\/\\\/schema.org\",\"@graph\":[{\"@type\":\"WebPage\",\"@id\":\"https:\\\/\\\/www.viking-emea.com\\\/tr\\\/product\\\/930-2\\\/\",\"url\":\"https:\\\/\\\/www.viking-emea.com\\\/tr\\\/product\\\/930-2\\\/\",\"name\":\"930 - Viking EMEA\",\"isPartOf\":{\"@id\":\"https:\\\/\\\/www.viking-emea.com\\\/tr\\\/#website\"},\"primaryImageOfPage\":{\"@id\":\"https:\\\/\\\/www.viking-emea.com\\\/tr\\\/product\\\/930-2\\\/#primaryimage\"},\"image\":{\"@id\":\"https:\\\/\\\/www.viking-emea.com\\\/tr\\\/product\\\/930-2\\\/#primaryimage\"},\"thumbnailUrl\":\"https:\\\/\\\/www.viking-emea.com\\\/app\\\/uploads\\\/2024\\\/11\\\/Tee_130S_short-radius_red.webp\",\"datePublished\":\"2024-11-09T09:34:19+00:00\",\"dateModified\":\"2024-11-25T14:05:51+00:00\",\"breadcrumb\":{\"@id\":\"https:\\\/\\\/www.viking-emea.com\\\/tr\\\/product\\\/930-2\\\/#breadcrumb\"},\"inLanguage\":\"tr-TR\",\"potentialAction\":[{\"@type\":\"ReadAction\",\"target\":[\"https:\\\/\\\/www.viking-emea.com\\\/tr\\\/product\\\/930-2\\\/\"]}]},{\"@type\":\"ImageObject\",\"inLanguage\":\"tr-TR\",\"@id\":\"https:\\\/\\\/www.viking-emea.com\\\/tr\\\/product\\\/930-2\\\/#primaryimage\",\"url\":\"https:\\\/\\\/www.viking-emea.com\\\/app\\\/uploads\\\/2024\\\/11\\\/Tee_130S_short-radius_red.webp\",\"contentUrl\":\"https:\\\/\\\/www.viking-emea.com\\\/app\\\/uploads\\\/2024\\\/11\\\/Tee_130S_short-radius_red.webp\",\"width\":256,\"height\":256},{\"@type\":\"BreadcrumbList\",\"@id\":\"https:\\\/\\\/www.viking-emea.com\\\/tr\\\/product\\\/930-2\\\/#breadcrumb\",\"itemListElement\":[{\"@type\":\"ListItem\",\"position\":1,\"name\":\"Home\",\"item\":\"https:\\\/\\\/www.viking-emea.com\\\/tr\\\/\"},{\"@type\":\"ListItem\",\"position\":2,\"name\":\"Shop\",\"item\":\"https:\\\/\\\/www.viking-emea.com\\\/shop\\\/\"},{\"@type\":\"ListItem\",\"position\":3,\"name\":\"Sprinkler &amp; Deluge\",\"item\":\"https:\\\/\\\/www.viking-emea.com\\\/tr\\\/product-category\\\/sprinkler-deluge-tr\\\/\"},{\"@type\":\"ListItem\",\"position\":4,\"name\":\"Yivli \u00dcr\u00fcnler (Almanya ve \u0130ngiltere)\",\"item\":\"https:\\\/\\\/www.viking-emea.com\\\/tr\\\/product-category\\\/yivli-urunler-almanya-ve-ingiltere-tr\\\/\"},{\"@type\":\"ListItem\",\"position\":5,\"name\":\"Yivli Ba\u011flant\u0131lar, Te\",\"item\":\"https:\\\/\\\/www.viking-emea.com\\\/tr\\\/product-category\\\/yivli-baglantilar-te-tr\\\/\"},{\"@type\":\"ListItem\",\"position\":6,\"name\":\"930\"}]},{\"@type\":\"WebSite\",\"@id\":\"https:\\\/\\\/www.viking-emea.com\\\/tr\\\/#website\",\"url\":\"https:\\\/\\\/www.viking-emea.com\\\/tr\\\/\",\"name\":\"Viking EMEA\",\"description\":\"Viking EMEA\",\"potentialAction\":[{\"@type\":\"SearchAction\",\"target\":{\"@type\":\"EntryPoint\",\"urlTemplate\":\"https:\\\/\\\/www.viking-emea.com\\\/tr\\\/?s={search_term_string}\"},\"query-input\":{\"@type\":\"PropertyValueSpecification\",\"valueRequired\":true,\"valueName\":\"search_term_string\"}}],\"inLanguage\":\"tr-TR\"}]}<\/script>\n<!-- \/ Yoast SEO plugin. -->","yoast_head_json":{"title":"930 - Viking EMEA","robots":{"index":"index","follow":"follow","max-snippet":"max-snippet:-1","max-image-preview":"max-image-preview:large","max-video-preview":"max-video-preview:-1"},"canonical":"https:\/\/www.viking-emea.com\/tr\/product\/930-2\/","og_locale":"tr_TR","og_type":"article","og_title":"930 - Viking EMEA","og_url":"https:\/\/www.viking-emea.com\/tr\/product\/930-2\/","og_site_name":"Viking EMEA","article_modified_time":"2024-11-25T14:05:51+00:00","og_image":[{"width":256,"height":256,"url":"https:\/\/www.viking-emea.com\/app\/uploads\/2024\/11\/Tee_130S_short-radius_red.webp","type":"image\/webp"}],"twitter_card":"summary_large_image","schema":{"@context":"https:\/\/schema.org","@graph":[{"@type":"WebPage","@id":"https:\/\/www.viking-emea.com\/tr\/product\/930-2\/","url":"https:\/\/www.viking-emea.com\/tr\/product\/930-2\/","name":"930 - Viking EMEA","isPartOf":{"@id":"https:\/\/www.viking-emea.com\/tr\/#website"},"primaryImageOfPage":{"@id":"https:\/\/www.viking-emea.com\/tr\/product\/930-2\/#primaryimage"},"image":{"@id":"https:\/\/www.viking-emea.com\/tr\/product\/930-2\/#primaryimage"},"thumbnailUrl":"https:\/\/www.viking-emea.com\/app\/uploads\/2024\/11\/Tee_130S_short-radius_red.webp","datePublished":"2024-11-09T09:34:19+00:00","dateModified":"2024-11-25T14:05:51+00:00","breadcrumb":{"@id":"https:\/\/www.viking-emea.com\/tr\/product\/930-2\/#breadcrumb"},"inLanguage":"tr-TR","potentialAction":[{"@type":"ReadAction","target":["https:\/\/www.viking-emea.com\/tr\/product\/930-2\/"]}]},{"@type":"ImageObject","inLanguage":"tr-TR","@id":"https:\/\/www.viking-emea.com\/tr\/product\/930-2\/#primaryimage","url":"https:\/\/www.viking-emea.com\/app\/uploads\/2024\/11\/Tee_130S_short-radius_red.webp","contentUrl":"https:\/\/www.viking-emea.com\/app\/uploads\/2024\/11\/Tee_130S_short-radius_red.webp","width":256,"height":256},{"@type":"BreadcrumbList","@id":"https:\/\/www.viking-emea.com\/tr\/product\/930-2\/#breadcrumb","itemListElement":[{"@type":"ListItem","position":1,"name":"Home","item":"https:\/\/www.viking-emea.com\/tr\/"},{"@type":"ListItem","position":2,"name":"Shop","item":"https:\/\/www.viking-emea.com\/shop\/"},{"@type":"ListItem","position":3,"name":"Sprinkler &amp; Deluge","item":"https:\/\/www.viking-emea.com\/tr\/product-category\/sprinkler-deluge-tr\/"},{"@type":"ListItem","position":4,"name":"Yivli \u00dcr\u00fcnler (Almanya ve \u0130ngiltere)","item":"https:\/\/www.viking-emea.com\/tr\/product-category\/yivli-urunler-almanya-ve-ingiltere-tr\/"},{"@type":"ListItem","position":5,"name":"Yivli Ba\u011flant\u0131lar, Te","item":"https:\/\/www.viking-emea.com\/tr\/product-category\/yivli-baglantilar-te-tr\/"},{"@type":"ListItem","position":6,"name":"930"}]},{"@type":"WebSite","@id":"https:\/\/www.viking-emea.com\/tr\/#website","url":"https:\/\/www.viking-emea.com\/tr\/","name":"Viking EMEA","description":"Viking EMEA","potentialAction":[{"@type":"SearchAction","target":{"@type":"EntryPoint","urlTemplate":"https:\/\/www.viking-emea.com\/tr\/?s={search_term_string}"},"query-input":{"@type":"PropertyValueSpecification","valueRequired":true,"valueName":"search_term_string"}}],"inLanguage":"tr-TR"}]}},"_links":{"self":[{"href":"https:\/\/www.viking-emea.com\/tr\/wp-json\/wp\/v2\/product\/161897","targetHints":{"allow":["GET"]}}],"collection":[{"href":"https:\/\/www.viking-emea.com\/tr\/wp-json\/wp\/v2\/product"}],"about":[{"href":"https:\/\/www.viking-emea.com\/tr\/wp-json\/wp\/v2\/types\/product"}],"wp:featuredmedia":[{"embeddable":true,"href":"https:\/\/www.viking-emea.com\/tr\/wp-json\/wp\/v2\/media\/181768"}],"wp:attachment":[{"href":"https:\/\/www.viking-emea.com\/tr\/wp-json\/wp\/v2\/media?parent=161897"}],"wp:term":[{"taxonomy":"product_brand","embeddable":true,"href":"https:\/\/www.viking-emea.com\/tr\/wp-json\/wp\/v2\/product_brand?post=161897"},{"taxonomy":"product_tag","embeddable":true,"href":"https:\/\/www.viking-emea.com\/tr\/wp-json\/wp\/v2\/product_tag?post=161897"},{"taxonomy":"approvals","embeddable":true,"href":"https:\/\/www.viking-emea.com\/tr\/wp-json\/wp\/v2\/approvals?post=161897"}],"curies":[{"name":"wp","href":"https:\/\/api.w.org\/{rel}","templated":true}]}}