{"id":153411,"date":"2024-11-09T10:34:23","date_gmt":"2024-11-09T09:34:23","guid":{"rendered":"https:\/\/www.viking-emea.com\/product\/ekm-b-ax-2\/"},"modified":"2024-11-25T12:23:52","modified_gmt":"2024-11-25T12:23:52","slug":"ekm-b-ax-2","status":"publish","type":"product","link":"https:\/\/www.viking-emea.com\/tr\/product\/ekm-b-ax-2\/","title":{"rendered":"EKM-B-AX"},"content":{"rendered":"","protected":false},"excerpt":{"rendered":"","protected":false},"featured_media":19708,"template":"","meta":{"_acf_changed":false,"content-type":""},"product_brand":[],"product_tag":[],"approvals":[],"class_list":{"0":"post-153411","1":"product","2":"type-product","3":"status-publish","4":"has-post-thumbnail","6":"product_cat-elektrikli-kopuk-monitoru-tr","7":"product_cat-foam-systems-tr","8":"product_cat-monitorler-tr","9":"product-line-foam-systems-tr","11":"first","12":"outofstock","13":"shipping-taxable","14":"product-type-variable"},"acf":[],"yoast_head":"<!-- This site is optimized with the Yoast SEO plugin v27.2 - https:\/\/yoast.com\/product\/yoast-seo-wordpress\/ -->\n<title>EKM-B-AX - Viking EMEA<\/title>\n<meta name=\"robots\" content=\"index, follow, max-snippet:-1, max-image-preview:large, max-video-preview:-1\" \/>\n<link rel=\"canonical\" href=\"https:\/\/www.viking-emea.com\/tr\/product\/ekm-b-ax-2\/\" \/>\n<meta property=\"og:locale\" content=\"tr_TR\" \/>\n<meta property=\"og:type\" content=\"article\" \/>\n<meta property=\"og:title\" content=\"EKM-B-AX - Viking EMEA\" \/>\n<meta property=\"og:url\" content=\"https:\/\/www.viking-emea.com\/tr\/product\/ekm-b-ax-2\/\" \/>\n<meta property=\"og:site_name\" content=\"Viking EMEA\" \/>\n<meta property=\"article:modified_time\" content=\"2024-11-25T12:23:52+00:00\" \/>\n<meta property=\"og:image\" content=\"https:\/\/www.viking-emea.com\/app\/uploads\/2024\/09\/Electric_monitor_mJRfKUv.png\" \/>\n\t<meta property=\"og:image:width\" content=\"1460\" \/>\n\t<meta property=\"og:image:height\" content=\"1952\" \/>\n\t<meta property=\"og:image:type\" content=\"image\/png\" \/>\n<meta name=\"twitter:card\" content=\"summary_large_image\" \/>\n<script type=\"application\/ld+json\" class=\"yoast-schema-graph\">{\"@context\":\"https:\/\/schema.org\",\"@graph\":[{\"@type\":\"WebPage\",\"@id\":\"https:\/\/www.viking-emea.com\/tr\/product\/ekm-b-ax-2\/\",\"url\":\"https:\/\/www.viking-emea.com\/tr\/product\/ekm-b-ax-2\/\",\"name\":\"EKM-B-AX - Viking EMEA\",\"isPartOf\":{\"@id\":\"https:\/\/www.viking-emea.com\/tr\/#website\"},\"primaryImageOfPage\":{\"@id\":\"https:\/\/www.viking-emea.com\/tr\/product\/ekm-b-ax-2\/#primaryimage\"},\"image\":{\"@id\":\"https:\/\/www.viking-emea.com\/tr\/product\/ekm-b-ax-2\/#primaryimage\"},\"thumbnailUrl\":\"https:\/\/www.viking-emea.com\/app\/uploads\/2024\/09\/Electric_monitor_mJRfKUv.png\",\"datePublished\":\"2024-11-09T09:34:23+00:00\",\"dateModified\":\"2024-11-25T12:23:52+00:00\",\"breadcrumb\":{\"@id\":\"https:\/\/www.viking-emea.com\/tr\/product\/ekm-b-ax-2\/#breadcrumb\"},\"inLanguage\":\"tr-TR\",\"potentialAction\":[{\"@type\":\"ReadAction\",\"target\":[\"https:\/\/www.viking-emea.com\/tr\/product\/ekm-b-ax-2\/\"]}]},{\"@type\":\"ImageObject\",\"inLanguage\":\"tr-TR\",\"@id\":\"https:\/\/www.viking-emea.com\/tr\/product\/ekm-b-ax-2\/#primaryimage\",\"url\":\"https:\/\/www.viking-emea.com\/app\/uploads\/2024\/09\/Electric_monitor_mJRfKUv.png\",\"contentUrl\":\"https:\/\/www.viking-emea.com\/app\/uploads\/2024\/09\/Electric_monitor_mJRfKUv.png\",\"width\":1460,\"height\":1952},{\"@type\":\"BreadcrumbList\",\"@id\":\"https:\/\/www.viking-emea.com\/tr\/product\/ekm-b-ax-2\/#breadcrumb\",\"itemListElement\":[{\"@type\":\"ListItem\",\"position\":1,\"name\":\"Home\",\"item\":\"https:\/\/www.viking-emea.com\/tr\/\"},{\"@type\":\"ListItem\",\"position\":2,\"name\":\"Shop\",\"item\":\"https:\/\/www.viking-emea.com\/shop\/\"},{\"@type\":\"ListItem\",\"position\":3,\"name\":\"Foam Systems\",\"item\":\"https:\/\/www.viking-emea.com\/tr\/product-category\/foam-systems-tr\/\"},{\"@type\":\"ListItem\",\"position\":4,\"name\":\"Monit\u00f6rler\",\"item\":\"https:\/\/www.viking-emea.com\/tr\/product-category\/monitorler-tr\/\"},{\"@type\":\"ListItem\",\"position\":5,\"name\":\"Elektrikli K\u00f6p\u00fck Monit\u00f6r\u00fc\",\"item\":\"https:\/\/www.viking-emea.com\/tr\/product-category\/elektrikli-kopuk-monitoru-tr\/\"},{\"@type\":\"ListItem\",\"position\":6,\"name\":\"EKM-B-AX\"}]},{\"@type\":\"WebSite\",\"@id\":\"https:\/\/www.viking-emea.com\/tr\/#website\",\"url\":\"https:\/\/www.viking-emea.com\/tr\/\",\"name\":\"Viking EMEA\",\"description\":\"Viking EMEA\",\"potentialAction\":[{\"@type\":\"SearchAction\",\"target\":{\"@type\":\"EntryPoint\",\"urlTemplate\":\"https:\/\/www.viking-emea.com\/tr\/?s={search_term_string}\"},\"query-input\":{\"@type\":\"PropertyValueSpecification\",\"valueRequired\":true,\"valueName\":\"search_term_string\"}}],\"inLanguage\":\"tr-TR\"}]}<\/script>\n<!-- \/ Yoast SEO plugin. -->","yoast_head_json":{"title":"EKM-B-AX - Viking EMEA","robots":{"index":"index","follow":"follow","max-snippet":"max-snippet:-1","max-image-preview":"max-image-preview:large","max-video-preview":"max-video-preview:-1"},"canonical":"https:\/\/www.viking-emea.com\/tr\/product\/ekm-b-ax-2\/","og_locale":"tr_TR","og_type":"article","og_title":"EKM-B-AX - Viking EMEA","og_url":"https:\/\/www.viking-emea.com\/tr\/product\/ekm-b-ax-2\/","og_site_name":"Viking EMEA","article_modified_time":"2024-11-25T12:23:52+00:00","og_image":[{"width":1460,"height":1952,"url":"https:\/\/www.viking-emea.com\/app\/uploads\/2024\/09\/Electric_monitor_mJRfKUv.png","type":"image\/png"}],"twitter_card":"summary_large_image","schema":{"@context":"https:\/\/schema.org","@graph":[{"@type":"WebPage","@id":"https:\/\/www.viking-emea.com\/tr\/product\/ekm-b-ax-2\/","url":"https:\/\/www.viking-emea.com\/tr\/product\/ekm-b-ax-2\/","name":"EKM-B-AX - Viking EMEA","isPartOf":{"@id":"https:\/\/www.viking-emea.com\/tr\/#website"},"primaryImageOfPage":{"@id":"https:\/\/www.viking-emea.com\/tr\/product\/ekm-b-ax-2\/#primaryimage"},"image":{"@id":"https:\/\/www.viking-emea.com\/tr\/product\/ekm-b-ax-2\/#primaryimage"},"thumbnailUrl":"https:\/\/www.viking-emea.com\/app\/uploads\/2024\/09\/Electric_monitor_mJRfKUv.png","datePublished":"2024-11-09T09:34:23+00:00","dateModified":"2024-11-25T12:23:52+00:00","breadcrumb":{"@id":"https:\/\/www.viking-emea.com\/tr\/product\/ekm-b-ax-2\/#breadcrumb"},"inLanguage":"tr-TR","potentialAction":[{"@type":"ReadAction","target":["https:\/\/www.viking-emea.com\/tr\/product\/ekm-b-ax-2\/"]}]},{"@type":"ImageObject","inLanguage":"tr-TR","@id":"https:\/\/www.viking-emea.com\/tr\/product\/ekm-b-ax-2\/#primaryimage","url":"https:\/\/www.viking-emea.com\/app\/uploads\/2024\/09\/Electric_monitor_mJRfKUv.png","contentUrl":"https:\/\/www.viking-emea.com\/app\/uploads\/2024\/09\/Electric_monitor_mJRfKUv.png","width":1460,"height":1952},{"@type":"BreadcrumbList","@id":"https:\/\/www.viking-emea.com\/tr\/product\/ekm-b-ax-2\/#breadcrumb","itemListElement":[{"@type":"ListItem","position":1,"name":"Home","item":"https:\/\/www.viking-emea.com\/tr\/"},{"@type":"ListItem","position":2,"name":"Shop","item":"https:\/\/www.viking-emea.com\/shop\/"},{"@type":"ListItem","position":3,"name":"Foam Systems","item":"https:\/\/www.viking-emea.com\/tr\/product-category\/foam-systems-tr\/"},{"@type":"ListItem","position":4,"name":"Monit\u00f6rler","item":"https:\/\/www.viking-emea.com\/tr\/product-category\/monitorler-tr\/"},{"@type":"ListItem","position":5,"name":"Elektrikli K\u00f6p\u00fck Monit\u00f6r\u00fc","item":"https:\/\/www.viking-emea.com\/tr\/product-category\/elektrikli-kopuk-monitoru-tr\/"},{"@type":"ListItem","position":6,"name":"EKM-B-AX"}]},{"@type":"WebSite","@id":"https:\/\/www.viking-emea.com\/tr\/#website","url":"https:\/\/www.viking-emea.com\/tr\/","name":"Viking EMEA","description":"Viking EMEA","potentialAction":[{"@type":"SearchAction","target":{"@type":"EntryPoint","urlTemplate":"https:\/\/www.viking-emea.com\/tr\/?s={search_term_string}"},"query-input":{"@type":"PropertyValueSpecification","valueRequired":true,"valueName":"search_term_string"}}],"inLanguage":"tr-TR"}]}},"_links":{"self":[{"href":"https:\/\/www.viking-emea.com\/tr\/wp-json\/wp\/v2\/product\/153411","targetHints":{"allow":["GET"]}}],"collection":[{"href":"https:\/\/www.viking-emea.com\/tr\/wp-json\/wp\/v2\/product"}],"about":[{"href":"https:\/\/www.viking-emea.com\/tr\/wp-json\/wp\/v2\/types\/product"}],"wp:featuredmedia":[{"embeddable":true,"href":"https:\/\/www.viking-emea.com\/tr\/wp-json\/wp\/v2\/media\/19708"}],"wp:attachment":[{"href":"https:\/\/www.viking-emea.com\/tr\/wp-json\/wp\/v2\/media?parent=153411"}],"wp:term":[{"taxonomy":"product_brand","embeddable":true,"href":"https:\/\/www.viking-emea.com\/tr\/wp-json\/wp\/v2\/product_brand?post=153411"},{"taxonomy":"product_tag","embeddable":true,"href":"https:\/\/www.viking-emea.com\/tr\/wp-json\/wp\/v2\/product_tag?post=153411"},{"taxonomy":"approvals","embeddable":true,"href":"https:\/\/www.viking-emea.com\/tr\/wp-json\/wp\/v2\/approvals?post=153411"}],"curies":[{"name":"wp","href":"https:\/\/api.w.org\/{rel}","templated":true}]}}