{"id":5563,"date":"2024-11-13T08:34:41","date_gmt":"2024-11-13T07:34:41","guid":{"rendered":"https:\/\/www.viking-emea.com\/?page_id=5563"},"modified":"2024-11-14T13:01:42","modified_gmt":"2024-11-14T13:01:42","slug":"steelwork-water-mist","status":"publish","type":"page","link":"https:\/\/www.viking-emea.com\/pl\/industry-solutions\/steelwork-water-mist\/","title":{"rendered":"Steelwork Facility"},"content":{"rendered":"\n<div class=\"wp-block-group alignfull is-layout-constrained wp-container-core-group-is-layout-d22ff40a wp-block-group-is-layout-constrained\" style=\"padding-top:0px;padding-right:0px;padding-bottom:0px;padding-left:0px\">\n\t<section class=\"hero\">\n\t\t<div class=\"hero__slider swiper\" data-hero-slider>\n\t\t\t<div class=\"swiper-wrapper\">\n\t\t\t\t\t\t\t\t\n\t\t\t\t<div \n\t\t\t\tclass=\"swiper-slide\">\n\t\t\t\t<div class=\"hero__slide\" data-color=\"#ffd200\" data-gradient=\"purple\">\n\t\t\t\t\t\t\t\t\t\t\t<div class=\"hero__content\">\n\t\t\t\t\t\t\t<div class=\"container\">\n\t\t\t\t\t\t\t\t<div class=\"hero__title\">\n\t\t\t\t\t\t\t\t\t<h2 class=\"hero__title__text text-3xl\" id=\"\">Steelwork facility protection<\/h2>\n\t\t\t\t\t\t\t\t<\/div>\n\t\t\t\t\t\t\t<\/div>\n\t\t\t\t\t\t<\/div>\n\t\t\t\t\t\n\t\t\t\t\t<picture class=\"hero__image\">\n\t\t\t\t\t\t<img decoding=\"async\" src=\"https:\/\/www.viking-emea.com\/app\/uploads\/2024\/11\/HeroBannerPix_2000x500_Steel_Works-1-2000x500-c-default.webp\"\n\t\t\t\t\t\t\t alt=\"Steelwork facility protection\"\n\t\t\t\t\t\t\t srcset=\"https:\/\/www.viking-emea.com\/app\/uploads\/2024\/11\/HeroBannerPix_2000x500_Steel_Works-1-2000x500-c-default.webp 1x\">\n\t\t\t\t\t<\/picture>\n\t\t\t\t<\/div>\n\t\t\t<\/div>\n\t\t\t\t\t<\/div>\n\t\t<\/div>\n\n\t\t\n\t\t<div class=\"hero__gradient\">\n\t\t\t<div class=\"hero__gradient__inner\" data-hero-gradient><\/div>\n\t\t<\/div>\n\n\t\t<div class=\"hero__color\">\n\t\t\t<div class=\"hero__color__inner\" data-hero-color><\/div>\n\t\t<\/div>\n\t<\/section>\n\n<\/div>\n\n\n\n<div class=\"wp-block-group is-layout-constrained wp-container-core-group-is-layout-48dbd97c wp-block-group-is-layout-constrained\" style=\"padding-right:0px;padding-left:0px\">\n<div class=\"wp-block-columns is-style-toc-columns is-layout-flex wp-container-core-columns-is-layout-dfcdbb8e wp-block-columns-is-layout-flex\">\n<div class=\"wp-block-column is-layout-flow wp-block-column-is-layout-flow\" style=\"flex-basis:25%\"><div class=\"section-tracker\">\n\t<ul class=\"section-tracker__list\"><\/ul>\n<\/div>\n<\/div>\n\n\n\n<div class=\"wp-block-column is-layout-flow wp-block-column-is-layout-flow\" style=\"flex-basis:75%\">\n<div id=\"about\" class=\"wp-block-group is-style-text-technologies is-layout-constrained wp-container-core-group-is-layout-b3f79d73 wp-block-group-is-layout-constrained\" style=\"margin-top:0;margin-bottom:var(--wp--preset--spacing--108);padding-top:var(--wp--preset--spacing--0-24);padding-right:25px;padding-bottom:0;padding-left:25px\">\n<h2 class=\"wp-block-heading has-xx-large-font-size\" style=\"margin-bottom:32px;font-style:normal;font-weight:600\">ProCon water mist system for steelworks<\/h2>\n\n\n\n<h2 class=\"wp-block-heading has-large-font-size\" style=\"margin-bottom:16px;padding-bottom:0;font-style:normal;font-weight:600;line-height:1.16\">A comprehensive fire protection system for steelworks<\/h2>\n\n\n\n<p class=\"has-base-font-size\" style=\"margin-top:0;margin-bottom:var(--wp--preset--spacing--0-24);line-height:1.3\">Fire protection is of utmost importance in any building, as it ensures the safety of the facility, the well-being of the employees and reduces the risk of prolonged business interruption. Viking water mist systems are well suited for the various risks that can be found within such facilities, ensuring effective protection of all areas.<\/p>\n\n\n\n<p class=\"has-base-font-size\" style=\"margin-bottom:24px;line-height:1.3\">Features &amp; advantages:<\/p>\n\n\n\n<ul style=\"margin-bottom:20px;padding-bottom:0\" class=\"wp-block-list\">\n<li class=\"has-base-font-size\" style=\"line-height:1.7\">Low water consumption and discharge reduce the chance of significant water damage to expensive machinery and infrastructure<\/li>\n\n\n\n<li class=\"has-base-font-size\" style=\"line-height:1.7\">Space saving components allow owners to maximize space<\/li>\n\n\n\n<li class=\"has-base-font-size\" style=\"line-height:1.7\">Small pipe diameters and concealed nozzles serve for efficient and discreet solutions where needed<\/li>\n\n\n\n<li class=\"has-base-font-size\" style=\"line-height:1.7\">Electric pumps require less maintenance than diesel fire pumps, saving time and money on testing requirements<\/li>\n\n\n\n<li class=\"has-base-font-size\" style=\"line-height:1.7\">Controlling heat in a fire situation reduces radiation and as such the potential fire spread to adjoining manufacturing areas<\/li>\n\n\n\n<li class=\"has-base-font-size\" style=\"line-height:1.7\">The system comes with low cost of ownership<\/li>\n<\/ul>\n\n\n\n<p class=\"has-base-font-size\" style=\"margin-top:0;margin-bottom:var(--wp--preset--spacing--0-24);padding-top:0;line-height:1.3\">The ProCon PC-M water mist system:<\/p>\n\n\n\n<ul class=\"wp-block-list\">\n<li class=\"has-base-font-size\" style=\"line-height:1.7\">has successfully passed the rigorous 3rd party testing protocols set by VdS<\/li>\n\n\n\n<li class=\"has-base-font-size\" style=\"line-height:1.7\">complies with the requirements of EN14972-1:2020 as published by CEN<\/li>\n<\/ul>\n<\/div>\n\n\n\n<div id=\"procon-provides-peace-of-mind\" class=\"wp-block-group is-style-text-technologies has-gray-100-background-color has-background is-layout-constrained wp-container-core-group-is-layout-f966dea3 wp-block-group-is-layout-constrained\" style=\"margin-top:0;margin-bottom:0;padding-top:var(--wp--preset--spacing--48-24);padding-right:25px;padding-bottom:var(--wp--preset--spacing--48-24);padding-left:25px\">\n<h2 class=\"wp-block-heading has-xx-large-font-size\" style=\"margin-bottom:32px;font-style:normal;font-weight:600\">ProCon provides peace of mind<\/h2>\n\n\n\n<p class=\"has-base-font-size\" style=\"margin-bottom:24px;line-height:1.3\">Steelworks can pose complicated fire risks. Manufacturing processes taking place in high-heat environments require a complex design of building and infrastructure.<\/p>\n\n\n\n<p class=\"has-base-font-size\" style=\"margin-bottom:0;line-height:1.3\">When installing water mist systems, operators can comply with building regulations, ensuring a compliant, safe working environment. Asset protection, employee safety and business continuity are maintained.<\/p>\n\n\n\n<p class=\"has-base-font-size\" style=\"margin-bottom:0;padding-bottom:var(--wp--preset--spacing--64-24);line-height:1.3\"><strong>Fire-safe environments and working<\/strong> should be the goal for all building owners. Water mist systems offer <strong>a proven solution<\/strong> that is clean, cost-effective and that reduces risk &#8211; giving owners peace of mind.<\/p>\n\n\n\n<div class=\"wp-block-buttons is-layout-flex wp-block-buttons-is-layout-flex\" style=\"margin-top:0\">\n<div class=\"wp-block-button has-custom-font-size has-base-font-size\" style=\"font-style:normal;font-weight:600;line-height:1.3\"><a class=\"wp-block-button__link wp-element-button\" href=\"https:\/\/www.viking-emea.com\/app\/uploads\/2024\/11\/viking_documents_2024-11-13_0779eb78-f1c4-4704-8f41-fcbb40e190d6.zip\" style=\"padding-top:7px;padding-right:12px;padding-bottom:7px;padding-left:12px\">Wi\u0119cej informacji<\/a><\/div>\n<\/div>\n<\/div>\n\n\n\n<div id=\"product-spotlight\" class=\"wp-block-group is-style-text-with-image-on-background is-layout-constrained wp-block-group-is-layout-constrained\" style=\"margin-bottom:0\">\n<div class=\"wp-block-columns is-layout-flex wp-container-core-columns-is-layout-6127943d wp-block-columns-is-layout-flex\">\n<div class=\"wp-block-column is-layout-flow wp-block-column-is-layout-flow\">\n<h2 class=\"wp-block-heading has-xx-large-font-size\" style=\"margin-bottom:32px;font-style:normal;font-weight:600\">Product spotlight<\/h2>\n\n\n\n<p class=\"has-base-font-size\" style=\"margin-bottom:24px;line-height:1.3\">The ProCon PC-M system makes use of <strong>impulse nozzles of type MXID or swirl nozzles of type MXDD.<\/strong> The design of the PC-M nozzles and integrated strainer allows the use of standard galvanised pipes so expensive speciality piping systems are not required. The use of specially treated extinguishing water can also be avoided. A cap with retaining chain can protect the nozzle from outside contamination in particularly dirty environments such as surrounding conveyor belts.<\/p>\n\n\n\n<p class=\"has-base-font-size\" style=\"margin-bottom:24px;line-height:1.3\">The ProCon PC-M system creates fine droplets thus increasing the contact area for heat transfer and thereby optimising the cooling effect of the water. In addition \u2013 due to rapid vaporisation of the small water droplets within the location of the flame \u2013 a large amount of steam is produced, which prevents the oxygen from reaching the fire. An effective combination for rapid control and suppression of a fire. In addition, the smaller water droplets minimise the equipment distortion arising from the increase in heat.<\/p>\n<\/div>\n\n\n\n<div class=\"wp-block-column is-vertically-aligned-top is-layout-flow wp-block-column-is-layout-flow\" style=\"padding-top:0\">\n<figure class=\"wp-block-image aligncenter size-full\"><img loading=\"lazy\" decoding=\"async\" width=\"900\" height=\"560\" src=\"https:\/\/www.viking-emea.com\/app\/uploads\/2024\/11\/ProCon_PC-M_MXID_ImpulseNozzle_900x560px.webp\" alt=\"\" class=\"wp-image-2894\" style=\"aspect-ratio:16\/9;object-fit:contain\" srcset=\"https:\/\/www.viking-emea.com\/app\/uploads\/2024\/11\/ProCon_PC-M_MXID_ImpulseNozzle_900x560px.webp 900w, https:\/\/www.viking-emea.com\/app\/uploads\/2024\/11\/ProCon_PC-M_MXID_ImpulseNozzle_900x560px-300x187.webp 300w, https:\/\/www.viking-emea.com\/app\/uploads\/2024\/11\/ProCon_PC-M_MXID_ImpulseNozzle_900x560px-768x478.webp 768w, https:\/\/www.viking-emea.com\/app\/uploads\/2024\/11\/ProCon_PC-M_MXID_ImpulseNozzle_900x560px-600x373.webp 600w\" sizes=\"auto, (max-width: 900px) 100vw, 900px\" \/><\/figure>\n\n\n\n<p class=\"has-text-align-center has-base-font-size\" style=\"margin-top:0;padding-top:16px;line-height:1.3\">ProCon PC-M MXID impulse nozzle<\/p>\n<\/div>\n<\/div>\n<\/div>\n\n\n\n<div class=\"wp-block-group is-style-text-technologies has-gray-100-background-color has-background is-layout-constrained wp-container-core-group-is-layout-0f5b5637 wp-block-group-is-layout-constrained\" style=\"padding-top:48px;padding-right:25px;padding-bottom:var(--wp--preset--spacing--108);padding-left:25px\">\n<p class=\"has-base-font-size\"><em>Image source: Shutterstock<\/em><\/p>\n<\/div>\n<\/div>\n<\/div>\n<\/div>\n\n\n\n<div class=\"wp-block-group alignfull is-style-share-page has-primary-background-color has-background is-layout-constrained wp-container-core-group-is-layout-05985797 wp-block-group-is-layout-constrained\" style=\"padding-top:24px;padding-right:96px;padding-bottom:24px;padding-left:96px\">\n\n<section class=\"share-page\">\n\t<div class=\"container\">\n\t\t<div class=\"share-page__wrapper\">\n\t\t\t<span class=\"text-base\">Podoba\u0142a Ci si\u0119 ta zawarto\u015b\u0107? Udost\u0119pnij j\u0105!<\/span>\n\t\t\t<div class=\"share-page__buttons\">\n\t\t\t\t<a class=\"share-page__button share-page__button--linkedin\"\n\t\t\t\t   href=\"https:\/\/www.linkedin.com\/shareArticle?mini=true&#038;url=https:\/\/www.viking-emea.com\/pl\/industry-solutions\/steelwork-water-mist\/\">\n\t\t\t\t\t<svg class=\"h-full w-full\" viewBox=\"0 0 16 16\" fill=\"#164194\">\n\t<path fill-rule=\"evenodd\" clip-rule=\"evenodd\"\n\t\t  d=\"M3.26245 5.33333H0.242623C0.108598 5.33333 0 5.4471 0 5.58739V15.7459C0 15.8863 0.108598 16 0.242623 16H3.26245C3.39648 16 3.50508 15.8863 3.50508 15.7459V5.58739C3.50508 5.4471 3.39648 5.33333 3.26245 5.33333ZM1.75324 0C0.786496 0 0 0.797345 0 1.77741C0 2.75791 0.786496 3.55556 1.75324 3.55556C2.71922 3.55556 3.50508 2.75786 3.50508 1.77741C3.50512 0.797345 2.71922 0 1.75324 0ZM11.6691 5.33333C10.3796 5.33333 9.42638 5.86667 8.84821 6.47268V5.82815C8.84821 5.69111 8.73276 5.57997 8.59026 5.57997H5.51557C5.37307 5.57997 5.25762 5.69111 5.25762 5.82815V15.7518C5.25762 15.8889 5.37307 16 5.51557 16H8.71914C8.86163 16 8.97709 15.8889 8.97709 15.7518V10.8419C8.97709 9.18737 9.44418 8.54279 10.6429 8.54279C11.9484 8.54279 12.0522 9.57612 12.0522 10.927V15.7518C12.0522 15.8889 12.1677 16 12.3101 16H15.5149C15.6574 16 15.7729 15.8889 15.7729 15.7518V10.3085C15.7729 7.84834 15.2853 5.33333 11.6691 5.33333Z\"><\/path>\n<\/svg>\n\t\t\t\t<\/a>\n\n\t\t\t\t<a href=\"mailto:?subject=Viking EMEA&#038;body=https:\/\/www.viking-emea.com\/pl\/industry-solutions\/steelwork-water-mist\/\" class=\"share-page__button\">\n\t\t\t\t\t<svg xmlns=\"http:\/\/www.w3.org\/2000\/svg\" width=\"24\" height=\"24\" viewBox=\"0 0 24 24\" fill=\"none\" stroke=\"currentColor\"\n\t stroke-width=\"2\" stroke-linecap=\"round\" stroke-linejoin=\"round\">\n\t<path d=\"M4 4h16c1.1 0 2 .9 2 2v12c0 1.1-.9 2-2 2H4c-1.1 0-2-.9-2-2V6c0-1.1.9-2 2-2z\"><\/path>\n\t<polyline points=\"22,6 12,13 2,6\"><\/polyline>\n<\/svg>\n\t\t\t\t<\/a>\n\n\t\t\t\t<button data-clipboard-text=\"https:\/\/www.viking-emea.com\/pl\/industry-solutions\/steelwork-water-mist\/\" class=\"share-page__button\">\n\t\t\t\t\t<svg xmlns=\"http:\/\/www.w3.org\/2000\/svg\" width=\"24\" height=\"24\" viewBox=\"0 0 24 24\" fill=\"none\" stroke=\"currentColor\"\n\t stroke-width=\"2\" stroke-linecap=\"round\" stroke-linejoin=\"round\">\n\t<path d=\"M10 13a5 5 0 0 0 7.54.54l3-3a5 5 0 0 0-7.07-7.07l-1.72 1.71\"><\/path>\n\t<path d=\"M14 11a5 5 0 0 0-7.54-.54l-3 3a5 5 0 0 0 7.07 7.07l1.71-1.71\"><\/path>\n<\/svg>\n\t\t\t\t<\/button>\n\t\t\t<\/div>\n\t\t<\/div>\n\t<\/div>\n<\/section>\n\n\n\n<button data-button-scroll-top class=\"button-scroll-top\">\n\t<svg xmlns=\"http:\/\/www.w3.org\/2000\/svg\" width=\"24\" height=\"24\" viewBox=\"0 0 24 24\" fill=\"none\" stroke=\"currentColor\"\n\t\t stroke-width=\"2\" stroke-linecap=\"round\" stroke-linejoin=\"round\" class=\"text-primary-900\">\n\t\t<line x1=\"12\" y1=\"19\" x2=\"12\" y2=\"5\"><\/line>\n\t\t<polyline points=\"5 12 12 5 19 12\"><\/polyline>\n\t<\/svg>\n<\/button>\n<\/div>\n","protected":false},"excerpt":{"rendered":"<p>ProCon system for steelwork facility protection<\/p>\n","protected":false},"author":1771,"featured_media":0,"parent":4523,"menu_order":0,"comment_status":"closed","ping_status":"closed","template":"","meta":{"_acf_changed":false,"content-type":"","footnotes":""},"search-group":[121],"class_list":["post-5563","page","type-page","status-publish","hentry","search-group-industry-solutions"],"acf":[],"yoast_head":"<!-- This site is optimized with the Yoast SEO plugin v27.3 - https:\/\/yoast.com\/product\/yoast-seo-wordpress\/ -->\n<title>Steelwork Facility - Viking EMEA<\/title>\n<meta name=\"robots\" content=\"index, follow, max-snippet:-1, max-image-preview:large, max-video-preview:-1\" \/>\n<link rel=\"canonical\" href=\"https:\/\/www.viking-emea.com\/pl\/industry-solutions\/steelwork-water-mist\/\" \/>\n<meta property=\"og:locale\" content=\"pl_PL\" \/>\n<meta property=\"og:type\" content=\"article\" \/>\n<meta property=\"og:title\" content=\"Steelwork Facility - Viking EMEA\" \/>\n<meta property=\"og:description\" content=\"ProCon system for steelwork facility protection\" \/>\n<meta property=\"og:url\" content=\"https:\/\/www.viking-emea.com\/pl\/industry-solutions\/steelwork-water-mist\/\" \/>\n<meta property=\"og:site_name\" content=\"Viking EMEA\" \/>\n<meta property=\"article:modified_time\" content=\"2024-11-14T13:01:42+00:00\" \/>\n<meta property=\"og:image\" content=\"https:\/\/www.viking-emea.com\/app\/uploads\/2024\/11\/ProCon_PC-M_MXID_ImpulseNozzle_900x560px.webp\" \/>\n<meta name=\"twitter:card\" content=\"summary_large_image\" \/>\n<meta name=\"twitter:label1\" content=\"Est. reading time\" \/>\n\t<meta name=\"twitter:data1\" content=\"3 minutes\" \/>\n<script type=\"application\/ld+json\" class=\"yoast-schema-graph\">{\"@context\":\"https:\\\/\\\/schema.org\",\"@graph\":[{\"@type\":\"WebPage\",\"@id\":\"https:\\\/\\\/www.viking-emea.com\\\/pl\\\/industry-solutions\\\/steelwork-water-mist\\\/\",\"url\":\"https:\\\/\\\/www.viking-emea.com\\\/pl\\\/industry-solutions\\\/steelwork-water-mist\\\/\",\"name\":\"Steelwork Facility - Viking EMEA\",\"isPartOf\":{\"@id\":\"https:\\\/\\\/www.viking-emea.com\\\/pl\\\/#website\"},\"primaryImageOfPage\":{\"@id\":\"https:\\\/\\\/www.viking-emea.com\\\/pl\\\/industry-solutions\\\/steelwork-water-mist\\\/#primaryimage\"},\"image\":{\"@id\":\"https:\\\/\\\/www.viking-emea.com\\\/pl\\\/industry-solutions\\\/steelwork-water-mist\\\/#primaryimage\"},\"thumbnailUrl\":\"https:\\\/\\\/www.viking-emea.com\\\/app\\\/uploads\\\/2024\\\/11\\\/ProCon_PC-M_MXID_ImpulseNozzle_900x560px.webp\",\"datePublished\":\"2024-11-13T07:34:41+00:00\",\"dateModified\":\"2024-11-14T13:01:42+00:00\",\"breadcrumb\":{\"@id\":\"https:\\\/\\\/www.viking-emea.com\\\/pl\\\/industry-solutions\\\/steelwork-water-mist\\\/#breadcrumb\"},\"inLanguage\":\"pl-PL\",\"potentialAction\":[{\"@type\":\"ReadAction\",\"target\":[\"https:\\\/\\\/www.viking-emea.com\\\/pl\\\/industry-solutions\\\/steelwork-water-mist\\\/\"]}]},{\"@type\":\"ImageObject\",\"inLanguage\":\"pl-PL\",\"@id\":\"https:\\\/\\\/www.viking-emea.com\\\/pl\\\/industry-solutions\\\/steelwork-water-mist\\\/#primaryimage\",\"url\":\"https:\\\/\\\/www.viking-emea.com\\\/app\\\/uploads\\\/2024\\\/11\\\/ProCon_PC-M_MXID_ImpulseNozzle_900x560px.webp\",\"contentUrl\":\"https:\\\/\\\/www.viking-emea.com\\\/app\\\/uploads\\\/2024\\\/11\\\/ProCon_PC-M_MXID_ImpulseNozzle_900x560px.webp\"},{\"@type\":\"BreadcrumbList\",\"@id\":\"https:\\\/\\\/www.viking-emea.com\\\/pl\\\/industry-solutions\\\/steelwork-water-mist\\\/#breadcrumb\",\"itemListElement\":[{\"@type\":\"ListItem\",\"position\":1,\"name\":\"Home\",\"item\":\"https:\\\/\\\/www.viking-emea.com\\\/pl\\\/\"},{\"@type\":\"ListItem\",\"position\":2,\"name\":\"Industry solutions\",\"item\":\"https:\\\/\\\/www.viking-emea.com\\\/pl\\\/industry-solutions\\\/\"},{\"@type\":\"ListItem\",\"position\":3,\"name\":\"Steelwork Facility\"}]},{\"@type\":\"WebSite\",\"@id\":\"https:\\\/\\\/www.viking-emea.com\\\/pl\\\/#website\",\"url\":\"https:\\\/\\\/www.viking-emea.com\\\/pl\\\/\",\"name\":\"Viking EMEA\",\"description\":\"Viking EMEA\",\"potentialAction\":[{\"@type\":\"SearchAction\",\"target\":{\"@type\":\"EntryPoint\",\"urlTemplate\":\"https:\\\/\\\/www.viking-emea.com\\\/pl\\\/?s={search_term_string}\"},\"query-input\":{\"@type\":\"PropertyValueSpecification\",\"valueRequired\":true,\"valueName\":\"search_term_string\"}}],\"inLanguage\":\"pl-PL\"}]}<\/script>\n<!-- \/ Yoast SEO plugin. -->","yoast_head_json":{"title":"Steelwork Facility - Viking EMEA","robots":{"index":"index","follow":"follow","max-snippet":"max-snippet:-1","max-image-preview":"max-image-preview:large","max-video-preview":"max-video-preview:-1"},"canonical":"https:\/\/www.viking-emea.com\/pl\/industry-solutions\/steelwork-water-mist\/","og_locale":"pl_PL","og_type":"article","og_title":"Steelwork Facility - Viking EMEA","og_description":"ProCon system for steelwork facility protection","og_url":"https:\/\/www.viking-emea.com\/pl\/industry-solutions\/steelwork-water-mist\/","og_site_name":"Viking EMEA","article_modified_time":"2024-11-14T13:01:42+00:00","og_image":[{"url":"https:\/\/www.viking-emea.com\/app\/uploads\/2024\/11\/ProCon_PC-M_MXID_ImpulseNozzle_900x560px.webp","type":"","width":"","height":""}],"twitter_card":"summary_large_image","twitter_misc":{"Est. reading time":"3 minutes"},"schema":{"@context":"https:\/\/schema.org","@graph":[{"@type":"WebPage","@id":"https:\/\/www.viking-emea.com\/pl\/industry-solutions\/steelwork-water-mist\/","url":"https:\/\/www.viking-emea.com\/pl\/industry-solutions\/steelwork-water-mist\/","name":"Steelwork Facility - Viking EMEA","isPartOf":{"@id":"https:\/\/www.viking-emea.com\/pl\/#website"},"primaryImageOfPage":{"@id":"https:\/\/www.viking-emea.com\/pl\/industry-solutions\/steelwork-water-mist\/#primaryimage"},"image":{"@id":"https:\/\/www.viking-emea.com\/pl\/industry-solutions\/steelwork-water-mist\/#primaryimage"},"thumbnailUrl":"https:\/\/www.viking-emea.com\/app\/uploads\/2024\/11\/ProCon_PC-M_MXID_ImpulseNozzle_900x560px.webp","datePublished":"2024-11-13T07:34:41+00:00","dateModified":"2024-11-14T13:01:42+00:00","breadcrumb":{"@id":"https:\/\/www.viking-emea.com\/pl\/industry-solutions\/steelwork-water-mist\/#breadcrumb"},"inLanguage":"pl-PL","potentialAction":[{"@type":"ReadAction","target":["https:\/\/www.viking-emea.com\/pl\/industry-solutions\/steelwork-water-mist\/"]}]},{"@type":"ImageObject","inLanguage":"pl-PL","@id":"https:\/\/www.viking-emea.com\/pl\/industry-solutions\/steelwork-water-mist\/#primaryimage","url":"https:\/\/www.viking-emea.com\/app\/uploads\/2024\/11\/ProCon_PC-M_MXID_ImpulseNozzle_900x560px.webp","contentUrl":"https:\/\/www.viking-emea.com\/app\/uploads\/2024\/11\/ProCon_PC-M_MXID_ImpulseNozzle_900x560px.webp"},{"@type":"BreadcrumbList","@id":"https:\/\/www.viking-emea.com\/pl\/industry-solutions\/steelwork-water-mist\/#breadcrumb","itemListElement":[{"@type":"ListItem","position":1,"name":"Home","item":"https:\/\/www.viking-emea.com\/pl\/"},{"@type":"ListItem","position":2,"name":"Industry solutions","item":"https:\/\/www.viking-emea.com\/pl\/industry-solutions\/"},{"@type":"ListItem","position":3,"name":"Steelwork Facility"}]},{"@type":"WebSite","@id":"https:\/\/www.viking-emea.com\/pl\/#website","url":"https:\/\/www.viking-emea.com\/pl\/","name":"Viking EMEA","description":"Viking EMEA","potentialAction":[{"@type":"SearchAction","target":{"@type":"EntryPoint","urlTemplate":"https:\/\/www.viking-emea.com\/pl\/?s={search_term_string}"},"query-input":{"@type":"PropertyValueSpecification","valueRequired":true,"valueName":"search_term_string"}}],"inLanguage":"pl-PL"}]}},"_links":{"self":[{"href":"https:\/\/www.viking-emea.com\/pl\/wp-json\/wp\/v2\/pages\/5563","targetHints":{"allow":["GET"]}}],"collection":[{"href":"https:\/\/www.viking-emea.com\/pl\/wp-json\/wp\/v2\/pages"}],"about":[{"href":"https:\/\/www.viking-emea.com\/pl\/wp-json\/wp\/v2\/types\/page"}],"author":[{"embeddable":true,"href":"https:\/\/www.viking-emea.com\/pl\/wp-json\/wp\/v2\/users\/1771"}],"replies":[{"embeddable":true,"href":"https:\/\/www.viking-emea.com\/pl\/wp-json\/wp\/v2\/comments?post=5563"}],"version-history":[{"count":0,"href":"https:\/\/www.viking-emea.com\/pl\/wp-json\/wp\/v2\/pages\/5563\/revisions"}],"up":[{"embeddable":true,"href":"https:\/\/www.viking-emea.com\/pl\/wp-json\/wp\/v2\/pages\/4523"}],"wp:attachment":[{"href":"https:\/\/www.viking-emea.com\/pl\/wp-json\/wp\/v2\/media?parent=5563"}],"wp:term":[{"taxonomy":"search-group","embeddable":true,"href":"https:\/\/www.viking-emea.com\/pl\/wp-json\/wp\/v2\/search-group?post=5563"}],"curies":[{"name":"wp","href":"https:\/\/api.w.org\/{rel}","templated":true}]}}