{"id":4602,"date":"2024-10-21T12:12:03","date_gmt":"2024-10-21T11:12:03","guid":{"rendered":"https:\/\/www.viking-emea.com\/?page_id=4602"},"modified":"2024-11-18T12:04:41","modified_gmt":"2024-11-18T12:04:41","slug":"imprint","status":"publish","type":"page","link":"https:\/\/www.viking-emea.com\/pl\/imprint\/","title":{"rendered":""},"content":{"rendered":"\n<div class=\"wp-block-group is-layout-constrained wp-block-group-is-layout-constrained\" style=\"padding-top:var(--wp--preset--spacing--64-40);padding-bottom:0px\">\n<div class=\"wp-block-columns is-style-columns-gap-12 is-layout-flex wp-container-core-columns-is-layout-d41a75fc wp-block-columns-is-layout-flex\" style=\"margin-bottom:33px\">\n<div class=\"wp-block-column is-style-full-width-mobile has-background is-layout-flow wp-block-column-is-layout-flow\" style=\"background-color:#f9f9f9;padding-top:25px;padding-right:25px;padding-bottom:25px;padding-left:25px;flex-basis:340px\">\n<h1 class=\"wp-block-heading has-text-color has-link-color has-small-font-size wp-elements-0a1063ac64d2562e659c2be04960fcf6\" style=\"color:#1e1d27;margin-bottom:28px;font-style:normal;font-weight:600\">Viking EMEA &#8211; Headquarters<\/h1>\n\n\n\n<div class=\"wp-block-columns is-not-stacked-on-mobile is-style-columns-gap-12 is-layout-flex wp-container-core-columns-is-layout-28f84493 wp-block-columns-is-layout-flex\">\n<div class=\"wp-block-column is-layout-flow wp-block-column-is-layout-flow\" style=\"flex-basis:19px\">\n<figure class=\"wp-block-image size-full is-resized\"><img decoding=\"async\" src=\"https:\/\/www.viking-emea.com\/app\/uploads\/2024\/10\/h6qkd68hk6nm2izup1q.svg\" alt=\"\" class=\"wp-image-2058\" style=\"object-fit:cover;width:16px;height:16px\"\/><\/figure>\n<\/div>\n\n\n\n<div class=\"wp-block-column is-layout-flow wp-block-column-is-layout-flow\" style=\"flex-basis:100%\">\n<p class=\"has-base-font-size\" style=\"margin-top:0;margin-bottom:0;padding-top:0;padding-bottom:0;font-style:normal;font-weight:600\">Viking S.A<\/p>\n\n\n\n<p class=\"has-base-font-size\" style=\"margin-top:0;margin-bottom:0;line-height:1.72\">21, Z.I. Haneboesch<br>L-4562 Differdange\/Niederkorn<br>Luxembourg<\/p>\n<\/div>\n<\/div>\n\n\n\n<div class=\"wp-block-columns is-not-stacked-on-mobile is-style-columns-gap-12 is-layout-flex wp-container-core-columns-is-layout-28f84493 wp-block-columns-is-layout-flex\">\n<div class=\"wp-block-column is-layout-flow wp-block-column-is-layout-flow\" style=\"flex-basis:19px\">\n<figure class=\"wp-block-image size-full is-resized\"><img decoding=\"async\" src=\"https:\/\/www.viking-emea.com\/app\/uploads\/2024\/10\/a7uoefaouum2izw8h3.svg\" alt=\"\" class=\"wp-image-2074\" style=\"object-fit:cover;width:16px;height:16px\"\/><\/figure>\n<\/div>\n\n\n\n<div class=\"wp-block-column is-layout-flow wp-block-column-is-layout-flow\" style=\"flex-basis:100%\">\n<p class=\"has-base-font-size\" style=\"margin-top:0;margin-bottom:0;padding-top:0;padding-bottom:0;font-style:normal;font-weight:400\"><a href=\"tel:+352 58 37 37 1\">+352 58 37 37 1<\/a><\/p>\n<\/div>\n<\/div>\n\n\n\n<div class=\"wp-block-columns is-not-stacked-on-mobile is-style-columns-gap-12 is-layout-flex wp-container-core-columns-is-layout-28f84493 wp-block-columns-is-layout-flex\">\n<div class=\"wp-block-column is-layout-flow wp-block-column-is-layout-flow\" style=\"flex-basis:19px\">\n<figure class=\"wp-block-image size-full is-resized\"><img decoding=\"async\" src=\"https:\/\/www.viking-emea.com\/app\/uploads\/2024\/10\/l2hs1jbifm2izyaip.svg\" alt=\"\" class=\"wp-image-2083\" style=\"object-fit:cover;width:16px;height:16px\"\/><\/figure>\n<\/div>\n\n\n\n<div class=\"wp-block-column is-layout-flow wp-block-column-is-layout-flow\" style=\"flex-basis:100%\">\n<p class=\"has-base-font-size\" style=\"margin-top:0;margin-bottom:0;padding-top:0;padding-bottom:0;font-style:normal;font-weight:400\">+352 58 37 36<\/p>\n<\/div>\n<\/div>\n\n\n\n<div class=\"wp-block-columns is-not-stacked-on-mobile is-style-columns-gap-12 is-layout-flex wp-container-core-columns-is-layout-28f84493 wp-block-columns-is-layout-flex\">\n<div class=\"wp-block-column is-layout-flow wp-block-column-is-layout-flow\" style=\"flex-basis:19px\">\n<figure class=\"wp-block-image size-full is-resized\"><img decoding=\"async\" src=\"https:\/\/www.viking-emea.com\/app\/uploads\/2024\/10\/01rtyq3nzbetm2izzf80.svg\" alt=\"\" class=\"wp-image-2091\" style=\"object-fit:cover;width:16px;height:16px\"\/><\/figure>\n<\/div>\n\n\n\n<div class=\"wp-block-column is-layout-flow wp-block-column-is-layout-flow\" style=\"flex-basis:100%\">\n<p class=\"is-style-has-underline has-black-color has-text-color has-link-color wp-elements-809f47ab3ec9d63b28a6ea1997e7a560\"><a href=\"mailto:vikinglux@viking-emea.com\">vikinglux@viking-emea.com<\/a><\/p>\n<\/div>\n<\/div>\n<\/div>\n<\/div>\n<\/div>\n\n\n\n<div class=\"wp-block-group is-layout-constrained wp-container-core-group-is-layout-1df59363 wp-block-group-is-layout-constrained\" style=\"margin-top:0;margin-bottom:0;padding-top:0;padding-bottom:80px;padding-left:24px\">\n<div class=\"wp-block-group is-layout-constrained wp-container-core-group-is-layout-854eb611 wp-block-group-is-layout-constrained\" style=\"margin-top:0;margin-bottom:0;padding-top:0;padding-right:0px;padding-bottom:0;padding-left:24px\">\n<p class=\"has-base-font-size\" style=\"margin-top:0;margin-bottom:2px;margin-left:24px;font-style:normal;font-weight:600\">Dyrektor Zarz\u0105dzaj\u0105cy:<\/p>\n\n\n\n<p class=\"has-base-font-size\" style=\"margin-top:0;margin-bottom:12px;margin-left:24px;font-style:normal;font-weight:400\">Dr. Alan Arelli Maffioli<\/p>\n\n\n\n<p class=\"has-base-font-size\" style=\"margin-top:0;margin-bottom:2px;font-style:normal;font-weight:600\">Zezwolenie na prowadzenie dzia\u0142alno\u015bci nr:<\/p>\n\n\n\n<p class=\"has-base-font-size\" style=\"margin-top:0;margin-bottom:12px;font-style:normal;font-weight:400\">00112200 \/ 2<\/p>\n\n\n\n<p class=\"has-base-font-size\" style=\"margin-top:0;margin-bottom:2px;font-style:normal;font-weight:600\">Rejestr handlowy:<\/p>\n\n\n\n<p class=\"has-base-font-size\" style=\"margin-top:0;margin-bottom:12px;font-style:normal;font-weight:400\">R.C. Luxembourg B 30463<br>VAT: LU 14116511<\/p>\n<\/div>\n<\/div>\n","protected":false},"excerpt":{"rendered":"<p>Viking EMEA to Tw\u00f3j niezawodny partner w bran\u017cy ochrony przeciwpo\u017carowej<\/p>\n","protected":false},"author":1771,"featured_media":0,"parent":0,"menu_order":0,"comment_status":"closed","ping_status":"closed","template":"","meta":{"_acf_changed":false,"content-type":"","footnotes":""},"search-group":[],"class_list":["post-4602","page","type-page","status-publish","hentry"],"acf":[],"yoast_head":"<!-- This site is optimized with the Yoast SEO plugin v27.3 - https:\/\/yoast.com\/product\/yoast-seo-wordpress\/ -->\n<title>- Viking EMEA<\/title>\n<meta name=\"robots\" content=\"index, follow, max-snippet:-1, max-image-preview:large, max-video-preview:-1\" \/>\n<link rel=\"canonical\" href=\"https:\/\/www.viking-emea.com\/pl\/imprint\/\" \/>\n<meta property=\"og:locale\" content=\"pl_PL\" \/>\n<meta property=\"og:type\" content=\"article\" \/>\n<meta property=\"og:title\" content=\"- Viking EMEA\" \/>\n<meta property=\"og:description\" content=\"Viking EMEA to Tw\u00f3j niezawodny partner w bran\u017cy ochrony przeciwpo\u017carowej\" \/>\n<meta property=\"og:url\" content=\"https:\/\/www.viking-emea.com\/pl\/imprint\/\" \/>\n<meta property=\"og:site_name\" content=\"Viking EMEA\" \/>\n<meta property=\"article:modified_time\" content=\"2024-11-18T12:04:41+00:00\" \/>\n<meta name=\"twitter:card\" content=\"summary_large_image\" \/>\n<meta name=\"twitter:label1\" content=\"Est. reading time\" \/>\n\t<meta name=\"twitter:data1\" content=\"1 minute\" \/>\n<script type=\"application\/ld+json\" class=\"yoast-schema-graph\">{\"@context\":\"https:\\\/\\\/schema.org\",\"@graph\":[{\"@type\":\"WebPage\",\"@id\":\"https:\\\/\\\/www.viking-emea.com\\\/pl\\\/imprint\\\/\",\"url\":\"https:\\\/\\\/www.viking-emea.com\\\/pl\\\/imprint\\\/\",\"name\":\"- Viking EMEA\",\"isPartOf\":{\"@id\":\"https:\\\/\\\/www.viking-emea.com\\\/pl\\\/#website\"},\"primaryImageOfPage\":{\"@id\":\"https:\\\/\\\/www.viking-emea.com\\\/pl\\\/imprint\\\/#primaryimage\"},\"image\":{\"@id\":\"https:\\\/\\\/www.viking-emea.com\\\/pl\\\/imprint\\\/#primaryimage\"},\"thumbnailUrl\":\"https:\\\/\\\/www.viking-emea.com\\\/app\\\/uploads\\\/2024\\\/10\\\/h6qkd68hk6nm2izup1q.svg\",\"datePublished\":\"2024-10-21T11:12:03+00:00\",\"dateModified\":\"2024-11-18T12:04:41+00:00\",\"inLanguage\":\"pl-PL\",\"potentialAction\":[{\"@type\":\"ReadAction\",\"target\":[\"https:\\\/\\\/www.viking-emea.com\\\/pl\\\/imprint\\\/\"]}]},{\"@type\":\"ImageObject\",\"inLanguage\":\"pl-PL\",\"@id\":\"https:\\\/\\\/www.viking-emea.com\\\/pl\\\/imprint\\\/#primaryimage\",\"url\":\"https:\\\/\\\/www.viking-emea.com\\\/app\\\/uploads\\\/2024\\\/10\\\/h6qkd68hk6nm2izup1q.svg\",\"contentUrl\":\"https:\\\/\\\/www.viking-emea.com\\\/app\\\/uploads\\\/2024\\\/10\\\/h6qkd68hk6nm2izup1q.svg\"},{\"@type\":\"WebSite\",\"@id\":\"https:\\\/\\\/www.viking-emea.com\\\/pl\\\/#website\",\"url\":\"https:\\\/\\\/www.viking-emea.com\\\/pl\\\/\",\"name\":\"Viking EMEA\",\"description\":\"Viking EMEA\",\"potentialAction\":[{\"@type\":\"SearchAction\",\"target\":{\"@type\":\"EntryPoint\",\"urlTemplate\":\"https:\\\/\\\/www.viking-emea.com\\\/pl\\\/?s={search_term_string}\"},\"query-input\":{\"@type\":\"PropertyValueSpecification\",\"valueRequired\":true,\"valueName\":\"search_term_string\"}}],\"inLanguage\":\"pl-PL\"}]}<\/script>\n<!-- \/ Yoast SEO plugin. -->","yoast_head_json":{"title":"- Viking EMEA","robots":{"index":"index","follow":"follow","max-snippet":"max-snippet:-1","max-image-preview":"max-image-preview:large","max-video-preview":"max-video-preview:-1"},"canonical":"https:\/\/www.viking-emea.com\/pl\/imprint\/","og_locale":"pl_PL","og_type":"article","og_title":"- Viking EMEA","og_description":"Viking EMEA to Tw\u00f3j niezawodny partner w bran\u017cy ochrony przeciwpo\u017carowej","og_url":"https:\/\/www.viking-emea.com\/pl\/imprint\/","og_site_name":"Viking EMEA","article_modified_time":"2024-11-18T12:04:41+00:00","twitter_card":"summary_large_image","twitter_misc":{"Est. reading time":"1 minute"},"schema":{"@context":"https:\/\/schema.org","@graph":[{"@type":"WebPage","@id":"https:\/\/www.viking-emea.com\/pl\/imprint\/","url":"https:\/\/www.viking-emea.com\/pl\/imprint\/","name":"- Viking EMEA","isPartOf":{"@id":"https:\/\/www.viking-emea.com\/pl\/#website"},"primaryImageOfPage":{"@id":"https:\/\/www.viking-emea.com\/pl\/imprint\/#primaryimage"},"image":{"@id":"https:\/\/www.viking-emea.com\/pl\/imprint\/#primaryimage"},"thumbnailUrl":"https:\/\/www.viking-emea.com\/app\/uploads\/2024\/10\/h6qkd68hk6nm2izup1q.svg","datePublished":"2024-10-21T11:12:03+00:00","dateModified":"2024-11-18T12:04:41+00:00","inLanguage":"pl-PL","potentialAction":[{"@type":"ReadAction","target":["https:\/\/www.viking-emea.com\/pl\/imprint\/"]}]},{"@type":"ImageObject","inLanguage":"pl-PL","@id":"https:\/\/www.viking-emea.com\/pl\/imprint\/#primaryimage","url":"https:\/\/www.viking-emea.com\/app\/uploads\/2024\/10\/h6qkd68hk6nm2izup1q.svg","contentUrl":"https:\/\/www.viking-emea.com\/app\/uploads\/2024\/10\/h6qkd68hk6nm2izup1q.svg"},{"@type":"WebSite","@id":"https:\/\/www.viking-emea.com\/pl\/#website","url":"https:\/\/www.viking-emea.com\/pl\/","name":"Viking EMEA","description":"Viking EMEA","potentialAction":[{"@type":"SearchAction","target":{"@type":"EntryPoint","urlTemplate":"https:\/\/www.viking-emea.com\/pl\/?s={search_term_string}"},"query-input":{"@type":"PropertyValueSpecification","valueRequired":true,"valueName":"search_term_string"}}],"inLanguage":"pl-PL"}]}},"_links":{"self":[{"href":"https:\/\/www.viking-emea.com\/pl\/wp-json\/wp\/v2\/pages\/4602","targetHints":{"allow":["GET"]}}],"collection":[{"href":"https:\/\/www.viking-emea.com\/pl\/wp-json\/wp\/v2\/pages"}],"about":[{"href":"https:\/\/www.viking-emea.com\/pl\/wp-json\/wp\/v2\/types\/page"}],"author":[{"embeddable":true,"href":"https:\/\/www.viking-emea.com\/pl\/wp-json\/wp\/v2\/users\/1771"}],"replies":[{"embeddable":true,"href":"https:\/\/www.viking-emea.com\/pl\/wp-json\/wp\/v2\/comments?post=4602"}],"version-history":[{"count":0,"href":"https:\/\/www.viking-emea.com\/pl\/wp-json\/wp\/v2\/pages\/4602\/revisions"}],"wp:attachment":[{"href":"https:\/\/www.viking-emea.com\/pl\/wp-json\/wp\/v2\/media?parent=4602"}],"wp:term":[{"taxonomy":"search-group","embeddable":true,"href":"https:\/\/www.viking-emea.com\/pl\/wp-json\/wp\/v2\/search-group?post=4602"}],"curies":[{"name":"wp","href":"https:\/\/api.w.org\/{rel}","templated":true}]}}