{"id":228319,"date":"2026-01-16T15:17:33","date_gmt":"2026-01-16T14:17:33","guid":{"rendered":"https:\/\/www.viking-emea.com\/product\/d-1-g-1\/"},"modified":"2026-01-16T15:17:33","modified_gmt":"2026-01-16T14:17:33","slug":"d-1-g-1","status":"publish","type":"product","link":"https:\/\/www.viking-emea.com\/fr\/product\/d-1-g-1\/","title":{"rendered":"D-1 G-1"},"content":{"rendered":"<div class=\"field-content\">\n<p><strong>Les vannes et syst\u00e8mes Viking offrent aux clients une qualit\u00e9 de pointe qui dure. Le choix d&#8217;une vanne ou d&#8217;un syst\u00e8me Viking, tel que le clapet anti-retour \u00e0 battant D-1 et G-1, est donc plus facile que jamais !  <\/strong><\/p>\n<\/div>\n<div class=\"hidden-content\" tabindex=\"-1\">\n<p>Le clapet anti-retour \u00e0 battant Viking est un clapet anti-retour \u00e0 face caoutchout\u00e9e d&#8217;usage g\u00e9n\u00e9ral, approuv\u00e9 pour une utilisation dans les syst\u00e8mes de protection contre les incendies et dont la pression de service maximale est de 300 psi. Le clapet de non-retour \u00e0 battant (disponible dans les mod\u00e8les D-1 et G-1) est fabriqu\u00e9 avec un corps en fonte ductile, un si\u00e8ge en laiton et un clapet \u00e0 face en caoutchouc, articul\u00e9 sur un couvercle d&#8217;acc\u00e8s amovible pour faciliter l&#8217;inspection et l&#8217;entretien. Le clapet peut \u00eatre install\u00e9 verticalement ou horizontalement, le couvercle d&#8217;acc\u00e8s \u00e9tant orient\u00e9 vers le haut.  <\/p>\n<p>Vous avez d\u00e9j\u00e0 essay\u00e9 l&#8217;innovant <a href=\"https:\/\/valveconfig.vikingcorp.com\/\" target=\"_blank\" rel=\"noopener\">configurateur de vannes et de syst\u00e8mes<span class=\"rdg-external-link\"><span class=\"visually-hidden\">(s&#8217;ouvre dans une nouvelle fen\u00eatre)<\/span><\/span><\/a>? Construisez un syst\u00e8me complet en passant en revue les options dont vous avez besoin pour compl\u00e9ter votre syst\u00e8me, et obtenez une liste de mat\u00e9riaux pr\u00eate \u00e0 \u00eatre soumise \u00e0 votre SupplyNet Viking local pour l&#8217;\u00e9tablissement d&#8217;un devis. Vous pouvez m\u00eame vous connecter directement \u00e0 SupplyNet.com \u00e0 partir de la liste des pi\u00e8ces, o\u00f9 nous facilitons l&#8217;obtention de ce dont vous avez besoin quand vous en avez besoin. Consultez le site !   <\/p>\n<\/div>\n","protected":false},"excerpt":{"rendered":"<p>Mod\u00e8les D-1 et G-1 Clapets de non-retour \u00e0 battant<\/p>\n","protected":false},"featured_media":0,"template":"","meta":{"_acf_changed":false,"content-type":""},"product_brand":[],"product_tag":[],"approvals":[284,287,296],"class_list":{"0":"post-228319","1":"product","2":"type-product","3":"status-publish","5":"product_cat-clapet-anti-retour-fr","6":"product_cat-sprinkler-deluge-fr","7":"product_cat-vannes-et-dispositifs-de-regulation-fr","8":"product-line-sprinkler-deluge-fr","9":"approvals-culus","10":"approvals-fm","11":"approvals-nyc-dept-of-buildings","13":"first","14":"instock","15":"shipping-taxable","16":"product-type-simple"},"acf":[],"yoast_head":"<!-- This site is optimized with the Yoast SEO plugin v27.4 - https:\/\/yoast.com\/product\/yoast-seo-wordpress\/ -->\n<title>D-1 G-1 - Viking EMEA<\/title>\n<meta name=\"robots\" content=\"index, follow, max-snippet:-1, max-image-preview:large, max-video-preview:-1\" \/>\n<link rel=\"canonical\" href=\"https:\/\/www.viking-emea.com\/fr\/product\/d-1-g-1\/\" \/>\n<meta property=\"og:locale\" content=\"fr_FR\" \/>\n<meta property=\"og:type\" content=\"article\" \/>\n<meta property=\"og:title\" content=\"D-1 G-1 - Viking EMEA\" \/>\n<meta property=\"og:description\" content=\"Mod\u00e8les D-1 et G-1 Clapets de non-retour \u00e0 battant\" \/>\n<meta property=\"og:url\" content=\"https:\/\/www.viking-emea.com\/fr\/product\/d-1-g-1\/\" \/>\n<meta property=\"og:site_name\" content=\"Viking EMEA\" \/>\n<meta name=\"twitter:card\" content=\"summary_large_image\" \/>\n<meta name=\"twitter:label1\" content=\"Est. reading time\" \/>\n\t<meta name=\"twitter:data1\" content=\"1 minute\" \/>\n<script type=\"application\/ld+json\" class=\"yoast-schema-graph\">{\"@context\":\"https:\\\/\\\/schema.org\",\"@graph\":[{\"@type\":\"WebPage\",\"@id\":\"https:\\\/\\\/www.viking-emea.com\\\/fr\\\/product\\\/d-1-g-1\\\/\",\"url\":\"https:\\\/\\\/www.viking-emea.com\\\/fr\\\/product\\\/d-1-g-1\\\/\",\"name\":\"D-1 G-1 - Viking EMEA\",\"isPartOf\":{\"@id\":\"https:\\\/\\\/www.viking-emea.com\\\/fr\\\/#website\"},\"datePublished\":\"2026-01-16T14:17:33+00:00\",\"breadcrumb\":{\"@id\":\"https:\\\/\\\/www.viking-emea.com\\\/fr\\\/product\\\/d-1-g-1\\\/#breadcrumb\"},\"inLanguage\":\"fr-FR\",\"potentialAction\":[{\"@type\":\"ReadAction\",\"target\":[\"https:\\\/\\\/www.viking-emea.com\\\/fr\\\/product\\\/d-1-g-1\\\/\"]}]},{\"@type\":\"BreadcrumbList\",\"@id\":\"https:\\\/\\\/www.viking-emea.com\\\/fr\\\/product\\\/d-1-g-1\\\/#breadcrumb\",\"itemListElement\":[{\"@type\":\"ListItem\",\"position\":1,\"name\":\"Home\",\"item\":\"https:\\\/\\\/www.viking-emea.com\\\/fr\\\/\"},{\"@type\":\"ListItem\",\"position\":2,\"name\":\"Shop\",\"item\":\"https:\\\/\\\/www.viking-emea.com\\\/shop\\\/\"},{\"@type\":\"ListItem\",\"position\":3,\"name\":\"Sprinkleur &amp; D\u00e9luge\",\"item\":\"https:\\\/\\\/www.viking-emea.com\\\/fr\\\/product-category\\\/sprinkler-deluge-fr\\\/\"},{\"@type\":\"ListItem\",\"position\":4,\"name\":\"Vannes et dispositifs de r\u00e9gulation\",\"item\":\"https:\\\/\\\/www.viking-emea.com\\\/fr\\\/product-category\\\/vannes-et-dispositifs-de-regulation-fr\\\/\"},{\"@type\":\"ListItem\",\"position\":5,\"name\":\"Clapet anti-retour\",\"item\":\"https:\\\/\\\/www.viking-emea.com\\\/fr\\\/product-category\\\/clapet-anti-retour-fr\\\/\"},{\"@type\":\"ListItem\",\"position\":6,\"name\":\"D-1 G-1\"}]},{\"@type\":\"WebSite\",\"@id\":\"https:\\\/\\\/www.viking-emea.com\\\/fr\\\/#website\",\"url\":\"https:\\\/\\\/www.viking-emea.com\\\/fr\\\/\",\"name\":\"Viking EMEA\",\"description\":\"Viking EMEA\",\"potentialAction\":[{\"@type\":\"SearchAction\",\"target\":{\"@type\":\"EntryPoint\",\"urlTemplate\":\"https:\\\/\\\/www.viking-emea.com\\\/fr\\\/?s={search_term_string}\"},\"query-input\":{\"@type\":\"PropertyValueSpecification\",\"valueRequired\":true,\"valueName\":\"search_term_string\"}}],\"inLanguage\":\"fr-FR\"}]}<\/script>\n<!-- \/ Yoast SEO plugin. -->","yoast_head_json":{"title":"D-1 G-1 - Viking EMEA","robots":{"index":"index","follow":"follow","max-snippet":"max-snippet:-1","max-image-preview":"max-image-preview:large","max-video-preview":"max-video-preview:-1"},"canonical":"https:\/\/www.viking-emea.com\/fr\/product\/d-1-g-1\/","og_locale":"fr_FR","og_type":"article","og_title":"D-1 G-1 - Viking EMEA","og_description":"Mod\u00e8les D-1 et G-1 Clapets de non-retour \u00e0 battant","og_url":"https:\/\/www.viking-emea.com\/fr\/product\/d-1-g-1\/","og_site_name":"Viking EMEA","twitter_card":"summary_large_image","twitter_misc":{"Est. reading time":"1 minute"},"schema":{"@context":"https:\/\/schema.org","@graph":[{"@type":"WebPage","@id":"https:\/\/www.viking-emea.com\/fr\/product\/d-1-g-1\/","url":"https:\/\/www.viking-emea.com\/fr\/product\/d-1-g-1\/","name":"D-1 G-1 - Viking EMEA","isPartOf":{"@id":"https:\/\/www.viking-emea.com\/fr\/#website"},"datePublished":"2026-01-16T14:17:33+00:00","breadcrumb":{"@id":"https:\/\/www.viking-emea.com\/fr\/product\/d-1-g-1\/#breadcrumb"},"inLanguage":"fr-FR","potentialAction":[{"@type":"ReadAction","target":["https:\/\/www.viking-emea.com\/fr\/product\/d-1-g-1\/"]}]},{"@type":"BreadcrumbList","@id":"https:\/\/www.viking-emea.com\/fr\/product\/d-1-g-1\/#breadcrumb","itemListElement":[{"@type":"ListItem","position":1,"name":"Home","item":"https:\/\/www.viking-emea.com\/fr\/"},{"@type":"ListItem","position":2,"name":"Shop","item":"https:\/\/www.viking-emea.com\/shop\/"},{"@type":"ListItem","position":3,"name":"Sprinkleur &amp; D\u00e9luge","item":"https:\/\/www.viking-emea.com\/fr\/product-category\/sprinkler-deluge-fr\/"},{"@type":"ListItem","position":4,"name":"Vannes et dispositifs de r\u00e9gulation","item":"https:\/\/www.viking-emea.com\/fr\/product-category\/vannes-et-dispositifs-de-regulation-fr\/"},{"@type":"ListItem","position":5,"name":"Clapet anti-retour","item":"https:\/\/www.viking-emea.com\/fr\/product-category\/clapet-anti-retour-fr\/"},{"@type":"ListItem","position":6,"name":"D-1 G-1"}]},{"@type":"WebSite","@id":"https:\/\/www.viking-emea.com\/fr\/#website","url":"https:\/\/www.viking-emea.com\/fr\/","name":"Viking EMEA","description":"Viking EMEA","potentialAction":[{"@type":"SearchAction","target":{"@type":"EntryPoint","urlTemplate":"https:\/\/www.viking-emea.com\/fr\/?s={search_term_string}"},"query-input":{"@type":"PropertyValueSpecification","valueRequired":true,"valueName":"search_term_string"}}],"inLanguage":"fr-FR"}]}},"_links":{"self":[{"href":"https:\/\/www.viking-emea.com\/fr\/wp-json\/wp\/v2\/product\/228319","targetHints":{"allow":["GET"]}}],"collection":[{"href":"https:\/\/www.viking-emea.com\/fr\/wp-json\/wp\/v2\/product"}],"about":[{"href":"https:\/\/www.viking-emea.com\/fr\/wp-json\/wp\/v2\/types\/product"}],"wp:attachment":[{"href":"https:\/\/www.viking-emea.com\/fr\/wp-json\/wp\/v2\/media?parent=228319"}],"wp:term":[{"taxonomy":"product_brand","embeddable":true,"href":"https:\/\/www.viking-emea.com\/fr\/wp-json\/wp\/v2\/product_brand?post=228319"},{"taxonomy":"product_tag","embeddable":true,"href":"https:\/\/www.viking-emea.com\/fr\/wp-json\/wp\/v2\/product_tag?post=228319"},{"taxonomy":"approvals","embeddable":true,"href":"https:\/\/www.viking-emea.com\/fr\/wp-json\/wp\/v2\/approvals?post=228319"}],"curies":[{"name":"wp","href":"https:\/\/api.w.org\/{rel}","templated":true}]}}