{"id":148192,"date":"2024-11-09T10:34:24","date_gmt":"2024-11-09T09:34:24","guid":{"rendered":"https:\/\/www.viking-emea.com\/product\/gh-vds-2\/"},"modified":"2025-11-27T13:15:04","modified_gmt":"2025-11-27T12:15:04","slug":"gh-vds","status":"publish","type":"product","link":"https:\/\/www.viking-emea.com\/fr\/product\/gh-vds\/","title":{"rendered":"GH-VDS"},"content":{"rendered":"<p>The &#8220;GH-VDS&#8221; consists of &#8220;GH250-VDS&#8221;, &#8220;GH400-VDS&#8221; and &#8220;GH800-VDS&#8221; high expansion foam generators.<\/p>\n<p>High expansion foam generator, from 228 l @ 4 bar to 764 l @ 4 bar, carbon steel painted or stainless steel 316 painted pipe, stainless steel 316 body, VdS Approved<\/p>\n","protected":false},"excerpt":{"rendered":"<p>GH-VDS High Expansion Generator<\/p>\n","protected":false},"featured_media":19517,"template":"","meta":{"_acf_changed":false,"content-type":""},"product_brand":[],"product_tag":[],"approvals":[298,307],"class_list":{"0":"post-148192","1":"product","2":"type-product","3":"status-publish","4":"has-post-thumbnail","6":"product_cat-dispositifs-de-dosage-buses-fr","7":"product_cat-generateur-de-mousse-haut-foisonnement-fr","8":"product_cat-foam-systems-fr","9":"product-line-foam-systems-fr","10":"approvals-sfff-compatible","11":"approvals-vds","13":"first","14":"instock","15":"shipping-taxable","16":"product-type-variable"},"acf":[],"yoast_head":"<!-- This site is optimized with the Yoast SEO plugin v27.4 - https:\/\/yoast.com\/product\/yoast-seo-wordpress\/ -->\n<title>GH-VDS - Viking EMEA<\/title>\n<meta name=\"robots\" content=\"index, follow, max-snippet:-1, max-image-preview:large, max-video-preview:-1\" \/>\n<link rel=\"canonical\" href=\"https:\/\/www.viking-emea.com\/fr\/product\/gh-vds\/\" \/>\n<meta property=\"og:locale\" content=\"fr_FR\" \/>\n<meta property=\"og:type\" content=\"article\" \/>\n<meta property=\"og:title\" content=\"GH-VDS - Viking EMEA\" \/>\n<meta property=\"og:description\" content=\"GH-VDS High Expansion Generator\" \/>\n<meta property=\"og:url\" content=\"https:\/\/www.viking-emea.com\/fr\/product\/gh-vds\/\" \/>\n<meta property=\"og:site_name\" content=\"Viking EMEA\" \/>\n<meta property=\"article:modified_time\" content=\"2025-11-27T12:15:04+00:00\" \/>\n<meta property=\"og:image\" content=\"https:\/\/www.viking-emea.com\/app\/uploads\/2024\/09\/GH400_Foam_Generator_Single_HE_VdS.png\" \/>\n\t<meta property=\"og:image:width\" content=\"1598\" \/>\n\t<meta property=\"og:image:height\" content=\"968\" \/>\n\t<meta property=\"og:image:type\" content=\"image\/png\" \/>\n<meta name=\"twitter:card\" content=\"summary_large_image\" \/>\n<script type=\"application\/ld+json\" class=\"yoast-schema-graph\">{\"@context\":\"https:\\\/\\\/schema.org\",\"@graph\":[{\"@type\":\"WebPage\",\"@id\":\"https:\\\/\\\/www.viking-emea.com\\\/fr\\\/product\\\/gh-vds\\\/\",\"url\":\"https:\\\/\\\/www.viking-emea.com\\\/fr\\\/product\\\/gh-vds\\\/\",\"name\":\"GH-VDS - Viking EMEA\",\"isPartOf\":{\"@id\":\"https:\\\/\\\/www.viking-emea.com\\\/fr\\\/#website\"},\"primaryImageOfPage\":{\"@id\":\"https:\\\/\\\/www.viking-emea.com\\\/fr\\\/product\\\/gh-vds\\\/#primaryimage\"},\"image\":{\"@id\":\"https:\\\/\\\/www.viking-emea.com\\\/fr\\\/product\\\/gh-vds\\\/#primaryimage\"},\"thumbnailUrl\":\"https:\\\/\\\/www.viking-emea.com\\\/app\\\/uploads\\\/2024\\\/09\\\/GH400_Foam_Generator_Single_HE_VdS.png\",\"datePublished\":\"2024-11-09T09:34:24+00:00\",\"dateModified\":\"2025-11-27T12:15:04+00:00\",\"breadcrumb\":{\"@id\":\"https:\\\/\\\/www.viking-emea.com\\\/fr\\\/product\\\/gh-vds\\\/#breadcrumb\"},\"inLanguage\":\"fr-FR\",\"potentialAction\":[{\"@type\":\"ReadAction\",\"target\":[\"https:\\\/\\\/www.viking-emea.com\\\/fr\\\/product\\\/gh-vds\\\/\"]}]},{\"@type\":\"ImageObject\",\"inLanguage\":\"fr-FR\",\"@id\":\"https:\\\/\\\/www.viking-emea.com\\\/fr\\\/product\\\/gh-vds\\\/#primaryimage\",\"url\":\"https:\\\/\\\/www.viking-emea.com\\\/app\\\/uploads\\\/2024\\\/09\\\/GH400_Foam_Generator_Single_HE_VdS.png\",\"contentUrl\":\"https:\\\/\\\/www.viking-emea.com\\\/app\\\/uploads\\\/2024\\\/09\\\/GH400_Foam_Generator_Single_HE_VdS.png\",\"width\":1598,\"height\":968},{\"@type\":\"BreadcrumbList\",\"@id\":\"https:\\\/\\\/www.viking-emea.com\\\/fr\\\/product\\\/gh-vds\\\/#breadcrumb\",\"itemListElement\":[{\"@type\":\"ListItem\",\"position\":1,\"name\":\"Home\",\"item\":\"https:\\\/\\\/www.viking-emea.com\\\/fr\\\/\"},{\"@type\":\"ListItem\",\"position\":2,\"name\":\"Shop\",\"item\":\"https:\\\/\\\/www.viking-emea.com\\\/shop\\\/\"},{\"@type\":\"ListItem\",\"position\":3,\"name\":\"Syst\u00e8mes \u00e0 mousse\",\"item\":\"https:\\\/\\\/www.viking-emea.com\\\/fr\\\/product-category\\\/foam-systems-fr\\\/\"},{\"@type\":\"ListItem\",\"position\":4,\"name\":\"Dispositifs de dosage &amp; buses\",\"item\":\"https:\\\/\\\/www.viking-emea.com\\\/fr\\\/product-category\\\/dispositifs-de-dosage-buses-fr\\\/\"},{\"@type\":\"ListItem\",\"position\":5,\"name\":\"G\u00e9n\u00e9rateur de mousse \u00e0 haut foisonnement\",\"item\":\"https:\\\/\\\/www.viking-emea.com\\\/fr\\\/product-category\\\/generateur-de-mousse-haut-foisonnement-fr\\\/\"},{\"@type\":\"ListItem\",\"position\":6,\"name\":\"GH-VDS\"}]},{\"@type\":\"WebSite\",\"@id\":\"https:\\\/\\\/www.viking-emea.com\\\/fr\\\/#website\",\"url\":\"https:\\\/\\\/www.viking-emea.com\\\/fr\\\/\",\"name\":\"Viking EMEA\",\"description\":\"Viking EMEA\",\"potentialAction\":[{\"@type\":\"SearchAction\",\"target\":{\"@type\":\"EntryPoint\",\"urlTemplate\":\"https:\\\/\\\/www.viking-emea.com\\\/fr\\\/?s={search_term_string}\"},\"query-input\":{\"@type\":\"PropertyValueSpecification\",\"valueRequired\":true,\"valueName\":\"search_term_string\"}}],\"inLanguage\":\"fr-FR\"}]}<\/script>\n<!-- \/ Yoast SEO plugin. -->","yoast_head_json":{"title":"GH-VDS - Viking EMEA","robots":{"index":"index","follow":"follow","max-snippet":"max-snippet:-1","max-image-preview":"max-image-preview:large","max-video-preview":"max-video-preview:-1"},"canonical":"https:\/\/www.viking-emea.com\/fr\/product\/gh-vds\/","og_locale":"fr_FR","og_type":"article","og_title":"GH-VDS - Viking EMEA","og_description":"GH-VDS High Expansion Generator","og_url":"https:\/\/www.viking-emea.com\/fr\/product\/gh-vds\/","og_site_name":"Viking EMEA","article_modified_time":"2025-11-27T12:15:04+00:00","og_image":[{"width":1598,"height":968,"url":"https:\/\/www.viking-emea.com\/app\/uploads\/2024\/09\/GH400_Foam_Generator_Single_HE_VdS.png","type":"image\/png"}],"twitter_card":"summary_large_image","schema":{"@context":"https:\/\/schema.org","@graph":[{"@type":"WebPage","@id":"https:\/\/www.viking-emea.com\/fr\/product\/gh-vds\/","url":"https:\/\/www.viking-emea.com\/fr\/product\/gh-vds\/","name":"GH-VDS - Viking EMEA","isPartOf":{"@id":"https:\/\/www.viking-emea.com\/fr\/#website"},"primaryImageOfPage":{"@id":"https:\/\/www.viking-emea.com\/fr\/product\/gh-vds\/#primaryimage"},"image":{"@id":"https:\/\/www.viking-emea.com\/fr\/product\/gh-vds\/#primaryimage"},"thumbnailUrl":"https:\/\/www.viking-emea.com\/app\/uploads\/2024\/09\/GH400_Foam_Generator_Single_HE_VdS.png","datePublished":"2024-11-09T09:34:24+00:00","dateModified":"2025-11-27T12:15:04+00:00","breadcrumb":{"@id":"https:\/\/www.viking-emea.com\/fr\/product\/gh-vds\/#breadcrumb"},"inLanguage":"fr-FR","potentialAction":[{"@type":"ReadAction","target":["https:\/\/www.viking-emea.com\/fr\/product\/gh-vds\/"]}]},{"@type":"ImageObject","inLanguage":"fr-FR","@id":"https:\/\/www.viking-emea.com\/fr\/product\/gh-vds\/#primaryimage","url":"https:\/\/www.viking-emea.com\/app\/uploads\/2024\/09\/GH400_Foam_Generator_Single_HE_VdS.png","contentUrl":"https:\/\/www.viking-emea.com\/app\/uploads\/2024\/09\/GH400_Foam_Generator_Single_HE_VdS.png","width":1598,"height":968},{"@type":"BreadcrumbList","@id":"https:\/\/www.viking-emea.com\/fr\/product\/gh-vds\/#breadcrumb","itemListElement":[{"@type":"ListItem","position":1,"name":"Home","item":"https:\/\/www.viking-emea.com\/fr\/"},{"@type":"ListItem","position":2,"name":"Shop","item":"https:\/\/www.viking-emea.com\/shop\/"},{"@type":"ListItem","position":3,"name":"Syst\u00e8mes \u00e0 mousse","item":"https:\/\/www.viking-emea.com\/fr\/product-category\/foam-systems-fr\/"},{"@type":"ListItem","position":4,"name":"Dispositifs de dosage &amp; buses","item":"https:\/\/www.viking-emea.com\/fr\/product-category\/dispositifs-de-dosage-buses-fr\/"},{"@type":"ListItem","position":5,"name":"G\u00e9n\u00e9rateur de mousse \u00e0 haut foisonnement","item":"https:\/\/www.viking-emea.com\/fr\/product-category\/generateur-de-mousse-haut-foisonnement-fr\/"},{"@type":"ListItem","position":6,"name":"GH-VDS"}]},{"@type":"WebSite","@id":"https:\/\/www.viking-emea.com\/fr\/#website","url":"https:\/\/www.viking-emea.com\/fr\/","name":"Viking EMEA","description":"Viking EMEA","potentialAction":[{"@type":"SearchAction","target":{"@type":"EntryPoint","urlTemplate":"https:\/\/www.viking-emea.com\/fr\/?s={search_term_string}"},"query-input":{"@type":"PropertyValueSpecification","valueRequired":true,"valueName":"search_term_string"}}],"inLanguage":"fr-FR"}]}},"_links":{"self":[{"href":"https:\/\/www.viking-emea.com\/fr\/wp-json\/wp\/v2\/product\/148192","targetHints":{"allow":["GET"]}}],"collection":[{"href":"https:\/\/www.viking-emea.com\/fr\/wp-json\/wp\/v2\/product"}],"about":[{"href":"https:\/\/www.viking-emea.com\/fr\/wp-json\/wp\/v2\/types\/product"}],"wp:featuredmedia":[{"embeddable":true,"href":"https:\/\/www.viking-emea.com\/fr\/wp-json\/wp\/v2\/media\/19517"}],"wp:attachment":[{"href":"https:\/\/www.viking-emea.com\/fr\/wp-json\/wp\/v2\/media?parent=148192"}],"wp:term":[{"taxonomy":"product_brand","embeddable":true,"href":"https:\/\/www.viking-emea.com\/fr\/wp-json\/wp\/v2\/product_brand?post=148192"},{"taxonomy":"product_tag","embeddable":true,"href":"https:\/\/www.viking-emea.com\/fr\/wp-json\/wp\/v2\/product_tag?post=148192"},{"taxonomy":"approvals","embeddable":true,"href":"https:\/\/www.viking-emea.com\/fr\/wp-json\/wp\/v2\/approvals?post=148192"}],"curies":[{"name":"wp","href":"https:\/\/api.w.org\/{rel}","templated":true}]}}