{"id":5612,"date":"2024-10-28T11:55:56","date_gmt":"2024-10-28T10:55:56","guid":{"rendered":"https:\/\/www.viking-emea.com\/?page_id=5612"},"modified":"2025-02-27T09:22:53","modified_gmt":"2025-02-27T08:22:53","slug":"solutions-to-mitigate-fire-in-oil-and-gas","status":"publish","type":"page","link":"https:\/\/www.viking-emea.com\/fr\/industry-solutions\/solutions-to-mitigate-fire-in-oil-and-gas\/","title":{"rendered":"Att\u00e9nuer les risques d&#8217;incendie dans l&#8217;industrie p\u00e9troli\u00e8re et gazi\u00e8re"},"content":{"rendered":"\n<div class=\"wp-block-group alignfull is-layout-constrained wp-container-core-group-is-layout-d22ff40a wp-block-group-is-layout-constrained\" style=\"padding-top:0px;padding-right:0px;padding-bottom:0px;padding-left:0px\">\n\t<section class=\"hero\">\n\t\t<div class=\"hero__slider swiper\" data-hero-slider>\n\t\t\t<div class=\"swiper-wrapper\">\n\t\t\t\t\t\t\t\t\n\t\t\t\t<div \n\t\t\t\tclass=\"swiper-slide\">\n\t\t\t\t<div class=\"hero__slide\" data-color=\"#faa41a\" data-gradient=\"green\">\n\t\t\t\t\t\t\t\t\t\t\t<div class=\"hero__content\">\n\t\t\t\t\t\t\t<div class=\"container\">\n\t\t\t\t\t\t\t\t<div class=\"hero__title\">\n\t\t\t\t\t\t\t\t\t<h2 class=\"hero__title__text text-3xl\" id=\"\">Att\u00e9nuer les risques d&#8217;incendie dans l&#8217;industrie p\u00e9troli\u00e8re et gazi\u00e8re<\/h2>\n\t\t\t\t\t\t\t\t<\/div>\n\t\t\t\t\t\t\t<\/div>\n\t\t\t\t\t\t<\/div>\n\t\t\t\t\t\n\t\t\t\t\t<picture class=\"hero__image\">\n\t\t\t\t\t\t<img decoding=\"async\" src=\"https:\/\/www.viking-emea.com\/app\/uploads\/2024\/11\/Oil_Refinery_Bladder_Tank_Foam_Shutterstock_4.1-min-1-2000x500-c-default.webp\"\n\t\t\t\t\t\t\t alt=\"Mitigate Fire Events in the oil &#038; gas industry\"\n\t\t\t\t\t\t\t srcset=\"https:\/\/www.viking-emea.com\/app\/uploads\/2024\/11\/Oil_Refinery_Bladder_Tank_Foam_Shutterstock_4.1-min-1-2000x500-c-default.webp 1x\">\n\t\t\t\t\t<\/picture>\n\t\t\t\t<\/div>\n\t\t\t<\/div>\n\t\t\t\t\t<\/div>\n\t\t<\/div>\n\n\t\t\n\t\t<div class=\"hero__gradient\">\n\t\t\t<div class=\"hero__gradient__inner\" data-hero-gradient><\/div>\n\t\t<\/div>\n\n\t\t<div class=\"hero__color\">\n\t\t\t<div class=\"hero__color__inner\" data-hero-color><\/div>\n\t\t<\/div>\n\t<\/section>\n\n<\/div>\n\n\n\n<div class=\"wp-block-group is-layout-constrained wp-container-core-group-is-layout-48dbd97c wp-block-group-is-layout-constrained\" style=\"padding-right:0px;padding-left:0px\">\n<div class=\"wp-block-columns is-style-toc-columns is-layout-flex wp-container-core-columns-is-layout-dfcdbb8e wp-block-columns-is-layout-flex\">\n<div class=\"wp-block-column is-layout-flow wp-block-column-is-layout-flow\" style=\"flex-basis:25%\"><div class=\"section-tracker\">\n\t<ul class=\"section-tracker__list\"><\/ul>\n<\/div>\n<\/div>\n\n\n\n<div class=\"wp-block-column is-layout-flow wp-block-column-is-layout-flow\" style=\"flex-basis:75%\">\n<div id=\"how-do-you-mitigate-fire-events\" class=\"wp-block-group is-style-text-technologies is-layout-constrained wp-container-core-group-is-layout-b3f79d73 wp-block-group-is-layout-constrained\" style=\"margin-top:0;margin-bottom:var(--wp--preset--spacing--108);padding-top:var(--wp--preset--spacing--0-24);padding-right:25px;padding-bottom:0;padding-left:25px\">\n<h2 class=\"wp-block-heading has-xx-large-font-size\" style=\"margin-bottom:32px;font-style:normal;font-weight:600\">Comment att\u00e9nuer les risques d\u2019incendie ?<\/h2>\n\n\n\n<p class=\"has-base-font-size\" style=\"margin-top:0;margin-bottom:var(--wp--preset--spacing--0-24);line-height:1.3\">Le stockage de liquides inflammables \u00e0 haute pression de vapeur, notamment de p\u00e9trole brut, pose des d\u00e9fis en mati\u00e8re de pr\u00e9vention et de s\u00e9curit\u00e9 incendie.<\/p>\n\n\n\n<p class=\"has-base-font-size\" style=\"margin-bottom:24px;line-height:1.3\">Un incendie non prot\u00e9g\u00e9 peut rapidement entra\u00eener des incendies \u00e0 grande \u00e9chelle, des explosions et d&#8217;\u00e9pais nuages \u200b\u200bde vapeur, qui constituent tous des dangers pour les infrastructures, les personnes et l&#8217;environnement. L&#8217;interruption des activit\u00e9s avec impact sur diverses parties prenantes constitue \u00e9galement un risque dans ce contexte.<\/p>\n<\/div>\n\n\n\n<div id=\"build-risk-awareness\" class=\"wp-block-group is-style-default has-gray-100-background-color has-background is-layout-constrained wp-container-core-group-is-layout-242e8ffa wp-block-group-is-layout-constrained\" style=\"margin-top:0;margin-bottom:0;padding-top:var(--wp--preset--spacing--48-24);padding-right:25px;padding-bottom:var(--wp--preset--spacing--108-56);padding-left:25px\">\n<h2 class=\"wp-block-heading has-xx-large-font-size\" style=\"margin-bottom:32px;font-style:normal;font-weight:600\">D\u00e9velopper la conscience des risques puis \u00e9tablir des solutions<\/h2>\n\n\n\n<p class=\"is-style-has-link has-base-font-size\" style=\"margin-bottom:24px;line-height:1.3\">Les propri\u00e9taires et les exploitants d&#8217;installations de stockage de p\u00e9trole brut ont plusieurs options pour att\u00e9nuer les risques d&#8217;incendie. La norme NFPA 30 (Flammable &amp; Combustible Liquids Code) fournit certaines directives, mais en plus des codes et des normes, les propri\u00e9taires et les exploitants peuvent envisager une approche bas\u00e9e sur les risques.<\/p>\n\n\n\n<p class=\"has-base-font-size\" style=\"margin-bottom:0;line-height:1.3\">Par exemple, doivent-ils laisser l&#8217;incendie br\u00fbler le carburant stock\u00e9 sans aucune activit\u00e9 de lutte contre l&#8217;incendie dans le r\u00e9servoir en feu ou peut-\u00eatre associer cette approche plut\u00f4t passive \u00e0 des mesures de protection limit\u00e9es dans lesquelles ils refroidissent l&#8217;infrastructure environnante (r\u00e9servoirs, \u00e9quipements de traitement, etc.) pour emp\u00eacher l&#8217;escalade de l&#8217;incendie (c&#8217;est-\u00e0-dire pour \u00e9viter ce que l&#8217;on appelle les \u00ab effets domino \u00bb).<\/p>\n\n\n\n<p class=\"has-base-font-size\" style=\"margin-bottom:0;line-height:1.3\">Ou bien, ils d\u00e9cident d&#8217;attaquer activement l&#8217;incendie, en utilisant des syst\u00e8mes de protection incendie fixes et\/ou mobiles pour \u00e9teindre l&#8217;incendie.<\/p>\n<\/div>\n\n\n\n<div id=\"solution-matrix\" class=\"wp-block-group is-style-text-technologies is-layout-constrained wp-container-core-group-is-layout-f966dea3 wp-block-group-is-layout-constrained\" style=\"margin-top:0;margin-bottom:0;padding-top:var(--wp--preset--spacing--48-24);padding-right:25px;padding-bottom:var(--wp--preset--spacing--48-24);padding-left:25px\">\n<h2 class=\"wp-block-heading has-xx-large-font-size\" style=\"margin-bottom:32px;font-style:normal;font-weight:600\">Matrice de solutions pour diff\u00e9rentes applications p\u00e9troli\u00e8res et gazi\u00e8res<\/h2>\n\n\n\n<p class=\"has-base-font-size\" style=\"margin-bottom:24px;line-height:1.3\">Les <strong>syst\u00e8mes fixes d&#8217;extinction de mousse <\/strong>se composent g\u00e9n\u00e9ralement de r\u00e9servoirs de stockage de mousse, de dispositifs de dosage\/m\u00e9lange et de dispositifs de d\u00e9charge de mousse. Ceux-ci peuvent par exemple \u00eatre situ\u00e9s au sommet du r\u00e9servoir. Dans les r\u00e9servoirs \u00e0 toit fixe, des chambres \u00e0 mousse et des verseurs sont utilis\u00e9s. Les r\u00e9servoirs \u00e0 toit flottant utilisent des g\u00e9n\u00e9rateurs de mousse \u00e0 joint de jante.<\/p>\n\n\n\n<p class=\"has-base-font-size\" style=\"margin-bottom:0;line-height:1.3\"><strong>Les canons de mousse <\/strong>prot\u00e8gent g\u00e9n\u00e9ralement les zones de jet\u00e9e, mais ils peuvent \u00e9galement \u00eatre install\u00e9s pour prot\u00e9ger d&#8217;autres zones telles que le r\u00e9servoir et la digue. Cependant, pour les zones de digue, il est plus courant de prot\u00e9ger celles qui sont \u00e9quip\u00e9es soit de chambres \u00e0 mousse et de g\u00e9n\u00e9rateurs, soit de g\u00e9n\u00e9rateurs \u00e0 expansion moyenne..<\/p>\n\n\n\n<p class=\"has-base-font-size\" style=\"margin-bottom:0;line-height:1.3\"><strong>Les syst\u00e8mes de d\u00e9luge et les hydrants d&#8217;incendie <\/strong>fonctionnent dans toutes ces zones et contribuent \u00e0 l&#8217;effet de refroidissement.<\/p>\n\n\n\n<p class=\"has-base-font-size\" style=\"margin-bottom:var(--wp--preset--spacing--64-40);line-height:1.3\"><strong>Les d\u00e9tecteurs d&#8217;incendie industriels <\/strong>compl\u00e8tent chaque syst\u00e8me fixe d&#8217;extinction d&#8217;incendie afin qu&#8217;ils soient capables de d\u00e9tecter les incidents \u00e0 un stade pr\u00e9coce et de d\u00e9clencher des actions ult\u00e9rieures.<\/p>\n\n\n\n<figure class=\"wp-block-image alignwide size-full\"><img loading=\"lazy\" decoding=\"async\" width=\"640\" height=\"398\" src=\"https:\/\/www.viking-emea.com\/app\/uploads\/2024\/11\/OilAndGas_SolutionMatrix_900x560px.webp\" alt=\"\" class=\"wp-image-4918\" srcset=\"https:\/\/www.viking-emea.com\/app\/uploads\/2024\/11\/OilAndGas_SolutionMatrix_900x560px.webp 640w, https:\/\/www.viking-emea.com\/app\/uploads\/2024\/11\/OilAndGas_SolutionMatrix_900x560px-300x187.webp 300w, https:\/\/www.viking-emea.com\/app\/uploads\/2024\/11\/OilAndGas_SolutionMatrix_900x560px-600x373.webp 600w\" sizes=\"auto, (max-width: 640px) 100vw, 640px\" \/><\/figure>\n<\/div>\n\n\n\n<div class=\"wp-block-group is-style-text-technologies has-gray-100-background-color has-background is-layout-constrained wp-container-core-group-is-layout-0f5b5637 wp-block-group-is-layout-constrained\" style=\"padding-top:48px;padding-right:25px;padding-bottom:var(--wp--preset--spacing--108);padding-left:25px\">\n<p class=\"has-base-font-size\"><em>Source de l&#8217;image : Shutterstock | Viking S.A.<\/em><\/p>\n<\/div>\n<\/div>\n<\/div>\n<\/div>\n\n\n\n<div class=\"wp-block-group alignfull is-style-share-page has-primary-background-color has-background is-layout-constrained wp-container-core-group-is-layout-05985797 wp-block-group-is-layout-constrained\" style=\"padding-top:24px;padding-right:96px;padding-bottom:24px;padding-left:96px\">\n\n<section class=\"share-page\">\n\t<div class=\"container\">\n\t\t<div class=\"share-page__wrapper\">\n\t\t\t<span class=\"text-base\">Ce contenu vous a plu ? Partagez-le !<\/span>\n\t\t\t<div class=\"share-page__buttons\">\n\t\t\t\t<a class=\"share-page__button share-page__button--linkedin\"\n\t\t\t\t   href=\"https:\/\/www.linkedin.com\/shareArticle?mini=true&#038;url=https:\/\/www.viking-emea.com\/fr\/industry-solutions\/solutions-to-mitigate-fire-in-oil-and-gas\/\">\n\t\t\t\t\t<svg class=\"h-full w-full\" viewBox=\"0 0 16 16\" fill=\"#164194\">\n\t<path fill-rule=\"evenodd\" clip-rule=\"evenodd\"\n\t\t  d=\"M3.26245 5.33333H0.242623C0.108598 5.33333 0 5.4471 0 5.58739V15.7459C0 15.8863 0.108598 16 0.242623 16H3.26245C3.39648 16 3.50508 15.8863 3.50508 15.7459V5.58739C3.50508 5.4471 3.39648 5.33333 3.26245 5.33333ZM1.75324 0C0.786496 0 0 0.797345 0 1.77741C0 2.75791 0.786496 3.55556 1.75324 3.55556C2.71922 3.55556 3.50508 2.75786 3.50508 1.77741C3.50512 0.797345 2.71922 0 1.75324 0ZM11.6691 5.33333C10.3796 5.33333 9.42638 5.86667 8.84821 6.47268V5.82815C8.84821 5.69111 8.73276 5.57997 8.59026 5.57997H5.51557C5.37307 5.57997 5.25762 5.69111 5.25762 5.82815V15.7518C5.25762 15.8889 5.37307 16 5.51557 16H8.71914C8.86163 16 8.97709 15.8889 8.97709 15.7518V10.8419C8.97709 9.18737 9.44418 8.54279 10.6429 8.54279C11.9484 8.54279 12.0522 9.57612 12.0522 10.927V15.7518C12.0522 15.8889 12.1677 16 12.3101 16H15.5149C15.6574 16 15.7729 15.8889 15.7729 15.7518V10.3085C15.7729 7.84834 15.2853 5.33333 11.6691 5.33333Z\"><\/path>\n<\/svg>\n\t\t\t\t<\/a>\n\n\t\t\t\t<a href=\"mailto:?subject=Viking EMEA&#038;body=https:\/\/www.viking-emea.com\/fr\/industry-solutions\/solutions-to-mitigate-fire-in-oil-and-gas\/\" class=\"share-page__button\">\n\t\t\t\t\t<svg xmlns=\"http:\/\/www.w3.org\/2000\/svg\" width=\"24\" height=\"24\" viewBox=\"0 0 24 24\" fill=\"none\" stroke=\"currentColor\"\n\t stroke-width=\"2\" stroke-linecap=\"round\" stroke-linejoin=\"round\">\n\t<path d=\"M4 4h16c1.1 0 2 .9 2 2v12c0 1.1-.9 2-2 2H4c-1.1 0-2-.9-2-2V6c0-1.1.9-2 2-2z\"><\/path>\n\t<polyline points=\"22,6 12,13 2,6\"><\/polyline>\n<\/svg>\n\t\t\t\t<\/a>\n\n\t\t\t\t<button data-clipboard-text=\"https:\/\/www.viking-emea.com\/fr\/industry-solutions\/solutions-to-mitigate-fire-in-oil-and-gas\/\" class=\"share-page__button\">\n\t\t\t\t\t<svg xmlns=\"http:\/\/www.w3.org\/2000\/svg\" width=\"24\" height=\"24\" viewBox=\"0 0 24 24\" fill=\"none\" stroke=\"currentColor\"\n\t stroke-width=\"2\" stroke-linecap=\"round\" stroke-linejoin=\"round\">\n\t<path d=\"M10 13a5 5 0 0 0 7.54.54l3-3a5 5 0 0 0-7.07-7.07l-1.72 1.71\"><\/path>\n\t<path d=\"M14 11a5 5 0 0 0-7.54-.54l-3 3a5 5 0 0 0 7.07 7.07l1.71-1.71\"><\/path>\n<\/svg>\n\t\t\t\t<\/button>\n\t\t\t<\/div>\n\t\t<\/div>\n\t<\/div>\n<\/section>\n\n\n\n<button data-button-scroll-top class=\"button-scroll-top\">\n\t<svg xmlns=\"http:\/\/www.w3.org\/2000\/svg\" width=\"24\" height=\"24\" viewBox=\"0 0 24 24\" fill=\"none\" stroke=\"currentColor\"\n\t\t stroke-width=\"2\" stroke-linecap=\"round\" stroke-linejoin=\"round\" class=\"text-primary-900\">\n\t\t<line x1=\"12\" y1=\"19\" x2=\"12\" y2=\"5\"><\/line>\n\t\t<polyline points=\"5 12 12 5 19 12\"><\/polyline>\n\t<\/svg>\n<\/button>\n<\/div>\n","protected":false},"excerpt":{"rendered":"<p>Learn about the options to mitigate fire events<\/p>\n","protected":false},"author":1771,"featured_media":0,"parent":4520,"menu_order":0,"comment_status":"closed","ping_status":"closed","template":"","meta":{"_acf_changed":false,"content-type":"","footnotes":""},"search-group":[121],"class_list":["post-5612","page","type-page","status-publish","hentry","search-group-industry-solutions"],"acf":[],"yoast_head":"<!-- This site is optimized with the Yoast SEO plugin v27.5 - https:\/\/yoast.com\/product\/yoast-seo-wordpress\/ -->\n<title>Att\u00e9nuer les risques d&#039;incendie dans l&#039;industrie p\u00e9troli\u00e8re et gazi\u00e8re - Viking EMEA<\/title>\n<meta name=\"robots\" content=\"index, follow, max-snippet:-1, max-image-preview:large, max-video-preview:-1\" \/>\n<link rel=\"canonical\" href=\"https:\/\/www.viking-emea.com\/fr\/industry-solutions\/solutions-to-mitigate-fire-in-oil-and-gas\/\" \/>\n<meta property=\"og:locale\" content=\"fr_FR\" \/>\n<meta property=\"og:type\" content=\"article\" \/>\n<meta property=\"og:title\" content=\"Att\u00e9nuer les risques d&#039;incendie dans l&#039;industrie p\u00e9troli\u00e8re et gazi\u00e8re - Viking EMEA\" \/>\n<meta property=\"og:description\" content=\"Learn about the options to mitigate fire events\" \/>\n<meta property=\"og:url\" content=\"https:\/\/www.viking-emea.com\/fr\/industry-solutions\/solutions-to-mitigate-fire-in-oil-and-gas\/\" \/>\n<meta property=\"og:site_name\" content=\"Viking EMEA\" \/>\n<meta property=\"article:modified_time\" content=\"2025-02-27T08:22:53+00:00\" \/>\n<meta property=\"og:image\" content=\"https:\/\/www.viking-emea.com\/app\/uploads\/2024\/11\/OilAndGas_SolutionMatrix_900x560px.webp\" \/>\n<meta name=\"twitter:card\" content=\"summary_large_image\" \/>\n<meta name=\"twitter:label1\" content=\"Est. reading time\" \/>\n\t<meta name=\"twitter:data1\" content=\"2 minutes\" \/>\n<script type=\"application\/ld+json\" class=\"yoast-schema-graph\">{\"@context\":\"https:\\\/\\\/schema.org\",\"@graph\":[{\"@type\":\"WebPage\",\"@id\":\"https:\\\/\\\/www.viking-emea.com\\\/fr\\\/industry-solutions\\\/solutions-to-mitigate-fire-in-oil-and-gas\\\/\",\"url\":\"https:\\\/\\\/www.viking-emea.com\\\/fr\\\/industry-solutions\\\/solutions-to-mitigate-fire-in-oil-and-gas\\\/\",\"name\":\"Att\u00e9nuer les risques d'incendie dans l'industrie p\u00e9troli\u00e8re et gazi\u00e8re - Viking EMEA\",\"isPartOf\":{\"@id\":\"https:\\\/\\\/www.viking-emea.com\\\/fr\\\/#website\"},\"primaryImageOfPage\":{\"@id\":\"https:\\\/\\\/www.viking-emea.com\\\/fr\\\/industry-solutions\\\/solutions-to-mitigate-fire-in-oil-and-gas\\\/#primaryimage\"},\"image\":{\"@id\":\"https:\\\/\\\/www.viking-emea.com\\\/fr\\\/industry-solutions\\\/solutions-to-mitigate-fire-in-oil-and-gas\\\/#primaryimage\"},\"thumbnailUrl\":\"https:\\\/\\\/www.viking-emea.com\\\/app\\\/uploads\\\/2024\\\/11\\\/OilAndGas_SolutionMatrix_900x560px.webp\",\"datePublished\":\"2024-10-28T10:55:56+00:00\",\"dateModified\":\"2025-02-27T08:22:53+00:00\",\"breadcrumb\":{\"@id\":\"https:\\\/\\\/www.viking-emea.com\\\/fr\\\/industry-solutions\\\/solutions-to-mitigate-fire-in-oil-and-gas\\\/#breadcrumb\"},\"inLanguage\":\"fr-FR\",\"potentialAction\":[{\"@type\":\"ReadAction\",\"target\":[\"https:\\\/\\\/www.viking-emea.com\\\/fr\\\/industry-solutions\\\/solutions-to-mitigate-fire-in-oil-and-gas\\\/\"]}]},{\"@type\":\"ImageObject\",\"inLanguage\":\"fr-FR\",\"@id\":\"https:\\\/\\\/www.viking-emea.com\\\/fr\\\/industry-solutions\\\/solutions-to-mitigate-fire-in-oil-and-gas\\\/#primaryimage\",\"url\":\"https:\\\/\\\/www.viking-emea.com\\\/app\\\/uploads\\\/2024\\\/11\\\/OilAndGas_SolutionMatrix_900x560px.webp\",\"contentUrl\":\"https:\\\/\\\/www.viking-emea.com\\\/app\\\/uploads\\\/2024\\\/11\\\/OilAndGas_SolutionMatrix_900x560px.webp\"},{\"@type\":\"BreadcrumbList\",\"@id\":\"https:\\\/\\\/www.viking-emea.com\\\/fr\\\/industry-solutions\\\/solutions-to-mitigate-fire-in-oil-and-gas\\\/#breadcrumb\",\"itemListElement\":[{\"@type\":\"ListItem\",\"position\":1,\"name\":\"Home\",\"item\":\"https:\\\/\\\/www.viking-emea.com\\\/fr\\\/\"},{\"@type\":\"ListItem\",\"position\":2,\"name\":\"Solutions Industrielles\",\"item\":\"https:\\\/\\\/www.viking-emea.com\\\/fr\\\/industry-solutions\\\/\"},{\"@type\":\"ListItem\",\"position\":3,\"name\":\"Att\u00e9nuer les risques d&#8217;incendie dans l&#8217;industrie p\u00e9troli\u00e8re et gazi\u00e8re\"}]},{\"@type\":\"WebSite\",\"@id\":\"https:\\\/\\\/www.viking-emea.com\\\/fr\\\/#website\",\"url\":\"https:\\\/\\\/www.viking-emea.com\\\/fr\\\/\",\"name\":\"Viking EMEA\",\"description\":\"Viking EMEA\",\"potentialAction\":[{\"@type\":\"SearchAction\",\"target\":{\"@type\":\"EntryPoint\",\"urlTemplate\":\"https:\\\/\\\/www.viking-emea.com\\\/fr\\\/?s={search_term_string}\"},\"query-input\":{\"@type\":\"PropertyValueSpecification\",\"valueRequired\":true,\"valueName\":\"search_term_string\"}}],\"inLanguage\":\"fr-FR\"}]}<\/script>\n<!-- \/ Yoast SEO plugin. -->","yoast_head_json":{"title":"Att\u00e9nuer les risques d'incendie dans l'industrie p\u00e9troli\u00e8re et gazi\u00e8re - Viking EMEA","robots":{"index":"index","follow":"follow","max-snippet":"max-snippet:-1","max-image-preview":"max-image-preview:large","max-video-preview":"max-video-preview:-1"},"canonical":"https:\/\/www.viking-emea.com\/fr\/industry-solutions\/solutions-to-mitigate-fire-in-oil-and-gas\/","og_locale":"fr_FR","og_type":"article","og_title":"Att\u00e9nuer les risques d'incendie dans l'industrie p\u00e9troli\u00e8re et gazi\u00e8re - Viking EMEA","og_description":"Learn about the options to mitigate fire events","og_url":"https:\/\/www.viking-emea.com\/fr\/industry-solutions\/solutions-to-mitigate-fire-in-oil-and-gas\/","og_site_name":"Viking EMEA","article_modified_time":"2025-02-27T08:22:53+00:00","og_image":[{"url":"https:\/\/www.viking-emea.com\/app\/uploads\/2024\/11\/OilAndGas_SolutionMatrix_900x560px.webp","type":"","width":"","height":""}],"twitter_card":"summary_large_image","twitter_misc":{"Est. reading time":"2 minutes"},"schema":{"@context":"https:\/\/schema.org","@graph":[{"@type":"WebPage","@id":"https:\/\/www.viking-emea.com\/fr\/industry-solutions\/solutions-to-mitigate-fire-in-oil-and-gas\/","url":"https:\/\/www.viking-emea.com\/fr\/industry-solutions\/solutions-to-mitigate-fire-in-oil-and-gas\/","name":"Att\u00e9nuer les risques d'incendie dans l'industrie p\u00e9troli\u00e8re et gazi\u00e8re - Viking EMEA","isPartOf":{"@id":"https:\/\/www.viking-emea.com\/fr\/#website"},"primaryImageOfPage":{"@id":"https:\/\/www.viking-emea.com\/fr\/industry-solutions\/solutions-to-mitigate-fire-in-oil-and-gas\/#primaryimage"},"image":{"@id":"https:\/\/www.viking-emea.com\/fr\/industry-solutions\/solutions-to-mitigate-fire-in-oil-and-gas\/#primaryimage"},"thumbnailUrl":"https:\/\/www.viking-emea.com\/app\/uploads\/2024\/11\/OilAndGas_SolutionMatrix_900x560px.webp","datePublished":"2024-10-28T10:55:56+00:00","dateModified":"2025-02-27T08:22:53+00:00","breadcrumb":{"@id":"https:\/\/www.viking-emea.com\/fr\/industry-solutions\/solutions-to-mitigate-fire-in-oil-and-gas\/#breadcrumb"},"inLanguage":"fr-FR","potentialAction":[{"@type":"ReadAction","target":["https:\/\/www.viking-emea.com\/fr\/industry-solutions\/solutions-to-mitigate-fire-in-oil-and-gas\/"]}]},{"@type":"ImageObject","inLanguage":"fr-FR","@id":"https:\/\/www.viking-emea.com\/fr\/industry-solutions\/solutions-to-mitigate-fire-in-oil-and-gas\/#primaryimage","url":"https:\/\/www.viking-emea.com\/app\/uploads\/2024\/11\/OilAndGas_SolutionMatrix_900x560px.webp","contentUrl":"https:\/\/www.viking-emea.com\/app\/uploads\/2024\/11\/OilAndGas_SolutionMatrix_900x560px.webp"},{"@type":"BreadcrumbList","@id":"https:\/\/www.viking-emea.com\/fr\/industry-solutions\/solutions-to-mitigate-fire-in-oil-and-gas\/#breadcrumb","itemListElement":[{"@type":"ListItem","position":1,"name":"Home","item":"https:\/\/www.viking-emea.com\/fr\/"},{"@type":"ListItem","position":2,"name":"Solutions Industrielles","item":"https:\/\/www.viking-emea.com\/fr\/industry-solutions\/"},{"@type":"ListItem","position":3,"name":"Att\u00e9nuer les risques d&#8217;incendie dans l&#8217;industrie p\u00e9troli\u00e8re et gazi\u00e8re"}]},{"@type":"WebSite","@id":"https:\/\/www.viking-emea.com\/fr\/#website","url":"https:\/\/www.viking-emea.com\/fr\/","name":"Viking EMEA","description":"Viking EMEA","potentialAction":[{"@type":"SearchAction","target":{"@type":"EntryPoint","urlTemplate":"https:\/\/www.viking-emea.com\/fr\/?s={search_term_string}"},"query-input":{"@type":"PropertyValueSpecification","valueRequired":true,"valueName":"search_term_string"}}],"inLanguage":"fr-FR"}]}},"_links":{"self":[{"href":"https:\/\/www.viking-emea.com\/fr\/wp-json\/wp\/v2\/pages\/5612","targetHints":{"allow":["GET"]}}],"collection":[{"href":"https:\/\/www.viking-emea.com\/fr\/wp-json\/wp\/v2\/pages"}],"about":[{"href":"https:\/\/www.viking-emea.com\/fr\/wp-json\/wp\/v2\/types\/page"}],"author":[{"embeddable":true,"href":"https:\/\/www.viking-emea.com\/fr\/wp-json\/wp\/v2\/users\/1771"}],"replies":[{"embeddable":true,"href":"https:\/\/www.viking-emea.com\/fr\/wp-json\/wp\/v2\/comments?post=5612"}],"version-history":[{"count":0,"href":"https:\/\/www.viking-emea.com\/fr\/wp-json\/wp\/v2\/pages\/5612\/revisions"}],"up":[{"embeddable":true,"href":"https:\/\/www.viking-emea.com\/fr\/wp-json\/wp\/v2\/pages\/4520"}],"wp:attachment":[{"href":"https:\/\/www.viking-emea.com\/fr\/wp-json\/wp\/v2\/media?parent=5612"}],"wp:term":[{"taxonomy":"search-group","embeddable":true,"href":"https:\/\/www.viking-emea.com\/fr\/wp-json\/wp\/v2\/search-group?post=5612"}],"curies":[{"name":"wp","href":"https:\/\/api.w.org\/{rel}","templated":true}]}}