{"id":5560,"date":"2024-11-13T08:34:41","date_gmt":"2024-11-13T07:34:41","guid":{"rendered":"https:\/\/www.viking-emea.com\/?page_id=5560"},"modified":"2025-02-27T08:27:47","modified_gmt":"2025-02-27T07:27:47","slug":"steelwork-water-mist","status":"publish","type":"page","link":"https:\/\/www.viking-emea.com\/fr\/industry-solutions\/steelwork-water-mist\/","title":{"rendered":"Usine de m\u00e9tallurgie"},"content":{"rendered":"\n<div class=\"wp-block-group alignfull is-layout-constrained wp-container-core-group-is-layout-d22ff40a wp-block-group-is-layout-constrained\" style=\"padding-top:0px;padding-right:0px;padding-bottom:0px;padding-left:0px\">\n\t<section class=\"hero\">\n\t\t<div class=\"hero__slider swiper\" data-hero-slider>\n\t\t\t<div class=\"swiper-wrapper\">\n\t\t\t\t\t\t\t\t\n\t\t\t\t<div \n\t\t\t\tclass=\"swiper-slide\">\n\t\t\t\t<div class=\"hero__slide\" data-color=\"#ffd200\" data-gradient=\"purple\">\n\t\t\t\t\t\t\t\t\t\t\t<div class=\"hero__content\">\n\t\t\t\t\t\t\t<div class=\"container\">\n\t\t\t\t\t\t\t\t<div class=\"hero__title\">\n\t\t\t\t\t\t\t\t\t<h2 class=\"hero__title__text text-3xl\" id=\"\">Protection des installations sid\u00e9rurgiques<\/h2>\n\t\t\t\t\t\t\t\t<\/div>\n\t\t\t\t\t\t\t<\/div>\n\t\t\t\t\t\t<\/div>\n\t\t\t\t\t\n\t\t\t\t\t<picture class=\"hero__image\">\n\t\t\t\t\t\t<img decoding=\"async\" src=\"https:\/\/www.viking-emea.com\/app\/uploads\/2024\/11\/HeroBannerPix_2000x500_Steel_Works-1-2000x500-c-default.webp\"\n\t\t\t\t\t\t\t alt=\"Steelwork facility protection\"\n\t\t\t\t\t\t\t srcset=\"https:\/\/www.viking-emea.com\/app\/uploads\/2024\/11\/HeroBannerPix_2000x500_Steel_Works-1-2000x500-c-default.webp 1x\">\n\t\t\t\t\t<\/picture>\n\t\t\t\t<\/div>\n\t\t\t<\/div>\n\t\t\t\t\t<\/div>\n\t\t<\/div>\n\n\t\t\n\t\t<div class=\"hero__gradient\">\n\t\t\t<div class=\"hero__gradient__inner\" data-hero-gradient><\/div>\n\t\t<\/div>\n\n\t\t<div class=\"hero__color\">\n\t\t\t<div class=\"hero__color__inner\" data-hero-color><\/div>\n\t\t<\/div>\n\t<\/section>\n\n<\/div>\n\n\n\n<div class=\"wp-block-group is-layout-constrained wp-container-core-group-is-layout-48dbd97c wp-block-group-is-layout-constrained\" style=\"padding-right:0px;padding-left:0px\">\n<div class=\"wp-block-columns is-style-toc-columns is-layout-flex wp-container-core-columns-is-layout-dfcdbb8e wp-block-columns-is-layout-flex\">\n<div class=\"wp-block-column is-layout-flow wp-block-column-is-layout-flow\" style=\"flex-basis:25%\"><div class=\"section-tracker\">\n\t<ul class=\"section-tracker__list\"><\/ul>\n<\/div>\n<\/div>\n\n\n\n<div class=\"wp-block-column is-layout-flow wp-block-column-is-layout-flow\" style=\"flex-basis:75%\">\n<div id=\"about\" class=\"wp-block-group is-style-text-technologies is-layout-constrained wp-container-core-group-is-layout-b3f79d73 wp-block-group-is-layout-constrained\" style=\"margin-top:0;margin-bottom:var(--wp--preset--spacing--108);padding-top:var(--wp--preset--spacing--0-24);padding-right:25px;padding-bottom:0;padding-left:25px\">\n<h2 class=\"wp-block-heading has-xx-large-font-size\" style=\"margin-bottom:32px;font-style:normal;font-weight:600\">Syst\u00e8me de brouillard d&#8217;eau ProCon pour les aci\u00e9ries<\/h2>\n\n\n\n<h2 class=\"wp-block-heading has-large-font-size\" style=\"margin-bottom:16px;padding-bottom:0;font-style:normal;font-weight:600;line-height:1.16\"><strong>Un syst\u00e8me complet de protection contre les incendies pour les aci\u00e9ries<\/strong><\/h2>\n\n\n\n<p class=\"has-base-font-size\" style=\"margin-top:0;margin-bottom:var(--wp--preset--spacing--0-24);line-height:1.3\">La protection contre les incendies est de la plus haute importance dans tout b\u00e2timent, car elle garantit la s\u00e9curit\u00e9 de l&#8217;installation, le bien-\u00eatre des employ\u00e9s et r\u00e9duit le risque d&#8217;interruption prolong\u00e9e de l&#8217;activit\u00e9. Les syst\u00e8mes de brouillard d&#8217;eau Viking sont bien adapt\u00e9s aux diff\u00e9rents risques que l&#8217;on peut trouver dans de telles installations, assurant une protection efficace de toutes les zones.<\/p>\n\n\n\n<p class=\"has-base-font-size\" style=\"margin-bottom:24px;line-height:1.3\">Caract\u00e9ristiques et avantages\u00a0:<\/p>\n\n\n\n<ul style=\"margin-bottom:20px;padding-bottom:0\" class=\"wp-block-list\">\n<li class=\"has-base-font-size\" style=\"line-height:1.7\">La faible consommation d&#8217;eau et l&#8217;\u00e9vacuation des eaux us\u00e9es r\u00e9duisent le risque de dommages importants caus\u00e9s par l&#8217;eau aux machines et aux infrastructures co\u00fbteuses<\/li>\n\n\n\n<li>Les composants peu encombrants permettent aux propri\u00e9taires de maximiser l&#8217;espace<\/li>\n\n\n\n<li>Les tuyaux de petit diam\u00e8tre et les buses dissimul\u00e9es permettent de trouver des solutions efficaces et discr\u00e8tes l\u00e0 o\u00f9 c&#8217;est n\u00e9cessaire<\/li>\n\n\n\n<li>Les pompes \u00e9lectriques n\u00e9cessitent moins d&#8217;entretien que les pompes \u00e0 incendie diesel, ce qui permet d&#8217;\u00e9conomiser du temps et de l&#8217;argent pour les essais<\/li>\n\n\n\n<li>Le contr\u00f4le de la chaleur en cas d&#8217;incendie r\u00e9duit le rayonnement et donc la propagation potentielle de l&#8217;incendie aux zones de fabrication adjacentes<\/li>\n\n\n\n<li class=\"has-base-font-size\" style=\"line-height:1.7\">Le syst\u00e8me est assorti d&#8217;un faible co\u00fbt de possession<\/li>\n<\/ul>\n\n\n\n<p class=\"has-base-font-size\" style=\"margin-top:0;margin-bottom:var(--wp--preset--spacing--0-24);padding-top:0;line-height:1.3\">Le syst\u00e8me de brouillard d&#8217;eau ProCon PC-M\u00a0:<\/p>\n\n\n\n<ul class=\"wp-block-list\">\n<li class=\"has-base-font-size\" style=\"line-height:1.7\">a pass\u00e9 avec succ\u00e8s les protocoles d&#8217;essai rigoureux des tierces parties \u00e9tablis par VdS<\/li>\n\n\n\n<li class=\"has-base-font-size\" style=\"line-height:1.7\">est conforme aux exigences de la norme EN14972-1:2020 telle que publi\u00e9e par le CEN<\/li>\n<\/ul>\n<\/div>\n\n\n\n<div id=\"procon-provides-peace-of-mind\" class=\"wp-block-group is-style-text-technologies has-gray-100-background-color has-background is-layout-constrained wp-container-core-group-is-layout-f966dea3 wp-block-group-is-layout-constrained\" style=\"margin-top:0;margin-bottom:0;padding-top:var(--wp--preset--spacing--48-24);padding-right:25px;padding-bottom:var(--wp--preset--spacing--48-24);padding-left:25px\">\n<h2 class=\"wp-block-heading has-xx-large-font-size\" style=\"margin-bottom:32px;font-style:normal;font-weight:600\">ProCon assure la tranquillit\u00e9 d&#8217;esprit<\/h2>\n\n\n\n<p class=\"has-base-font-size\" style=\"margin-bottom:24px;line-height:1.3\">Les aci\u00e9ries peuvent pr\u00e9senter des risques d&#8217;incendie complexes. Les processus de fabrication qui se d\u00e9roulent dans des environnements \u00e0 haute temp\u00e9rature n\u00e9cessitent une conception complexe des b\u00e2timents et des infrastructures.<\/p>\n\n\n\n<p class=\"has-base-font-size\" style=\"margin-bottom:0;line-height:1.3\">En installant des syst\u00e8mes de brouillard d&#8217;eau, les op\u00e9rateurs peuvent se conformer aux r\u00e9glementations en mati\u00e8re de construction, ce qui garantit un environnement de travail conforme et s\u00fbr. La protection des biens, la s\u00e9curit\u00e9 des employ\u00e9s et la continuit\u00e9 des activit\u00e9s sont maintenues.<\/p>\n\n\n\n<p class=\"has-base-font-size\" style=\"margin-bottom:0;padding-bottom:var(--wp--preset--spacing--64-24);line-height:1.3\">L&#8217;objectif de tous les propri\u00e9taires de b\u00e2timents devrait \u00eatre de cr\u00e9er <strong>des environnements et des lieux de travail s\u00fbrs en cas d&#8217;incendie<\/strong>\u00a0. Les syst\u00e8mes de brouillard d&#8217;eau offrent\u00a0<strong>une solution \u00e9prouv\u00e9e<\/strong>\u00a0qui est propre, rentable et qui r\u00e9duit les risques &#8211; ce qui permet aux propri\u00e9taires d&#8217;avoir l&#8217;esprit tranquille.<\/p>\n\n\n\n<div class=\"wp-block-buttons is-layout-flex wp-block-buttons-is-layout-flex\" style=\"margin-top:0\">\n<div class=\"wp-block-button has-custom-font-size has-base-font-size\" style=\"font-style:normal;font-weight:600;line-height:1.3\"><a class=\"wp-block-button__link wp-element-button\" href=\"https:\/\/www.viking-emea.com\/app\/uploads\/2024\/11\/viking_documents_2024-11-13_0779eb78-f1c4-4704-8f41-fcbb40e190d6.zip\" style=\"padding-top:7px;padding-right:12px;padding-bottom:7px;padding-left:12px\">Plus d&#8217;information<\/a><\/div>\n<\/div>\n<\/div>\n\n\n\n<div id=\"product-spotlight\" class=\"wp-block-group is-style-text-with-image-on-background is-layout-constrained wp-block-group-is-layout-constrained\" style=\"margin-bottom:0\">\n<div class=\"wp-block-columns is-layout-flex wp-container-core-columns-is-layout-6127943d wp-block-columns-is-layout-flex\">\n<div class=\"wp-block-column is-layout-flow wp-block-column-is-layout-flow\">\n<h2 class=\"wp-block-heading has-xx-large-font-size\" style=\"margin-bottom:32px;font-style:normal;font-weight:600\">Pleins feux sur les produits<\/h2>\n\n\n\n<p class=\"has-base-font-size\" style=\"margin-bottom:24px;line-height:1.3\">Le syst\u00e8me ProCon PC-M utilise des\u00a0<strong>buses \u00e0 impulsion de type MXID ou des buses \u00e0 jet h\u00e9lico\u00efdal de type MXDD.<\/strong> La conception des buses PC-M et du filtre int\u00e9gr\u00e9 permet d&#8217;utiliser des tuyaux galvanis\u00e9s standard, ce qui \u00e9vite d&#8217;avoir recours \u00e0 des syst\u00e8mes de tuyauterie sp\u00e9cialis\u00e9s co\u00fbteux. L&#8217;utilisation d&#8217;eau d&#8217;extinction sp\u00e9cialement trait\u00e9e peut \u00e9galement \u00eatre \u00e9vit\u00e9e. Un capuchon avec cha\u00eene de retenue peut prot\u00e9ger la buse de la contamination ext\u00e9rieure dans des environnements particuli\u00e8rement sales tels que les bandes transporteuses environnantes.<\/p>\n\n\n\n<p class=\"has-base-font-size\" style=\"margin-bottom:24px;line-height:1.3\">Le syst\u00e8me ProCon PC-M cr\u00e9e de fines gouttelettes, ce qui augmente la surface de contact pour le transfert de chaleur et optimise ainsi l&#8217;effet de refroidissement de l&#8217;eau. En outre, la vaporisation rapide des petites gouttelettes d&#8217;eau dans la zone de la flamme produit une grande quantit\u00e9 de vapeur qui emp\u00eache l&#8217;oxyg\u00e8ne d&#8217;atteindre le feu. Une combinaison efficace pour contr\u00f4ler et \u00e9teindre rapidement un incendie. En outre, les gouttelettes d&#8217;eau plus petites minimisent la d\u00e9formation de l&#8217;\u00e9quipement due \u00e0 l&#8217;augmentation de la chaleur.<\/p>\n<\/div>\n\n\n\n<div class=\"wp-block-column is-vertically-aligned-top is-layout-flow wp-block-column-is-layout-flow\" style=\"padding-top:0\">\n<figure class=\"wp-block-image aligncenter size-full\"><img loading=\"lazy\" decoding=\"async\" width=\"900\" height=\"560\" src=\"https:\/\/www.viking-emea.com\/app\/uploads\/2024\/11\/ProCon_PC-M_MXID_ImpulseNozzle_900x560px.webp\" alt=\"\" class=\"wp-image-2894\" style=\"aspect-ratio:16\/9;object-fit:contain\" srcset=\"https:\/\/www.viking-emea.com\/app\/uploads\/2024\/11\/ProCon_PC-M_MXID_ImpulseNozzle_900x560px.webp 900w, https:\/\/www.viking-emea.com\/app\/uploads\/2024\/11\/ProCon_PC-M_MXID_ImpulseNozzle_900x560px-300x187.webp 300w, https:\/\/www.viking-emea.com\/app\/uploads\/2024\/11\/ProCon_PC-M_MXID_ImpulseNozzle_900x560px-768x478.webp 768w, https:\/\/www.viking-emea.com\/app\/uploads\/2024\/11\/ProCon_PC-M_MXID_ImpulseNozzle_900x560px-600x373.webp 600w\" sizes=\"auto, (max-width: 900px) 100vw, 900px\" \/><\/figure>\n\n\n\n<p class=\"has-text-align-center has-base-font-size\" style=\"margin-top:0;padding-top:16px;line-height:1.3\">Buse \u00e0 impulsion ProCon PC-M MXID<\/p>\n<\/div>\n<\/div>\n<\/div>\n\n\n\n<div class=\"wp-block-group is-style-text-technologies has-gray-100-background-color has-background is-layout-constrained wp-container-core-group-is-layout-0f5b5637 wp-block-group-is-layout-constrained\" style=\"padding-top:48px;padding-right:25px;padding-bottom:var(--wp--preset--spacing--108);padding-left:25px\">\n<p class=\"has-base-font-size\"><em>Source de l&#8217;image: Shutterstock<\/em><\/p>\n<\/div>\n<\/div>\n<\/div>\n<\/div>\n\n\n\n<div class=\"wp-block-group alignfull is-style-share-page has-primary-background-color has-background is-layout-constrained wp-container-core-group-is-layout-05985797 wp-block-group-is-layout-constrained\" style=\"padding-top:24px;padding-right:96px;padding-bottom:24px;padding-left:96px\">\n\n<section class=\"share-page\">\n\t<div class=\"container\">\n\t\t<div class=\"share-page__wrapper\">\n\t\t\t<span class=\"text-base\">Ce contenu vous a plu ? Partagez-le !<\/span>\n\t\t\t<div class=\"share-page__buttons\">\n\t\t\t\t<a class=\"share-page__button share-page__button--linkedin\"\n\t\t\t\t   href=\"https:\/\/www.linkedin.com\/shareArticle?mini=true&#038;url=https:\/\/www.viking-emea.com\/fr\/industry-solutions\/steelwork-water-mist\/\">\n\t\t\t\t\t<svg class=\"h-full w-full\" viewBox=\"0 0 16 16\" fill=\"#164194\">\n\t<path fill-rule=\"evenodd\" clip-rule=\"evenodd\"\n\t\t  d=\"M3.26245 5.33333H0.242623C0.108598 5.33333 0 5.4471 0 5.58739V15.7459C0 15.8863 0.108598 16 0.242623 16H3.26245C3.39648 16 3.50508 15.8863 3.50508 15.7459V5.58739C3.50508 5.4471 3.39648 5.33333 3.26245 5.33333ZM1.75324 0C0.786496 0 0 0.797345 0 1.77741C0 2.75791 0.786496 3.55556 1.75324 3.55556C2.71922 3.55556 3.50508 2.75786 3.50508 1.77741C3.50512 0.797345 2.71922 0 1.75324 0ZM11.6691 5.33333C10.3796 5.33333 9.42638 5.86667 8.84821 6.47268V5.82815C8.84821 5.69111 8.73276 5.57997 8.59026 5.57997H5.51557C5.37307 5.57997 5.25762 5.69111 5.25762 5.82815V15.7518C5.25762 15.8889 5.37307 16 5.51557 16H8.71914C8.86163 16 8.97709 15.8889 8.97709 15.7518V10.8419C8.97709 9.18737 9.44418 8.54279 10.6429 8.54279C11.9484 8.54279 12.0522 9.57612 12.0522 10.927V15.7518C12.0522 15.8889 12.1677 16 12.3101 16H15.5149C15.6574 16 15.7729 15.8889 15.7729 15.7518V10.3085C15.7729 7.84834 15.2853 5.33333 11.6691 5.33333Z\"><\/path>\n<\/svg>\n\t\t\t\t<\/a>\n\n\t\t\t\t<a href=\"mailto:?subject=Viking EMEA&#038;body=https:\/\/www.viking-emea.com\/fr\/industry-solutions\/steelwork-water-mist\/\" class=\"share-page__button\">\n\t\t\t\t\t<svg xmlns=\"http:\/\/www.w3.org\/2000\/svg\" width=\"24\" height=\"24\" viewBox=\"0 0 24 24\" fill=\"none\" stroke=\"currentColor\"\n\t stroke-width=\"2\" stroke-linecap=\"round\" stroke-linejoin=\"round\">\n\t<path d=\"M4 4h16c1.1 0 2 .9 2 2v12c0 1.1-.9 2-2 2H4c-1.1 0-2-.9-2-2V6c0-1.1.9-2 2-2z\"><\/path>\n\t<polyline points=\"22,6 12,13 2,6\"><\/polyline>\n<\/svg>\n\t\t\t\t<\/a>\n\n\t\t\t\t<button data-clipboard-text=\"https:\/\/www.viking-emea.com\/fr\/industry-solutions\/steelwork-water-mist\/\" class=\"share-page__button\">\n\t\t\t\t\t<svg xmlns=\"http:\/\/www.w3.org\/2000\/svg\" width=\"24\" height=\"24\" viewBox=\"0 0 24 24\" fill=\"none\" stroke=\"currentColor\"\n\t stroke-width=\"2\" stroke-linecap=\"round\" stroke-linejoin=\"round\">\n\t<path d=\"M10 13a5 5 0 0 0 7.54.54l3-3a5 5 0 0 0-7.07-7.07l-1.72 1.71\"><\/path>\n\t<path d=\"M14 11a5 5 0 0 0-7.54-.54l-3 3a5 5 0 0 0 7.07 7.07l1.71-1.71\"><\/path>\n<\/svg>\n\t\t\t\t<\/button>\n\t\t\t<\/div>\n\t\t<\/div>\n\t<\/div>\n<\/section>\n\n\n\n<button data-button-scroll-top class=\"button-scroll-top\">\n\t<svg xmlns=\"http:\/\/www.w3.org\/2000\/svg\" width=\"24\" height=\"24\" viewBox=\"0 0 24 24\" fill=\"none\" stroke=\"currentColor\"\n\t\t stroke-width=\"2\" stroke-linecap=\"round\" stroke-linejoin=\"round\" class=\"text-primary-900\">\n\t\t<line x1=\"12\" y1=\"19\" x2=\"12\" y2=\"5\"><\/line>\n\t\t<polyline points=\"5 12 12 5 19 12\"><\/polyline>\n\t<\/svg>\n<\/button>\n<\/div>\n","protected":false},"excerpt":{"rendered":"<p>ProCon system for steelwork facility protection<\/p>\n","protected":false},"author":1771,"featured_media":0,"parent":4520,"menu_order":0,"comment_status":"closed","ping_status":"closed","template":"","meta":{"_acf_changed":false,"content-type":"","footnotes":""},"search-group":[121],"class_list":["post-5560","page","type-page","status-publish","hentry","search-group-industry-solutions"],"acf":[],"yoast_head":"<!-- This site is optimized with the Yoast SEO plugin v27.3 - https:\/\/yoast.com\/product\/yoast-seo-wordpress\/ -->\n<title>Usine de m\u00e9tallurgie - Viking EMEA<\/title>\n<meta name=\"robots\" content=\"index, follow, max-snippet:-1, max-image-preview:large, max-video-preview:-1\" \/>\n<link rel=\"canonical\" href=\"https:\/\/www.viking-emea.com\/fr\/industry-solutions\/steelwork-water-mist\/\" \/>\n<meta property=\"og:locale\" content=\"fr_FR\" \/>\n<meta property=\"og:type\" content=\"article\" \/>\n<meta property=\"og:title\" content=\"Usine de m\u00e9tallurgie - Viking EMEA\" \/>\n<meta property=\"og:description\" content=\"ProCon system for steelwork facility protection\" \/>\n<meta property=\"og:url\" content=\"https:\/\/www.viking-emea.com\/fr\/industry-solutions\/steelwork-water-mist\/\" \/>\n<meta property=\"og:site_name\" content=\"Viking EMEA\" \/>\n<meta property=\"article:modified_time\" content=\"2025-02-27T07:27:47+00:00\" \/>\n<meta property=\"og:image\" content=\"https:\/\/www.viking-emea.com\/app\/uploads\/2024\/11\/ProCon_PC-M_MXID_ImpulseNozzle_900x560px.webp\" \/>\n<meta name=\"twitter:card\" content=\"summary_large_image\" \/>\n<meta name=\"twitter:label1\" content=\"Est. reading time\" \/>\n\t<meta name=\"twitter:data1\" content=\"3 minutes\" \/>\n<script type=\"application\/ld+json\" class=\"yoast-schema-graph\">{\"@context\":\"https:\\\/\\\/schema.org\",\"@graph\":[{\"@type\":\"WebPage\",\"@id\":\"https:\\\/\\\/www.viking-emea.com\\\/fr\\\/industry-solutions\\\/steelwork-water-mist\\\/\",\"url\":\"https:\\\/\\\/www.viking-emea.com\\\/fr\\\/industry-solutions\\\/steelwork-water-mist\\\/\",\"name\":\"Usine de m\u00e9tallurgie - Viking EMEA\",\"isPartOf\":{\"@id\":\"https:\\\/\\\/www.viking-emea.com\\\/fr\\\/#website\"},\"primaryImageOfPage\":{\"@id\":\"https:\\\/\\\/www.viking-emea.com\\\/fr\\\/industry-solutions\\\/steelwork-water-mist\\\/#primaryimage\"},\"image\":{\"@id\":\"https:\\\/\\\/www.viking-emea.com\\\/fr\\\/industry-solutions\\\/steelwork-water-mist\\\/#primaryimage\"},\"thumbnailUrl\":\"https:\\\/\\\/www.viking-emea.com\\\/app\\\/uploads\\\/2024\\\/11\\\/ProCon_PC-M_MXID_ImpulseNozzle_900x560px.webp\",\"datePublished\":\"2024-11-13T07:34:41+00:00\",\"dateModified\":\"2025-02-27T07:27:47+00:00\",\"breadcrumb\":{\"@id\":\"https:\\\/\\\/www.viking-emea.com\\\/fr\\\/industry-solutions\\\/steelwork-water-mist\\\/#breadcrumb\"},\"inLanguage\":\"fr-FR\",\"potentialAction\":[{\"@type\":\"ReadAction\",\"target\":[\"https:\\\/\\\/www.viking-emea.com\\\/fr\\\/industry-solutions\\\/steelwork-water-mist\\\/\"]}]},{\"@type\":\"ImageObject\",\"inLanguage\":\"fr-FR\",\"@id\":\"https:\\\/\\\/www.viking-emea.com\\\/fr\\\/industry-solutions\\\/steelwork-water-mist\\\/#primaryimage\",\"url\":\"https:\\\/\\\/www.viking-emea.com\\\/app\\\/uploads\\\/2024\\\/11\\\/ProCon_PC-M_MXID_ImpulseNozzle_900x560px.webp\",\"contentUrl\":\"https:\\\/\\\/www.viking-emea.com\\\/app\\\/uploads\\\/2024\\\/11\\\/ProCon_PC-M_MXID_ImpulseNozzle_900x560px.webp\"},{\"@type\":\"BreadcrumbList\",\"@id\":\"https:\\\/\\\/www.viking-emea.com\\\/fr\\\/industry-solutions\\\/steelwork-water-mist\\\/#breadcrumb\",\"itemListElement\":[{\"@type\":\"ListItem\",\"position\":1,\"name\":\"Home\",\"item\":\"https:\\\/\\\/www.viking-emea.com\\\/fr\\\/\"},{\"@type\":\"ListItem\",\"position\":2,\"name\":\"Solutions Industrielles\",\"item\":\"https:\\\/\\\/www.viking-emea.com\\\/fr\\\/industry-solutions\\\/\"},{\"@type\":\"ListItem\",\"position\":3,\"name\":\"Usine de m\u00e9tallurgie\"}]},{\"@type\":\"WebSite\",\"@id\":\"https:\\\/\\\/www.viking-emea.com\\\/fr\\\/#website\",\"url\":\"https:\\\/\\\/www.viking-emea.com\\\/fr\\\/\",\"name\":\"Viking EMEA\",\"description\":\"Viking EMEA\",\"potentialAction\":[{\"@type\":\"SearchAction\",\"target\":{\"@type\":\"EntryPoint\",\"urlTemplate\":\"https:\\\/\\\/www.viking-emea.com\\\/fr\\\/?s={search_term_string}\"},\"query-input\":{\"@type\":\"PropertyValueSpecification\",\"valueRequired\":true,\"valueName\":\"search_term_string\"}}],\"inLanguage\":\"fr-FR\"}]}<\/script>\n<!-- \/ Yoast SEO plugin. -->","yoast_head_json":{"title":"Usine de m\u00e9tallurgie - Viking EMEA","robots":{"index":"index","follow":"follow","max-snippet":"max-snippet:-1","max-image-preview":"max-image-preview:large","max-video-preview":"max-video-preview:-1"},"canonical":"https:\/\/www.viking-emea.com\/fr\/industry-solutions\/steelwork-water-mist\/","og_locale":"fr_FR","og_type":"article","og_title":"Usine de m\u00e9tallurgie - Viking EMEA","og_description":"ProCon system for steelwork facility protection","og_url":"https:\/\/www.viking-emea.com\/fr\/industry-solutions\/steelwork-water-mist\/","og_site_name":"Viking EMEA","article_modified_time":"2025-02-27T07:27:47+00:00","og_image":[{"url":"https:\/\/www.viking-emea.com\/app\/uploads\/2024\/11\/ProCon_PC-M_MXID_ImpulseNozzle_900x560px.webp","type":"","width":"","height":""}],"twitter_card":"summary_large_image","twitter_misc":{"Est. reading time":"3 minutes"},"schema":{"@context":"https:\/\/schema.org","@graph":[{"@type":"WebPage","@id":"https:\/\/www.viking-emea.com\/fr\/industry-solutions\/steelwork-water-mist\/","url":"https:\/\/www.viking-emea.com\/fr\/industry-solutions\/steelwork-water-mist\/","name":"Usine de m\u00e9tallurgie - Viking EMEA","isPartOf":{"@id":"https:\/\/www.viking-emea.com\/fr\/#website"},"primaryImageOfPage":{"@id":"https:\/\/www.viking-emea.com\/fr\/industry-solutions\/steelwork-water-mist\/#primaryimage"},"image":{"@id":"https:\/\/www.viking-emea.com\/fr\/industry-solutions\/steelwork-water-mist\/#primaryimage"},"thumbnailUrl":"https:\/\/www.viking-emea.com\/app\/uploads\/2024\/11\/ProCon_PC-M_MXID_ImpulseNozzle_900x560px.webp","datePublished":"2024-11-13T07:34:41+00:00","dateModified":"2025-02-27T07:27:47+00:00","breadcrumb":{"@id":"https:\/\/www.viking-emea.com\/fr\/industry-solutions\/steelwork-water-mist\/#breadcrumb"},"inLanguage":"fr-FR","potentialAction":[{"@type":"ReadAction","target":["https:\/\/www.viking-emea.com\/fr\/industry-solutions\/steelwork-water-mist\/"]}]},{"@type":"ImageObject","inLanguage":"fr-FR","@id":"https:\/\/www.viking-emea.com\/fr\/industry-solutions\/steelwork-water-mist\/#primaryimage","url":"https:\/\/www.viking-emea.com\/app\/uploads\/2024\/11\/ProCon_PC-M_MXID_ImpulseNozzle_900x560px.webp","contentUrl":"https:\/\/www.viking-emea.com\/app\/uploads\/2024\/11\/ProCon_PC-M_MXID_ImpulseNozzle_900x560px.webp"},{"@type":"BreadcrumbList","@id":"https:\/\/www.viking-emea.com\/fr\/industry-solutions\/steelwork-water-mist\/#breadcrumb","itemListElement":[{"@type":"ListItem","position":1,"name":"Home","item":"https:\/\/www.viking-emea.com\/fr\/"},{"@type":"ListItem","position":2,"name":"Solutions Industrielles","item":"https:\/\/www.viking-emea.com\/fr\/industry-solutions\/"},{"@type":"ListItem","position":3,"name":"Usine de m\u00e9tallurgie"}]},{"@type":"WebSite","@id":"https:\/\/www.viking-emea.com\/fr\/#website","url":"https:\/\/www.viking-emea.com\/fr\/","name":"Viking EMEA","description":"Viking EMEA","potentialAction":[{"@type":"SearchAction","target":{"@type":"EntryPoint","urlTemplate":"https:\/\/www.viking-emea.com\/fr\/?s={search_term_string}"},"query-input":{"@type":"PropertyValueSpecification","valueRequired":true,"valueName":"search_term_string"}}],"inLanguage":"fr-FR"}]}},"_links":{"self":[{"href":"https:\/\/www.viking-emea.com\/fr\/wp-json\/wp\/v2\/pages\/5560","targetHints":{"allow":["GET"]}}],"collection":[{"href":"https:\/\/www.viking-emea.com\/fr\/wp-json\/wp\/v2\/pages"}],"about":[{"href":"https:\/\/www.viking-emea.com\/fr\/wp-json\/wp\/v2\/types\/page"}],"author":[{"embeddable":true,"href":"https:\/\/www.viking-emea.com\/fr\/wp-json\/wp\/v2\/users\/1771"}],"replies":[{"embeddable":true,"href":"https:\/\/www.viking-emea.com\/fr\/wp-json\/wp\/v2\/comments?post=5560"}],"version-history":[{"count":0,"href":"https:\/\/www.viking-emea.com\/fr\/wp-json\/wp\/v2\/pages\/5560\/revisions"}],"up":[{"embeddable":true,"href":"https:\/\/www.viking-emea.com\/fr\/wp-json\/wp\/v2\/pages\/4520"}],"wp:attachment":[{"href":"https:\/\/www.viking-emea.com\/fr\/wp-json\/wp\/v2\/media?parent=5560"}],"wp:term":[{"taxonomy":"search-group","embeddable":true,"href":"https:\/\/www.viking-emea.com\/fr\/wp-json\/wp\/v2\/search-group?post=5560"}],"curies":[{"name":"wp","href":"https:\/\/api.w.org\/{rel}","templated":true}]}}