{"id":29545,"date":"2024-10-29T13:02:58","date_gmt":"2024-10-29T12:02:58","guid":{"rendered":"https:\/\/www.viking-emea.com\/sds-search\/"},"modified":"2025-02-27T11:08:51","modified_gmt":"2025-02-27T10:08:51","slug":"sds-search","status":"publish","type":"page","link":"https:\/\/www.viking-emea.com\/fr\/sds-search\/","title":{"rendered":"Recherche des fiches de donn\u00e9es de s\u00e9curit\u00e9 (FDS)"},"content":{"rendered":"\n<div class=\"wp-block-group is-layout-constrained wp-block-group-is-layout-constrained\">\n<h3 class=\"wp-block-heading\"><strong><u>Concentr\u00e9s de mousse Viking &#8211; Fiches de donn\u00e9es de s\u00e9curit\u00e9<\/u><\/strong><br><\/h3>\n\n\n\n<p>Les fiches de donn\u00e9es de s\u00e9curit\u00e9 (FDS) des concentr\u00e9s de mousse Viking peuvent \u00eatre consult\u00e9es en utilisant la recherche ci-dessous.<br><\/p>\n\n\n\n<p>Il suffit de taper le nom du concentr\u00e9 de mousse dans le premier champ de recherche et, le cas \u00e9ch\u00e9ant, de s\u00e9lectionner le pays et la version linguistique souhait\u00e9s dans le deuxi\u00e8me menu d\u00e9roulant.<br><strong>Remarque\u00a0<\/strong>: Si vous ne s\u00e9lectionnez pas une version nationale sp\u00e9cifique, toutes les versions nationales\/langues actuellement disponibles pour ce concentr\u00e9 de mousse seront affich\u00e9es dans les r\u00e9sultats de la recherche.<\/p>\n\n\n\n<p class=\"is-style-has-underline\"><strong><strong>Exemple sans s\u00e9lection de pays<\/strong>\u00a0<\/strong>:<\/p>\n\n\n\n<p class=\"is-style-default\">Tapez \u00ab\u00a0ARK\u00a0\u00bb dans le premier champ de recherche, puis cliquez sur la fl\u00e8che \u00e0 c\u00f4t\u00e9 pour afficher les r\u00e9sultats<\/p>\n\n\n\n<p class=\"is-style-has-underline\"><strong><strong>Exemple de s\u00e9lection d&#8217;un pays\/d&#8217;une langue<\/strong>\u00a0<\/strong>:<\/p>\n\n\n\n<p class=\"is-style-default\"><br>Tapez \u00ab\u00a0ARK\u00a0\u00bb dans le premier champ de recherche, puis s\u00e9lectionnez une langue dans le menu d\u00e9roulant du deuxi\u00e8me champ de recherche. Cette s\u00e9lection d\u00e9clenchera directement les r\u00e9sultats de la recherche.<br><br><\/p>\n\n\n\n<p class=\"is-style-default\"><strong><strong>Concentr\u00e9s de mousse Viking<\/strong>\u00a0:<\/strong><\/p>\n\n\n\n<ul class=\"wp-block-list\">\n<li>3% XMAX<\/li>\n\n\n\n<li>ARK<\/li>\n\n\n\n<li>USP<\/li>\n<\/ul>\n\n\n<div id=\"almegodocs\" data-cref=\"D44DC7BE-D301-4C32-BF9C-D8123331A6CD\"><\/div>\n<\/div>\n","protected":false},"excerpt":{"rendered":"<p>Concentr\u00e9s de mousse Viking &#8211; Fiches de donn\u00e9es de s\u00e9curit\u00e9 Les fiches de donn\u00e9es de s\u00e9curit\u00e9 (FDS) des concentr\u00e9s de mousse Viking peuvent \u00eatre consult\u00e9es en utilisant la recherche ci-dessous. Il suffit de taper le nom du concentr\u00e9 de mousse dans le premier champ de recherche et, le cas \u00e9ch\u00e9ant, de s\u00e9lectionner le pays et [&hellip;]<\/p>\n","protected":false},"author":1831,"featured_media":0,"parent":0,"menu_order":0,"comment_status":"closed","ping_status":"closed","template":"","meta":{"_acf_changed":false,"content-type":"","footnotes":""},"search-group":[],"class_list":["post-29545","page","type-page","status-publish","hentry"],"acf":[],"yoast_head":"<!-- This site is optimized with the Yoast SEO plugin v27.4 - https:\/\/yoast.com\/product\/yoast-seo-wordpress\/ -->\n<title>Recherche des fiches de donn\u00e9es de s\u00e9curit\u00e9 (FDS) - Viking EMEA<\/title>\n<meta name=\"robots\" content=\"index, follow, max-snippet:-1, max-image-preview:large, max-video-preview:-1\" \/>\n<link rel=\"canonical\" href=\"https:\/\/www.viking-emea.com\/fr\/sds-search\/\" \/>\n<meta property=\"og:locale\" content=\"fr_FR\" \/>\n<meta property=\"og:type\" content=\"article\" \/>\n<meta property=\"og:title\" content=\"Recherche des fiches de donn\u00e9es de s\u00e9curit\u00e9 (FDS) - Viking EMEA\" \/>\n<meta property=\"og:description\" content=\"Concentr\u00e9s de mousse Viking &#8211; Fiches de donn\u00e9es de s\u00e9curit\u00e9 Les fiches de donn\u00e9es de s\u00e9curit\u00e9 (FDS) des concentr\u00e9s de mousse Viking peuvent \u00eatre consult\u00e9es en utilisant la recherche ci-dessous. Il suffit de taper le nom du concentr\u00e9 de mousse dans le premier champ de recherche et, le cas \u00e9ch\u00e9ant, de s\u00e9lectionner le pays et [&hellip;]\" \/>\n<meta property=\"og:url\" content=\"https:\/\/www.viking-emea.com\/fr\/sds-search\/\" \/>\n<meta property=\"og:site_name\" content=\"Viking EMEA\" \/>\n<meta property=\"article:modified_time\" content=\"2025-02-27T10:08:51+00:00\" \/>\n<meta name=\"twitter:card\" content=\"summary_large_image\" \/>\n<meta name=\"twitter:label1\" content=\"Est. reading time\" \/>\n\t<meta name=\"twitter:data1\" content=\"1 minute\" \/>\n<script type=\"application\/ld+json\" class=\"yoast-schema-graph\">{\"@context\":\"https:\\\/\\\/schema.org\",\"@graph\":[{\"@type\":\"WebPage\",\"@id\":\"https:\\\/\\\/www.viking-emea.com\\\/fr\\\/sds-search\\\/\",\"url\":\"https:\\\/\\\/www.viking-emea.com\\\/fr\\\/sds-search\\\/\",\"name\":\"Recherche des fiches de donn\u00e9es de s\u00e9curit\u00e9 (FDS) - Viking EMEA\",\"isPartOf\":{\"@id\":\"https:\\\/\\\/www.viking-emea.com\\\/fr\\\/#website\"},\"datePublished\":\"2024-10-29T12:02:58+00:00\",\"dateModified\":\"2025-02-27T10:08:51+00:00\",\"breadcrumb\":{\"@id\":\"https:\\\/\\\/www.viking-emea.com\\\/fr\\\/sds-search\\\/#breadcrumb\"},\"inLanguage\":\"fr-FR\",\"potentialAction\":[{\"@type\":\"ReadAction\",\"target\":[\"https:\\\/\\\/www.viking-emea.com\\\/fr\\\/sds-search\\\/\"]}]},{\"@type\":\"BreadcrumbList\",\"@id\":\"https:\\\/\\\/www.viking-emea.com\\\/fr\\\/sds-search\\\/#breadcrumb\",\"itemListElement\":[{\"@type\":\"ListItem\",\"position\":1,\"name\":\"Home\",\"item\":\"https:\\\/\\\/www.viking-emea.com\\\/fr\\\/\"},{\"@type\":\"ListItem\",\"position\":2,\"name\":\"Recherche des fiches de donn\u00e9es de s\u00e9curit\u00e9 (FDS)\"}]},{\"@type\":\"WebSite\",\"@id\":\"https:\\\/\\\/www.viking-emea.com\\\/fr\\\/#website\",\"url\":\"https:\\\/\\\/www.viking-emea.com\\\/fr\\\/\",\"name\":\"Viking EMEA\",\"description\":\"Viking EMEA\",\"potentialAction\":[{\"@type\":\"SearchAction\",\"target\":{\"@type\":\"EntryPoint\",\"urlTemplate\":\"https:\\\/\\\/www.viking-emea.com\\\/fr\\\/?s={search_term_string}\"},\"query-input\":{\"@type\":\"PropertyValueSpecification\",\"valueRequired\":true,\"valueName\":\"search_term_string\"}}],\"inLanguage\":\"fr-FR\"}]}<\/script>\n<!-- \/ Yoast SEO plugin. -->","yoast_head_json":{"title":"Recherche des fiches de donn\u00e9es de s\u00e9curit\u00e9 (FDS) - Viking EMEA","robots":{"index":"index","follow":"follow","max-snippet":"max-snippet:-1","max-image-preview":"max-image-preview:large","max-video-preview":"max-video-preview:-1"},"canonical":"https:\/\/www.viking-emea.com\/fr\/sds-search\/","og_locale":"fr_FR","og_type":"article","og_title":"Recherche des fiches de donn\u00e9es de s\u00e9curit\u00e9 (FDS) - Viking EMEA","og_description":"Concentr\u00e9s de mousse Viking &#8211; Fiches de donn\u00e9es de s\u00e9curit\u00e9 Les fiches de donn\u00e9es de s\u00e9curit\u00e9 (FDS) des concentr\u00e9s de mousse Viking peuvent \u00eatre consult\u00e9es en utilisant la recherche ci-dessous. Il suffit de taper le nom du concentr\u00e9 de mousse dans le premier champ de recherche et, le cas \u00e9ch\u00e9ant, de s\u00e9lectionner le pays et [&hellip;]","og_url":"https:\/\/www.viking-emea.com\/fr\/sds-search\/","og_site_name":"Viking EMEA","article_modified_time":"2025-02-27T10:08:51+00:00","twitter_card":"summary_large_image","twitter_misc":{"Est. reading time":"1 minute"},"schema":{"@context":"https:\/\/schema.org","@graph":[{"@type":"WebPage","@id":"https:\/\/www.viking-emea.com\/fr\/sds-search\/","url":"https:\/\/www.viking-emea.com\/fr\/sds-search\/","name":"Recherche des fiches de donn\u00e9es de s\u00e9curit\u00e9 (FDS) - Viking EMEA","isPartOf":{"@id":"https:\/\/www.viking-emea.com\/fr\/#website"},"datePublished":"2024-10-29T12:02:58+00:00","dateModified":"2025-02-27T10:08:51+00:00","breadcrumb":{"@id":"https:\/\/www.viking-emea.com\/fr\/sds-search\/#breadcrumb"},"inLanguage":"fr-FR","potentialAction":[{"@type":"ReadAction","target":["https:\/\/www.viking-emea.com\/fr\/sds-search\/"]}]},{"@type":"BreadcrumbList","@id":"https:\/\/www.viking-emea.com\/fr\/sds-search\/#breadcrumb","itemListElement":[{"@type":"ListItem","position":1,"name":"Home","item":"https:\/\/www.viking-emea.com\/fr\/"},{"@type":"ListItem","position":2,"name":"Recherche des fiches de donn\u00e9es de s\u00e9curit\u00e9 (FDS)"}]},{"@type":"WebSite","@id":"https:\/\/www.viking-emea.com\/fr\/#website","url":"https:\/\/www.viking-emea.com\/fr\/","name":"Viking EMEA","description":"Viking EMEA","potentialAction":[{"@type":"SearchAction","target":{"@type":"EntryPoint","urlTemplate":"https:\/\/www.viking-emea.com\/fr\/?s={search_term_string}"},"query-input":{"@type":"PropertyValueSpecification","valueRequired":true,"valueName":"search_term_string"}}],"inLanguage":"fr-FR"}]}},"_links":{"self":[{"href":"https:\/\/www.viking-emea.com\/fr\/wp-json\/wp\/v2\/pages\/29545","targetHints":{"allow":["GET"]}}],"collection":[{"href":"https:\/\/www.viking-emea.com\/fr\/wp-json\/wp\/v2\/pages"}],"about":[{"href":"https:\/\/www.viking-emea.com\/fr\/wp-json\/wp\/v2\/types\/page"}],"author":[{"embeddable":true,"href":"https:\/\/www.viking-emea.com\/fr\/wp-json\/wp\/v2\/users\/1831"}],"replies":[{"embeddable":true,"href":"https:\/\/www.viking-emea.com\/fr\/wp-json\/wp\/v2\/comments?post=29545"}],"version-history":[{"count":0,"href":"https:\/\/www.viking-emea.com\/fr\/wp-json\/wp\/v2\/pages\/29545\/revisions"}],"wp:attachment":[{"href":"https:\/\/www.viking-emea.com\/fr\/wp-json\/wp\/v2\/media?parent=29545"}],"wp:term":[{"taxonomy":"search-group","embeddable":true,"href":"https:\/\/www.viking-emea.com\/fr\/wp-json\/wp\/v2\/search-group?post=29545"}],"curies":[{"name":"wp","href":"https:\/\/api.w.org\/{rel}","templated":true}]}}