{"id":5204,"date":"2024-10-28T11:54:17","date_gmt":"2024-10-28T10:54:17","guid":{"rendered":"https:\/\/www.viking-emea.com\/?page_id=5204"},"modified":"2024-11-14T08:25:30","modified_gmt":"2024-11-14T08:25:30","slug":"hotel-water-mist","status":"publish","type":"page","link":"https:\/\/www.viking-emea.com\/es\/industry-solutions\/hotel-water-mist\/","title":{"rendered":"Hoteles"},"content":{"rendered":"\n<div class=\"wp-block-group alignfull is-layout-constrained wp-container-core-group-is-layout-d22ff40a wp-block-group-is-layout-constrained\" style=\"padding-top:0px;padding-right:0px;padding-bottom:0px;padding-left:0px\">\n\t<section class=\"hero\">\n\t\t<div class=\"hero__slider swiper\" data-hero-slider>\n\t\t\t<div class=\"swiper-wrapper\">\n\t\t\t\t\t\t\t\t\n\t\t\t\t<div \n\t\t\t\tclass=\"swiper-slide\">\n\t\t\t\t<div class=\"hero__slide\" data-color=\"#ffd200\" data-gradient=\"purple\">\n\t\t\t\t\t\t\t\t\t\t\t<div class=\"hero__content\">\n\t\t\t\t\t\t\t<div class=\"container\">\n\t\t\t\t\t\t\t\t<div class=\"hero__title\">\n\t\t\t\t\t\t\t\t\t<h2 class=\"hero__title__text text-3xl\" id=\"\">Protecci\u00f3n del hotel<\/h2>\n\t\t\t\t\t\t\t\t<\/div>\n\t\t\t\t\t\t\t<\/div>\n\t\t\t\t\t\t<\/div>\n\t\t\t\t\t\n\t\t\t\t\t<picture class=\"hero__image\">\n\t\t\t\t\t\t<img decoding=\"async\" src=\"https:\/\/www.viking-emea.com\/app\/uploads\/2024\/11\/HeroBannerPix_2000x500_Hotel-1-2000x500-c-default.webp\"\n\t\t\t\t\t\t\t alt=\"Fire safety for hotels \"\n\t\t\t\t\t\t\t srcset=\"https:\/\/www.viking-emea.com\/app\/uploads\/2024\/11\/HeroBannerPix_2000x500_Hotel-1-2000x500-c-default.webp 1x\">\n\t\t\t\t\t<\/picture>\n\t\t\t\t<\/div>\n\t\t\t<\/div>\n\t\t\t\t\t<\/div>\n\t\t<\/div>\n\n\t\t\n\t\t<div class=\"hero__gradient\">\n\t\t\t<div class=\"hero__gradient__inner\" data-hero-gradient><\/div>\n\t\t<\/div>\n\n\t\t<div class=\"hero__color\">\n\t\t\t<div class=\"hero__color__inner\" data-hero-color><\/div>\n\t\t<\/div>\n\t<\/section>\n\n<\/div>\n\n\n\n<div class=\"wp-block-group is-layout-constrained wp-container-core-group-is-layout-48dbd97c wp-block-group-is-layout-constrained\" style=\"padding-right:0px;padding-left:0px\">\n<div class=\"wp-block-columns is-style-toc-columns is-layout-flex wp-container-core-columns-is-layout-dfcdbb8e wp-block-columns-is-layout-flex\">\n<div class=\"wp-block-column is-layout-flow wp-block-column-is-layout-flow\" style=\"flex-basis:25%\"><div class=\"section-tracker\">\n\t<ul class=\"section-tracker__list\"><\/ul>\n<\/div>\n<\/div>\n\n\n\n<div class=\"wp-block-column is-layout-flow wp-block-column-is-layout-flow\" style=\"flex-basis:75%\">\n<div id=\"about\" class=\"wp-block-group is-style-text-technologies is-layout-constrained wp-container-core-group-is-layout-b3f79d73 wp-block-group-is-layout-constrained\" style=\"margin-top:0;margin-bottom:var(--wp--preset--spacing--108);padding-top:var(--wp--preset--spacing--0-24);padding-right:25px;padding-bottom:0;padding-left:25px\">\n<h2 class=\"wp-block-heading has-xx-large-font-size\" style=\"margin-bottom:32px;font-style:normal;font-weight:600\">Sistema de EconAqua para la protecci\u00f3n de hoteles<\/h2>\n\n\n\n<h2 class=\"wp-block-heading has-large-font-size\" style=\"margin-bottom:16px;padding-bottom:0;font-style:normal;font-weight:600;line-height:1.16\">Un sistema integral de protecci\u00f3n contra incendios para hoteles<\/h2>\n\n\n\n<p class=\"has-base-font-size\" style=\"margin-top:0;margin-bottom:var(--wp--preset--spacing--0-24);line-height:1.3\">La protecci\u00f3n contra incendios es de suma importancia en cualquier hotel, ya que garantiza la seguridad y el bienestar de los hu\u00e9spedes y el personal. Los sistemas de agua nebulizada de Viking se adaptan perfectamente a los distintos riesgos que pueden encontrarse en este tipo de edificios, garantizando una protecci\u00f3n eficaz de todas las zonas.<\/p>\n\n\n\n<p class=\"has-base-font-size\" style=\"margin-bottom:24px;line-height:1.3\">Caracter\u00edsticas y ventajas:<\/p>\n\n\n\n<ul style=\"margin-bottom:20px;padding-bottom:0\" class=\"wp-block-list\">\n<li class=\"has-base-font-size\" style=\"line-height:1.7\">Su bajo consumo y descarga de agua reducen la posibilidad de que se produzcan da\u00f1os importantes por agua en los veh\u00edculos y los bienes en caso de incendio.<\/li>\n\n\n\n<li class=\"has-base-font-size\" style=\"line-height:1.7\">Los componentes optimizan el espacio y permiten a los propietarios aprovechar al m\u00e1ximo el espacio disponible.<\/li>\n\n\n\n<li class=\"has-base-font-size\" style=\"line-height:1.7\">Los reducidos di\u00e1metros de las tuber\u00edas y las boquillas ocultas ofrecen soluciones eficaces y discretas all\u00ed donde se necesitan.<\/li>\n\n\n\n<li class=\"has-base-font-size\" style=\"line-height:1.7\">Las bombas el\u00e9ctricas requieren menos mantenimiento que las bombas di\u00e9sel, lo que ahorra tiempo y dinero en los requisitos de ensayos.<\/li>\n\n\n\n<li class=\"has-base-font-size\" style=\"line-height:1.7\">Las boquillas de respuesta r\u00e1pida dan la alarma r\u00e1pidamente, lo que permite una evacuaci\u00f3n y una gesti\u00f3n del incendio eficaces en caso de emergencia.<\/li>\n\n\n\n<li class=\"has-base-font-size\" style=\"line-height:1.7\">El sistema tiene un bajo coste de propiedad.<\/li>\n<\/ul>\n\n\n\n<p class=\"has-base-font-size\" style=\"margin-top:0;margin-bottom:var(--wp--preset--spacing--0-24);padding-top:0;line-height:1.3\">El sistema de agua nebulizada EconAqua:<\/p>\n\n\n\n<ul class=\"wp-block-list\">\n<li class=\"has-base-font-size\" style=\"line-height:1.7\">ha superado con \u00e9xito los rigurosos protocolos de pruebas de terceros establecidos por VdS.<\/li>\n\n\n\n<li class=\"has-base-font-size\" style=\"line-height:1.7\">cumple los requisitos de la norma EN14972-1:2020 publicada por el CEN<\/li>\n<\/ul>\n<\/div>\n\n\n\n<div id=\"econaqua-provides-peace-of-mind\" class=\"wp-block-group is-style-text-technologies has-gray-100-background-color has-background is-layout-constrained wp-container-core-group-is-layout-f966dea3 wp-block-group-is-layout-constrained\" style=\"margin-top:0;margin-bottom:0;padding-top:var(--wp--preset--spacing--48-24);padding-right:25px;padding-bottom:var(--wp--preset--spacing--48-24);padding-left:25px\">\n<h2 class=\"wp-block-heading has-xx-large-font-size\" style=\"margin-bottom:32px;font-style:normal;font-weight:600\">EconAqua ofrece tranquilidad<\/h2>\n\n\n\n<p class=\"has-base-font-size\" style=\"margin-bottom:24px;line-height:1.3\">Los hoteles pueden plantear complicados riesgos de incendio debido a su mayor capacidad y a que sus ocupantes no est\u00e1n familiarizados con el entorno.<\/p>\n\n\n\n<p class=\"has-base-font-size\" style=\"margin-bottom:0;line-height:1.3\">Al instalar sistemas de agua nebulizada, los operadores se ajustan a la normativa de construcci\u00f3n y garantizan una estructura segura y conforme a las normas, tanto para los hu\u00e9spedes como para los empleados.<\/p>\n\n\n\n<p class=\"has-base-font-size\" style=\"margin-bottom:var(--wp--preset--spacing--64-24);line-height:1.3\"><strong>Vivir y trabajar en un entorno seguro contra incendios<\/strong> deber\u00eda ser el objetivo de todos los propietarios de edificios. Los sistemas de agua nebulizada ofrecen una <strong>soluci\u00f3n probada<\/strong> que es limpia, rentable y reduce el riesgo, lo que da tranquilidad a los propietarios.<\/p>\n\n\n\n<div class=\"wp-block-buttons is-layout-flex wp-block-buttons-is-layout-flex\" style=\"margin-top:0\">\n<div class=\"wp-block-button has-custom-font-size has-base-font-size\" style=\"font-style:normal;font-weight:600;line-height:1.3\"><a class=\"wp-block-button__link wp-element-button\" href=\"https:\/\/www.viking-emea.com\/app\/uploads\/2024\/11\/viking_documents_2024-11-12_62eb9dc7-ad65-4308-a53e-b6663faec1a9.zip\" style=\"padding-top:7px;padding-right:12px;padding-bottom:7px;padding-left:12px\">M\u00e1s informaci\u00f3n<\/a><\/div>\n<\/div>\n<\/div>\n\n\n\n<div id=\"wide-array-of-applications\" class=\"wp-block-group is-style-default is-layout-constrained wp-container-core-group-is-layout-330a260f wp-block-group-is-layout-constrained\" style=\"margin-top:0;margin-bottom:0;padding-top:var(--wp--preset--spacing--48-24);padding-right:25px;padding-bottom:var(--wp--preset--spacing--108);padding-left:25px\">\n<h2 class=\"wp-block-heading has-xx-large-font-size\" style=\"margin-bottom:32px;font-style:normal;font-weight:600\">EconAqua para una amplia gama de aplicaciones<\/h2>\n\n\n\n<p class=\"has-base-font-size\" style=\"margin-bottom:24px;line-height:1.3\">EconAqua ofrece agua nebulizada a baja presi\u00f3n aprobada no solo para las habitaciones de hotel, sino tambi\u00e9n para espacios confinados, por encima del techo y por debajo del suelo.<\/p>\n\n\n\n<p class=\"has-base-font-size\" style=\"margin-bottom:0;line-height:1.3\">Zonas de recepci\u00f3n, vest\u00edbulos, pasillos, zonas de cocina, salas de conferencias, \u00e1reas principales de oficinas, gimnasios, restaurantes, bares y aparcamientos subterr\u00e1neos pueden beneficiarse del sencillo concepto de dise\u00f1o que ofrece EconAqua.<\/p>\n<\/div>\n\n\n\n<div class=\"wp-block-group is-style-text-technologies has-gray-100-background-color has-background is-layout-constrained wp-container-core-group-is-layout-0f5b5637 wp-block-group-is-layout-constrained\" style=\"padding-top:48px;padding-right:25px;padding-bottom:var(--wp--preset--spacing--108);padding-left:25px\">\n<p class=\"has-base-font-size\">Cr\u00e9dito de la imagen: Shutterstock<\/p>\n<\/div>\n<\/div>\n<\/div>\n<\/div>\n\n\n\n<div class=\"wp-block-group alignfull is-style-share-page has-primary-background-color has-background is-layout-constrained wp-container-core-group-is-layout-05985797 wp-block-group-is-layout-constrained\" style=\"padding-top:24px;padding-right:96px;padding-bottom:24px;padding-left:96px\">\n\n<section class=\"share-page\">\n\t<div class=\"container\">\n\t\t<div class=\"share-page__wrapper\">\n\t\t\t<span class=\"text-base\">\u00bfTe ha gustado este contenido? \u00a1Comp\u00e1rtelo!<\/span>\n\t\t\t<div class=\"share-page__buttons\">\n\t\t\t\t<a class=\"share-page__button share-page__button--linkedin\"\n\t\t\t\t   href=\"https:\/\/www.linkedin.com\/shareArticle?mini=true&#038;url=https:\/\/www.viking-emea.com\/es\/industry-solutions\/hotel-water-mist\/\">\n\t\t\t\t\t<svg class=\"h-full w-full\" viewBox=\"0 0 16 16\" fill=\"#164194\">\n\t<path fill-rule=\"evenodd\" clip-rule=\"evenodd\"\n\t\t  d=\"M3.26245 5.33333H0.242623C0.108598 5.33333 0 5.4471 0 5.58739V15.7459C0 15.8863 0.108598 16 0.242623 16H3.26245C3.39648 16 3.50508 15.8863 3.50508 15.7459V5.58739C3.50508 5.4471 3.39648 5.33333 3.26245 5.33333ZM1.75324 0C0.786496 0 0 0.797345 0 1.77741C0 2.75791 0.786496 3.55556 1.75324 3.55556C2.71922 3.55556 3.50508 2.75786 3.50508 1.77741C3.50512 0.797345 2.71922 0 1.75324 0ZM11.6691 5.33333C10.3796 5.33333 9.42638 5.86667 8.84821 6.47268V5.82815C8.84821 5.69111 8.73276 5.57997 8.59026 5.57997H5.51557C5.37307 5.57997 5.25762 5.69111 5.25762 5.82815V15.7518C5.25762 15.8889 5.37307 16 5.51557 16H8.71914C8.86163 16 8.97709 15.8889 8.97709 15.7518V10.8419C8.97709 9.18737 9.44418 8.54279 10.6429 8.54279C11.9484 8.54279 12.0522 9.57612 12.0522 10.927V15.7518C12.0522 15.8889 12.1677 16 12.3101 16H15.5149C15.6574 16 15.7729 15.8889 15.7729 15.7518V10.3085C15.7729 7.84834 15.2853 5.33333 11.6691 5.33333Z\"><\/path>\n<\/svg>\n\t\t\t\t<\/a>\n\n\t\t\t\t<a href=\"mailto:?subject=Viking EMEA&#038;body=https:\/\/www.viking-emea.com\/es\/industry-solutions\/hotel-water-mist\/\" class=\"share-page__button\">\n\t\t\t\t\t<svg xmlns=\"http:\/\/www.w3.org\/2000\/svg\" width=\"24\" height=\"24\" viewBox=\"0 0 24 24\" fill=\"none\" stroke=\"currentColor\"\n\t stroke-width=\"2\" stroke-linecap=\"round\" stroke-linejoin=\"round\">\n\t<path d=\"M4 4h16c1.1 0 2 .9 2 2v12c0 1.1-.9 2-2 2H4c-1.1 0-2-.9-2-2V6c0-1.1.9-2 2-2z\"><\/path>\n\t<polyline points=\"22,6 12,13 2,6\"><\/polyline>\n<\/svg>\n\t\t\t\t<\/a>\n\n\t\t\t\t<button data-clipboard-text=\"https:\/\/www.viking-emea.com\/es\/industry-solutions\/hotel-water-mist\/\" class=\"share-page__button\">\n\t\t\t\t\t<svg xmlns=\"http:\/\/www.w3.org\/2000\/svg\" width=\"24\" height=\"24\" viewBox=\"0 0 24 24\" fill=\"none\" stroke=\"currentColor\"\n\t stroke-width=\"2\" stroke-linecap=\"round\" stroke-linejoin=\"round\">\n\t<path d=\"M10 13a5 5 0 0 0 7.54.54l3-3a5 5 0 0 0-7.07-7.07l-1.72 1.71\"><\/path>\n\t<path d=\"M14 11a5 5 0 0 0-7.54-.54l-3 3a5 5 0 0 0 7.07 7.07l1.71-1.71\"><\/path>\n<\/svg>\n\t\t\t\t<\/button>\n\t\t\t<\/div>\n\t\t<\/div>\n\t<\/div>\n<\/section>\n\n\n\n<button data-button-scroll-top class=\"button-scroll-top\">\n\t<svg xmlns=\"http:\/\/www.w3.org\/2000\/svg\" width=\"24\" height=\"24\" viewBox=\"0 0 24 24\" fill=\"none\" stroke=\"currentColor\"\n\t\t stroke-width=\"2\" stroke-linecap=\"round\" stroke-linejoin=\"round\" class=\"text-primary-900\">\n\t\t<line x1=\"12\" y1=\"19\" x2=\"12\" y2=\"5\"><\/line>\n\t\t<polyline points=\"5 12 12 5 19 12\"><\/polyline>\n\t<\/svg>\n<\/button>\n<\/div>\n","protected":false},"excerpt":{"rendered":"<p>Sistema de nebulizaci\u00f3n de agua EconAqua para la protecci\u00f3n de hoteles<\/p>\n","protected":false},"author":1771,"featured_media":0,"parent":4524,"menu_order":0,"comment_status":"closed","ping_status":"closed","template":"","meta":{"_acf_changed":false,"content-type":"","footnotes":""},"search-group":[121],"class_list":["post-5204","page","type-page","status-publish","hentry","search-group-industry-solutions"],"acf":[],"yoast_head":"<!-- This site is optimized with the Yoast SEO plugin v27.5 - https:\/\/yoast.com\/product\/yoast-seo-wordpress\/ -->\n<title>Hoteles - Viking EMEA<\/title>\n<meta name=\"robots\" content=\"index, follow, max-snippet:-1, max-image-preview:large, max-video-preview:-1\" \/>\n<link rel=\"canonical\" href=\"https:\/\/www.viking-emea.com\/es\/industry-solutions\/hotel-water-mist\/\" \/>\n<meta property=\"og:locale\" content=\"es_ES\" \/>\n<meta property=\"og:type\" content=\"article\" \/>\n<meta property=\"og:title\" content=\"Hoteles - Viking EMEA\" \/>\n<meta property=\"og:description\" content=\"Sistema de nebulizaci\u00f3n de agua EconAqua para la protecci\u00f3n de hoteles\" \/>\n<meta property=\"og:url\" content=\"https:\/\/www.viking-emea.com\/es\/industry-solutions\/hotel-water-mist\/\" \/>\n<meta property=\"og:site_name\" content=\"Viking EMEA\" \/>\n<meta property=\"article:modified_time\" content=\"2024-11-14T08:25:30+00:00\" \/>\n<meta name=\"twitter:card\" content=\"summary_large_image\" \/>\n<meta name=\"twitter:label1\" content=\"Est. reading time\" \/>\n\t<meta name=\"twitter:data1\" content=\"2 minutes\" \/>\n<script type=\"application\/ld+json\" class=\"yoast-schema-graph\">{\"@context\":\"https:\\\/\\\/schema.org\",\"@graph\":[{\"@type\":\"WebPage\",\"@id\":\"https:\\\/\\\/www.viking-emea.com\\\/es\\\/industry-solutions\\\/hotel-water-mist\\\/\",\"url\":\"https:\\\/\\\/www.viking-emea.com\\\/es\\\/industry-solutions\\\/hotel-water-mist\\\/\",\"name\":\"Hoteles - Viking EMEA\",\"isPartOf\":{\"@id\":\"https:\\\/\\\/www.viking-emea.com\\\/es\\\/#website\"},\"datePublished\":\"2024-10-28T10:54:17+00:00\",\"dateModified\":\"2024-11-14T08:25:30+00:00\",\"breadcrumb\":{\"@id\":\"https:\\\/\\\/www.viking-emea.com\\\/es\\\/industry-solutions\\\/hotel-water-mist\\\/#breadcrumb\"},\"inLanguage\":\"es-ES\",\"potentialAction\":[{\"@type\":\"ReadAction\",\"target\":[\"https:\\\/\\\/www.viking-emea.com\\\/es\\\/industry-solutions\\\/hotel-water-mist\\\/\"]}]},{\"@type\":\"BreadcrumbList\",\"@id\":\"https:\\\/\\\/www.viking-emea.com\\\/es\\\/industry-solutions\\\/hotel-water-mist\\\/#breadcrumb\",\"itemListElement\":[{\"@type\":\"ListItem\",\"position\":1,\"name\":\"Home\",\"item\":\"https:\\\/\\\/www.viking-emea.com\\\/es\\\/\"},{\"@type\":\"ListItem\",\"position\":2,\"name\":\"Soluciones industriales\",\"item\":\"https:\\\/\\\/www.viking-emea.com\\\/es\\\/industry-solutions\\\/\"},{\"@type\":\"ListItem\",\"position\":3,\"name\":\"Hoteles\"}]},{\"@type\":\"WebSite\",\"@id\":\"https:\\\/\\\/www.viking-emea.com\\\/es\\\/#website\",\"url\":\"https:\\\/\\\/www.viking-emea.com\\\/es\\\/\",\"name\":\"Viking EMEA\",\"description\":\"Viking EMEA\",\"potentialAction\":[{\"@type\":\"SearchAction\",\"target\":{\"@type\":\"EntryPoint\",\"urlTemplate\":\"https:\\\/\\\/www.viking-emea.com\\\/es\\\/?s={search_term_string}\"},\"query-input\":{\"@type\":\"PropertyValueSpecification\",\"valueRequired\":true,\"valueName\":\"search_term_string\"}}],\"inLanguage\":\"es-ES\"}]}<\/script>\n<!-- \/ Yoast SEO plugin. -->","yoast_head_json":{"title":"Hoteles - Viking EMEA","robots":{"index":"index","follow":"follow","max-snippet":"max-snippet:-1","max-image-preview":"max-image-preview:large","max-video-preview":"max-video-preview:-1"},"canonical":"https:\/\/www.viking-emea.com\/es\/industry-solutions\/hotel-water-mist\/","og_locale":"es_ES","og_type":"article","og_title":"Hoteles - Viking EMEA","og_description":"Sistema de nebulizaci\u00f3n de agua EconAqua para la protecci\u00f3n de hoteles","og_url":"https:\/\/www.viking-emea.com\/es\/industry-solutions\/hotel-water-mist\/","og_site_name":"Viking EMEA","article_modified_time":"2024-11-14T08:25:30+00:00","twitter_card":"summary_large_image","twitter_misc":{"Est. reading time":"2 minutes"},"schema":{"@context":"https:\/\/schema.org","@graph":[{"@type":"WebPage","@id":"https:\/\/www.viking-emea.com\/es\/industry-solutions\/hotel-water-mist\/","url":"https:\/\/www.viking-emea.com\/es\/industry-solutions\/hotel-water-mist\/","name":"Hoteles - Viking EMEA","isPartOf":{"@id":"https:\/\/www.viking-emea.com\/es\/#website"},"datePublished":"2024-10-28T10:54:17+00:00","dateModified":"2024-11-14T08:25:30+00:00","breadcrumb":{"@id":"https:\/\/www.viking-emea.com\/es\/industry-solutions\/hotel-water-mist\/#breadcrumb"},"inLanguage":"es-ES","potentialAction":[{"@type":"ReadAction","target":["https:\/\/www.viking-emea.com\/es\/industry-solutions\/hotel-water-mist\/"]}]},{"@type":"BreadcrumbList","@id":"https:\/\/www.viking-emea.com\/es\/industry-solutions\/hotel-water-mist\/#breadcrumb","itemListElement":[{"@type":"ListItem","position":1,"name":"Home","item":"https:\/\/www.viking-emea.com\/es\/"},{"@type":"ListItem","position":2,"name":"Soluciones industriales","item":"https:\/\/www.viking-emea.com\/es\/industry-solutions\/"},{"@type":"ListItem","position":3,"name":"Hoteles"}]},{"@type":"WebSite","@id":"https:\/\/www.viking-emea.com\/es\/#website","url":"https:\/\/www.viking-emea.com\/es\/","name":"Viking EMEA","description":"Viking EMEA","potentialAction":[{"@type":"SearchAction","target":{"@type":"EntryPoint","urlTemplate":"https:\/\/www.viking-emea.com\/es\/?s={search_term_string}"},"query-input":{"@type":"PropertyValueSpecification","valueRequired":true,"valueName":"search_term_string"}}],"inLanguage":"es-ES"}]}},"_links":{"self":[{"href":"https:\/\/www.viking-emea.com\/es\/wp-json\/wp\/v2\/pages\/5204","targetHints":{"allow":["GET"]}}],"collection":[{"href":"https:\/\/www.viking-emea.com\/es\/wp-json\/wp\/v2\/pages"}],"about":[{"href":"https:\/\/www.viking-emea.com\/es\/wp-json\/wp\/v2\/types\/page"}],"author":[{"embeddable":true,"href":"https:\/\/www.viking-emea.com\/es\/wp-json\/wp\/v2\/users\/1771"}],"replies":[{"embeddable":true,"href":"https:\/\/www.viking-emea.com\/es\/wp-json\/wp\/v2\/comments?post=5204"}],"version-history":[{"count":0,"href":"https:\/\/www.viking-emea.com\/es\/wp-json\/wp\/v2\/pages\/5204\/revisions"}],"up":[{"embeddable":true,"href":"https:\/\/www.viking-emea.com\/es\/wp-json\/wp\/v2\/pages\/4524"}],"wp:attachment":[{"href":"https:\/\/www.viking-emea.com\/es\/wp-json\/wp\/v2\/media?parent=5204"}],"wp:term":[{"taxonomy":"search-group","embeddable":true,"href":"https:\/\/www.viking-emea.com\/es\/wp-json\/wp\/v2\/search-group?post=5204"}],"curies":[{"name":"wp","href":"https:\/\/api.w.org\/{rel}","templated":true}]}}