{"id":5525,"date":"2024-11-13T07:39:57","date_gmt":"2024-11-13T06:39:57","guid":{"rendered":"https:\/\/www.viking-emea.com\/?page_id=5525"},"modified":"2025-03-05T09:55:53","modified_gmt":"2025-03-05T08:55:53","slug":"cable-tunnel-water-mist","status":"publish","type":"page","link":"https:\/\/www.viking-emea.com\/de\/industry-solutions\/cable-tunnel-water-mist\/","title":{"rendered":"Kabeltunnel"},"content":{"rendered":"\n<div class=\"wp-block-group alignfull is-layout-constrained wp-container-core-group-is-layout-d22ff40a wp-block-group-is-layout-constrained\" style=\"padding-top:0px;padding-right:0px;padding-bottom:0px;padding-left:0px\">\n\t<section class=\"hero\">\n\t\t<div class=\"hero__slider swiper\" data-hero-slider>\n\t\t\t<div class=\"swiper-wrapper\">\n\t\t\t\t\t\t\t\t\n\t\t\t\t<div \n\t\t\t\tclass=\"swiper-slide\">\n\t\t\t\t<div class=\"hero__slide\" data-color=\"#b0d235\" data-gradient=\"purple\">\n\t\t\t\t\t\t\t\t\t\t\t<div class=\"hero__content\">\n\t\t\t\t\t\t\t<div class=\"container\">\n\t\t\t\t\t\t\t\t<div class=\"hero__title\">\n\t\t\t\t\t\t\t\t\t<h2 class=\"hero__title__text text-3xl\" id=\"\">Kabeltunnelschutz<\/h2>\n\t\t\t\t\t\t\t\t<\/div>\n\t\t\t\t\t\t\t<\/div>\n\t\t\t\t\t\t<\/div>\n\t\t\t\t\t\n\t\t\t\t\t<picture class=\"hero__image\">\n\t\t\t\t\t\t<img decoding=\"async\" src=\"https:\/\/www.viking-emea.com\/app\/uploads\/2024\/10\/HeroBannerPix_2000x500_Cable_Tunnels-1-2000x500-c-default.webp\"\n\t\t\t\t\t\t\t alt=\"Cable tunnel \"\n\t\t\t\t\t\t\t srcset=\"https:\/\/www.viking-emea.com\/app\/uploads\/2024\/10\/HeroBannerPix_2000x500_Cable_Tunnels-1-2000x500-c-default.webp 1x\">\n\t\t\t\t\t<\/picture>\n\t\t\t\t<\/div>\n\t\t\t<\/div>\n\t\t\t\t\t<\/div>\n\t\t<\/div>\n\n\t\t\n\t\t<div class=\"hero__gradient\">\n\t\t\t<div class=\"hero__gradient__inner\" data-hero-gradient><\/div>\n\t\t<\/div>\n\n\t\t<div class=\"hero__color\">\n\t\t\t<div class=\"hero__color__inner\" data-hero-color><\/div>\n\t\t<\/div>\n\t<\/section>\n\n<\/div>\n\n\n\n<div class=\"wp-block-group is-layout-constrained wp-container-core-group-is-layout-48dbd97c wp-block-group-is-layout-constrained\" style=\"padding-right:0px;padding-left:0px\">\n<div class=\"wp-block-columns is-style-toc-columns is-layout-flex wp-container-core-columns-is-layout-dfcdbb8e wp-block-columns-is-layout-flex\">\n<div class=\"wp-block-column is-layout-flow wp-block-column-is-layout-flow\" style=\"flex-basis:25%\"><div class=\"section-tracker\">\n\t<ul class=\"section-tracker__list\"><\/ul>\n<\/div>\n<\/div>\n\n\n\n<div class=\"wp-block-column is-layout-flow wp-block-column-is-layout-flow\" style=\"flex-basis:75%\">\n<div id=\"about\" class=\"wp-block-group is-style-default is-layout-constrained wp-container-core-group-is-layout-5348a6cf wp-block-group-is-layout-constrained\" style=\"margin-top:0;margin-bottom:var(--wp--preset--spacing--48-24);padding-top:var(--wp--preset--spacing--0-24);padding-right:25px;padding-bottom:0;padding-left:25px\">\n<h2 class=\"wp-block-heading has-xx-large-font-size\" style=\"margin-bottom:32px;font-style:normal;font-weight:600\">Elektrische Br\u00e4nde &#8211; Wussten Sie das?<\/h2>\n\n\n\n<h2 class=\"wp-block-heading has-large-font-size\" style=\"margin-bottom:16px;padding-bottom:0;font-style:normal;font-weight:600;line-height:1.16\">&#8220;Die umfassendste und direkteste Interpretation des Begriffs \u201eelektrischer Brand\u201c ist ein Brand, der mit einer Art elektrischem Defekt oder Fehlfunktion verbunden ist. Jedes Ger\u00e4t, das mit Strom betrieben wird, kann einen solchen Fehler haben.&#8221; (NFPA)\u00a0<\/h2>\n\n\n\n<p class=\"has-base-font-size\" style=\"margin-top:0;margin-bottom:23px;line-height:1.3\">Obwohl Br\u00e4nde von Elektrokabeln h\u00e4ufig vorkommen und \u00fcberall auftreten k\u00f6nnen, wo elektrische Ger\u00e4te verwendet werden, von Wohnungen bis zu Industrieanlagen, werden Elektrokabel als potenzielle Brandquelle oft vernachl\u00e4ssigt. Kabel durchziehen alle Bereiche der Einrichtungen und transportieren lebenswichtige Stromversorgungen und Steuerungen zu elektrischen und elektronischen Ger\u00e4ten, um den ordnungsgem\u00e4\u00dfen Betrieb des Geb\u00e4udes zu gew\u00e4hrleisten. Elektrische Leitungen werden in der Regel \u00fcber Steigleitungen, Kabelkan\u00e4le und Freifl\u00e4chen in Kabeltrassen, Kabelkan\u00e4len oder offen entlang von Tragwerken verlegt.<\/p>\n\n\n\n<p class=\"has-base-font-size\" style=\"margin-top:0;margin-bottom:23px;line-height:1.3\">Das Risiko ist allgegenw\u00e4rtig. Elektrokabel sind eine potenzielle Z\u00fcndquelle und k\u00f6nnen ein schnelles und leichtes Ausbreiten des Feuers erm\u00f6glichen, was zum Teil auf ihre N\u00e4he zu anderen brennbaren Materialien zur\u00fcckzuf\u00fchren ist. Die Kabel selbst k\u00f6nnen gef\u00e4hrdet sein, wenn sie Br\u00e4nden von au\u00dfen ausgesetzt sind, z. B. wenn sie durch Bereiche mit hoher oder mittlerer Brandgefahr verlegt werden.<\/p>\n\n\n\n<p class=\"has-base-font-size\" style=\"margin-top:0;margin-bottom:var(--wp--preset--spacing--64-40);line-height:1.3\">Um die Auswirkungen eines Brandes richtig kontrollieren zu k\u00f6nnen, ist es nicht nur wichtig, den Brand mittels geeigneter Brandmeldetechnik fr\u00fchzeitig zu erkennen, sondern auch ein entsprechend zertifiziertes, fest installiertes Feuerl\u00f6schsystem zu installieren, wie z. B. das Niederdruck-Wassernebelsystem ProCon PC-C von Viking.<\/p>\n\n\n\n<figure class=\"wp-block-gallery has-nested-images columns-default is-cropped wp-block-gallery-1 is-layout-flex wp-block-gallery-is-layout-flex\">\n<figure class=\"wp-block-image size-large\"><img loading=\"lazy\" decoding=\"async\" width=\"640\" height=\"398\" data-id=\"4808\" src=\"https:\/\/www.viking-emea.com\/app\/uploads\/2024\/11\/2495_CableTray_from_cabinet_to_ceiling_Shutterstock_900x560px.webp\" alt=\"\" class=\"wp-image-4808\" srcset=\"https:\/\/www.viking-emea.com\/app\/uploads\/2024\/11\/2495_CableTray_from_cabinet_to_ceiling_Shutterstock_900x560px.webp 640w, https:\/\/www.viking-emea.com\/app\/uploads\/2024\/11\/2495_CableTray_from_cabinet_to_ceiling_Shutterstock_900x560px-300x187.webp 300w, https:\/\/www.viking-emea.com\/app\/uploads\/2024\/11\/2495_CableTray_from_cabinet_to_ceiling_Shutterstock_900x560px-600x373.webp 600w\" sizes=\"auto, (max-width: 640px) 100vw, 640px\" \/><\/figure>\n<\/figure>\n\n\n\n<p class=\"has-text-align-center has-base-font-size\" style=\"margin-top:0;padding-top:16px\">Kabelkanal vom Schrank zur Decke. Ausgangspunkt: Shutterstock<\/p>\n<\/div>\n\n\n\n<div id=\"procon-water-mist-system-for-cable-tunnels\" class=\"wp-block-group is-style-default has-gray-100-background-color has-background is-layout-constrained wp-container-core-group-is-layout-330a260f wp-block-group-is-layout-constrained\" style=\"margin-top:0;margin-bottom:0;padding-top:var(--wp--preset--spacing--48-24);padding-right:25px;padding-bottom:var(--wp--preset--spacing--108);padding-left:25px\">\n<h2 class=\"wp-block-heading has-xx-large-font-size\" style=\"margin-bottom:32px;font-style:normal;font-weight:600\">ProCon Wassernebelanlage f\u00fcr Kabeltunnel<\/h2>\n\n\n\n<h2 class=\"wp-block-heading has-large-font-size\" style=\"margin-bottom:16px;padding-bottom:0;font-style:normal;font-weight:600;line-height:1.16\"><strong>ProCon PC-C &#8211; Ein spezielles Brandschutzsystem f\u00fcr Kabeltunnel<\/strong><\/h2>\n\n\n\n<p class=\"has-base-font-size\" style=\"margin-bottom:24px;line-height:1.3\">Der Brandschutz ist in jedem Geb\u00e4ude von gr\u00f6\u00dfter Bedeutung, da er die Sicherheit der Anlage und das Wohlbefinden der Mitarbeiter gew\u00e4hrleistet und das Risiko einer l\u00e4ngeren Betriebsunterbrechung verringert. Die Wassernebelsysteme von Viking eignen sich gut f\u00fcr die verschiedenen Risiken, die in solchen Einrichtungen auftreten k\u00f6nnen, und gew\u00e4hrleisten einen wirksamen Schutz aller Bereiche.<\/p>\n\n\n\n<p class=\"has-base-font-size\" style=\"margin-bottom:0;line-height:1.3\">Merkmale und Vorteile:<\/p>\n\n\n\n<ul class=\"wp-block-list\">\n<li class=\"has-base-font-size\" style=\"font-style:normal;font-weight:400;line-height:1.7\">Geringer Wasserverbrauch und -abfluss verringern das Risiko erheblicher Wassersch\u00e4den an teuren Maschinen und Infrastrukturen<\/li>\n\n\n\n<li>Platzsparende Komponenten erm\u00f6glichen es den Besitzern, den verf\u00fcgbaren Raum zu maximieren<\/li>\n\n\n\n<li>Kleine Rohrdurchmesser und verdeckte D\u00fcsen sorgen f\u00fcr effiziente und diskrete L\u00f6sungen, wo sie ben\u00f6tigt werden<\/li>\n\n\n\n<li>Elektrische Pumpen sind wartungs\u00e4rmer als dieselbetriebene Feuerl\u00f6schpumpen und sparen Zeit und Geld bei den Pr\u00fcfanforderungen<\/li>\n\n\n\n<li>Die Kontrolle der Hitze im Brandfall reduziert die Strahlung und damit die m\u00f6gliche Brandausbreitung auf angrenzende Anlagen und Verkabelungsbereiche.<\/li>\n\n\n\n<li class=\"has-base-font-size\" style=\"font-style:normal;font-weight:400;line-height:1.7\">Das System zeichnet sich durch niedrige Betriebskosten aus<\/li>\n<\/ul>\n\n\n\n<p class=\"has-base-font-size\" style=\"margin-bottom:0;line-height:1.3\">Das ProCon PC-C Wassernebelsystem:<\/p>\n\n\n\n<ul class=\"wp-block-list\">\n<li class=\"has-base-font-size\" style=\"font-style:normal;font-weight:400;line-height:1.7\">hat die strengen Pr\u00fcfprotokolle von VdS f\u00fcr Dritte erfolgreich bestanden<\/li>\n\n\n\n<li class=\"has-base-font-size\" style=\"font-style:normal;font-weight:400;line-height:1.7\">entspricht den Anforderungen der EN14972-1:2020, ver\u00f6ffentlicht von CEN<\/li>\n<\/ul>\n<\/div>\n\n\n\n<div id=\"procon-provides-peace-of-mind\" class=\"wp-block-group is-style-text-technologies is-layout-constrained wp-container-core-group-is-layout-f966dea3 wp-block-group-is-layout-constrained\" style=\"margin-top:0;margin-bottom:0;padding-top:var(--wp--preset--spacing--48-24);padding-right:25px;padding-bottom:var(--wp--preset--spacing--48-24);padding-left:25px\">\n<h2 class=\"wp-block-heading has-xx-large-font-size\" style=\"margin-bottom:32px;font-style:normal;font-weight:600\">ProCon sorgt f\u00fcr Sicherheit<\/h2>\n\n\n\n<p class=\"has-base-font-size\" style=\"margin-bottom:24px;line-height:1.3\">Kabeltunnel k\u00f6nnen ein kompliziertes Brandrisiko darstellen. Langsam brennende elektrische Br\u00e4nde in unbewohnten R\u00e4umen k\u00f6nnen schwer zu bek\u00e4mpfen sein, wenn sie sich ausbreiten.<\/p>\n\n\n\n<p class=\"has-base-font-size\" style=\"margin-bottom:0;line-height:1.3\">Bei der Installation von Wassernebelsystemen k\u00f6nnen die Betreiber die Bauvorschriften einhalten und so ein konformes, sicheres Arbeitsumfeld gew\u00e4hrleisten. Der Schutz von Verm\u00f6genswerten, die Sicherheit der Mitarbeiter und die Kontinuit\u00e4t des Gesch\u00e4ftsbetriebs sind gew\u00e4hrleistet.<\/p>\n\n\n\n<p class=\"has-base-font-size\" style=\"margin-bottom:0;padding-bottom:var(--wp--preset--spacing--64-24);line-height:1.3\"><strong>Ein brandsicheres Umfeld und Arbeiten<\/strong> sollte das Ziel aller Geb\u00e4udeeigent\u00fcmer sein. Wassernebelsysteme bieten <strong>eine bew\u00e4hrte L\u00f6sung<\/strong>, die sauber, kosteng\u00fcnstig und risikomindernd ist und den Eigent\u00fcmern Sicherheit gibt.<\/p>\n\n\n\n<div class=\"wp-block-buttons is-layout-flex wp-block-buttons-is-layout-flex\" style=\"margin-top:0\">\n<div class=\"wp-block-button has-custom-font-size has-base-font-size\" style=\"font-style:normal;font-weight:600;line-height:1.3\"><a class=\"wp-block-button__link wp-element-button\" href=\"https:\/\/www.viking-emea.com\/app\/uploads\/2024\/11\/viking_documents_2024-11-13_03e79cce-8987-4133-a6d8-15591dd15b1b.zip\" style=\"padding-top:7px;padding-right:12px;padding-bottom:7px;padding-left:12px\">Weitere Informationen<\/a><\/div>\n<\/div>\n<\/div>\n\n\n\n<div id=\"product-spotlight\" class=\"wp-block-group is-style-text-technologies has-gray-100-background-color has-background is-layout-constrained wp-block-group-is-layout-constrained\" style=\"margin-bottom:0;padding-bottom:var(--wp--preset--spacing--108)\">\n<div class=\"wp-block-columns is-layout-flex wp-container-core-columns-is-layout-6127943d wp-block-columns-is-layout-flex\">\n<div class=\"wp-block-column is-layout-flow wp-block-column-is-layout-flow\">\n<h2 class=\"wp-block-heading has-xx-large-font-size\" style=\"margin-bottom:32px;font-style:normal;font-weight:600\">Produkt Spotlight<\/h2>\n\n\n\n<p class=\"has-base-font-size\" style=\"margin-bottom:24px;line-height:1.3\">F\u00fcr den Schutz von Kabelkan\u00e4len und Kabelverteilerr\u00e4umen werden vor allem <strong>Doppelkonusd\u00fcsen vom Typ MXZD<\/strong> eingesetzt. Zwei interne Drallk\u00f6rper erzeugen zwei hohlkegelf\u00f6rmige Spr\u00fchbilder mit Spr\u00fchkegeln von 90\u00b0 und 120\u00b0.<\/p>\n\n\n\n<p class=\"has-base-font-size\" style=\"margin-bottom:0;line-height:1.3\">ProCon PC-C-D\u00fcsen zeichnen sich durch relativ gro\u00dfe Austrittsquerschnitte aus. In Verbindung mit den in den D\u00fcsen eingebauten gro\u00dfen Sieben verringert dies die Anf\u00e4lligkeit f\u00fcr Verunreinigungen in der Wasserversorgung. Durch ihre robuste Bauweise und spezielle Schutzkappen, die beim Wasseraustritt ausgeworfen werden, eignen sich ProCon PC-C D\u00fcsen auch f\u00fcr den Einsatz unter rauen Umgebungsbedingungen und in Bereichen mit mehr Schmutz oder anderen Verunreinigungen.<\/p>\n<\/div>\n\n\n\n<div class=\"wp-block-column is-vertically-aligned-top is-layout-flow wp-block-column-is-layout-flow\" style=\"padding-top:0\">\n<figure class=\"wp-block-image aligncenter size-full\"><img loading=\"lazy\" decoding=\"async\" width=\"900\" height=\"560\" src=\"https:\/\/www.viking-emea.com\/app\/uploads\/2024\/11\/ProCon_PC-C_MXZD_TwinConeNozzle_900x560px.webp\" alt=\"\" class=\"wp-image-2849\" style=\"aspect-ratio:16\/9;object-fit:contain\" srcset=\"https:\/\/www.viking-emea.com\/app\/uploads\/2024\/11\/ProCon_PC-C_MXZD_TwinConeNozzle_900x560px.webp 900w, https:\/\/www.viking-emea.com\/app\/uploads\/2024\/11\/ProCon_PC-C_MXZD_TwinConeNozzle_900x560px-300x187.webp 300w, https:\/\/www.viking-emea.com\/app\/uploads\/2024\/11\/ProCon_PC-C_MXZD_TwinConeNozzle_900x560px-768x478.webp 768w, https:\/\/www.viking-emea.com\/app\/uploads\/2024\/11\/ProCon_PC-C_MXZD_TwinConeNozzle_900x560px-600x373.webp 600w\" sizes=\"auto, (max-width: 900px) 100vw, 900px\" \/><\/figure>\n\n\n\n<p class=\"has-text-align-center has-base-font-size\" style=\"margin-top:0;padding-top:16px;line-height:1.3\">ProCon PC-C MXZD Doppelkonusd\u00fcsen<\/p>\n<\/div>\n<\/div>\n<\/div>\n\n\n\n<div class=\"wp-block-group is-style-text-technologies is-layout-constrained wp-container-core-group-is-layout-0f5b5637 wp-block-group-is-layout-constrained\" style=\"padding-top:48px;padding-right:25px;padding-bottom:var(--wp--preset--spacing--108);padding-left:25px\">\n<p class=\"has-base-font-size\"><em>Bildquelle: Shutterstock<\/em><\/p>\n<\/div>\n<\/div>\n<\/div>\n<\/div>\n\n\n\n<div class=\"wp-block-group alignfull is-style-share-page has-primary-background-color has-background is-layout-constrained wp-container-core-group-is-layout-05985797 wp-block-group-is-layout-constrained\" style=\"padding-top:24px;padding-right:96px;padding-bottom:24px;padding-left:96px\">\n\n<section class=\"share-page\">\n\t<div class=\"container\">\n\t\t<div class=\"share-page__wrapper\">\n\t\t\t<span class=\"text-base\">Hat Ihnen dieser Inhalt gefallen? Teilen Sie ihn!<\/span>\n\t\t\t<div class=\"share-page__buttons\">\n\t\t\t\t<a class=\"share-page__button share-page__button--linkedin\"\n\t\t\t\t   href=\"https:\/\/www.linkedin.com\/shareArticle?mini=true&#038;url=https:\/\/www.viking-emea.com\/de\/industry-solutions\/cable-tunnel-water-mist\/\">\n\t\t\t\t\t<svg class=\"h-full w-full\" viewBox=\"0 0 16 16\" fill=\"#164194\">\n\t<path fill-rule=\"evenodd\" clip-rule=\"evenodd\"\n\t\t  d=\"M3.26245 5.33333H0.242623C0.108598 5.33333 0 5.4471 0 5.58739V15.7459C0 15.8863 0.108598 16 0.242623 16H3.26245C3.39648 16 3.50508 15.8863 3.50508 15.7459V5.58739C3.50508 5.4471 3.39648 5.33333 3.26245 5.33333ZM1.75324 0C0.786496 0 0 0.797345 0 1.77741C0 2.75791 0.786496 3.55556 1.75324 3.55556C2.71922 3.55556 3.50508 2.75786 3.50508 1.77741C3.50512 0.797345 2.71922 0 1.75324 0ZM11.6691 5.33333C10.3796 5.33333 9.42638 5.86667 8.84821 6.47268V5.82815C8.84821 5.69111 8.73276 5.57997 8.59026 5.57997H5.51557C5.37307 5.57997 5.25762 5.69111 5.25762 5.82815V15.7518C5.25762 15.8889 5.37307 16 5.51557 16H8.71914C8.86163 16 8.97709 15.8889 8.97709 15.7518V10.8419C8.97709 9.18737 9.44418 8.54279 10.6429 8.54279C11.9484 8.54279 12.0522 9.57612 12.0522 10.927V15.7518C12.0522 15.8889 12.1677 16 12.3101 16H15.5149C15.6574 16 15.7729 15.8889 15.7729 15.7518V10.3085C15.7729 7.84834 15.2853 5.33333 11.6691 5.33333Z\"><\/path>\n<\/svg>\n\t\t\t\t<\/a>\n\n\t\t\t\t<a href=\"mailto:?subject=Viking EMEA&#038;body=https:\/\/www.viking-emea.com\/de\/industry-solutions\/cable-tunnel-water-mist\/\" class=\"share-page__button\">\n\t\t\t\t\t<svg xmlns=\"http:\/\/www.w3.org\/2000\/svg\" width=\"24\" height=\"24\" viewBox=\"0 0 24 24\" fill=\"none\" stroke=\"currentColor\"\n\t stroke-width=\"2\" stroke-linecap=\"round\" stroke-linejoin=\"round\">\n\t<path d=\"M4 4h16c1.1 0 2 .9 2 2v12c0 1.1-.9 2-2 2H4c-1.1 0-2-.9-2-2V6c0-1.1.9-2 2-2z\"><\/path>\n\t<polyline points=\"22,6 12,13 2,6\"><\/polyline>\n<\/svg>\n\t\t\t\t<\/a>\n\n\t\t\t\t<button data-clipboard-text=\"https:\/\/www.viking-emea.com\/de\/industry-solutions\/cable-tunnel-water-mist\/\" class=\"share-page__button\">\n\t\t\t\t\t<svg xmlns=\"http:\/\/www.w3.org\/2000\/svg\" width=\"24\" height=\"24\" viewBox=\"0 0 24 24\" fill=\"none\" stroke=\"currentColor\"\n\t stroke-width=\"2\" stroke-linecap=\"round\" stroke-linejoin=\"round\">\n\t<path d=\"M10 13a5 5 0 0 0 7.54.54l3-3a5 5 0 0 0-7.07-7.07l-1.72 1.71\"><\/path>\n\t<path d=\"M14 11a5 5 0 0 0-7.54-.54l-3 3a5 5 0 0 0 7.07 7.07l1.71-1.71\"><\/path>\n<\/svg>\n\t\t\t\t<\/button>\n\t\t\t<\/div>\n\t\t<\/div>\n\t<\/div>\n<\/section>\n\n\n\n<button data-button-scroll-top class=\"button-scroll-top\">\n\t<svg xmlns=\"http:\/\/www.w3.org\/2000\/svg\" width=\"24\" height=\"24\" viewBox=\"0 0 24 24\" fill=\"none\" stroke=\"currentColor\"\n\t\t stroke-width=\"2\" stroke-linecap=\"round\" stroke-linejoin=\"round\" class=\"text-primary-900\">\n\t\t<line x1=\"12\" y1=\"19\" x2=\"12\" y2=\"5\"><\/line>\n\t\t<polyline points=\"5 12 12 5 19 12\"><\/polyline>\n\t<\/svg>\n<\/button>\n<\/div>\n","protected":false},"excerpt":{"rendered":"<p>ProCon PC-C water mist system for cable tunnel protection<\/p>\n","protected":false},"author":1771,"featured_media":0,"parent":4521,"menu_order":0,"comment_status":"closed","ping_status":"closed","template":"","meta":{"_acf_changed":false,"content-type":"","footnotes":""},"search-group":[121],"class_list":["post-5525","page","type-page","status-publish","hentry","search-group-industry-solutions"],"acf":[],"yoast_head":"<!-- This site is optimized with the Yoast SEO plugin v27.5 - https:\/\/yoast.com\/product\/yoast-seo-wordpress\/ -->\n<title>Kabeltunnel - Viking EMEA<\/title>\n<meta name=\"robots\" content=\"index, follow, max-snippet:-1, max-image-preview:large, max-video-preview:-1\" \/>\n<link rel=\"canonical\" href=\"https:\/\/www.viking-emea.com\/de\/industry-solutions\/cable-tunnel-water-mist\/\" \/>\n<meta property=\"og:locale\" content=\"de_DE\" \/>\n<meta property=\"og:type\" content=\"article\" \/>\n<meta property=\"og:title\" content=\"Kabeltunnel - Viking EMEA\" \/>\n<meta property=\"og:description\" content=\"ProCon PC-C water mist system for cable tunnel protection\" \/>\n<meta property=\"og:url\" content=\"https:\/\/www.viking-emea.com\/de\/industry-solutions\/cable-tunnel-water-mist\/\" \/>\n<meta property=\"og:site_name\" content=\"Viking EMEA\" \/>\n<meta property=\"article:modified_time\" content=\"2025-03-05T08:55:53+00:00\" \/>\n<meta property=\"og:image\" content=\"https:\/\/www.viking-emea.com\/app\/uploads\/2024\/11\/2495_CableTray_from_cabinet_to_ceiling_Shutterstock_900x560px.webp\" \/>\n<meta name=\"twitter:card\" content=\"summary_large_image\" \/>\n<meta name=\"twitter:label1\" content=\"Est. reading time\" \/>\n\t<meta name=\"twitter:data1\" content=\"3 minutes\" \/>\n<script type=\"application\/ld+json\" class=\"yoast-schema-graph\">{\"@context\":\"https:\\\/\\\/schema.org\",\"@graph\":[{\"@type\":\"WebPage\",\"@id\":\"https:\\\/\\\/www.viking-emea.com\\\/de\\\/industry-solutions\\\/cable-tunnel-water-mist\\\/\",\"url\":\"https:\\\/\\\/www.viking-emea.com\\\/de\\\/industry-solutions\\\/cable-tunnel-water-mist\\\/\",\"name\":\"Kabeltunnel - Viking EMEA\",\"isPartOf\":{\"@id\":\"https:\\\/\\\/www.viking-emea.com\\\/de\\\/#website\"},\"primaryImageOfPage\":{\"@id\":\"https:\\\/\\\/www.viking-emea.com\\\/de\\\/industry-solutions\\\/cable-tunnel-water-mist\\\/#primaryimage\"},\"image\":{\"@id\":\"https:\\\/\\\/www.viking-emea.com\\\/de\\\/industry-solutions\\\/cable-tunnel-water-mist\\\/#primaryimage\"},\"thumbnailUrl\":\"https:\\\/\\\/www.viking-emea.com\\\/app\\\/uploads\\\/2024\\\/11\\\/2495_CableTray_from_cabinet_to_ceiling_Shutterstock_900x560px.webp\",\"datePublished\":\"2024-11-13T06:39:57+00:00\",\"dateModified\":\"2025-03-05T08:55:53+00:00\",\"breadcrumb\":{\"@id\":\"https:\\\/\\\/www.viking-emea.com\\\/de\\\/industry-solutions\\\/cable-tunnel-water-mist\\\/#breadcrumb\"},\"inLanguage\":\"de-DE\",\"potentialAction\":[{\"@type\":\"ReadAction\",\"target\":[\"https:\\\/\\\/www.viking-emea.com\\\/de\\\/industry-solutions\\\/cable-tunnel-water-mist\\\/\"]}]},{\"@type\":\"ImageObject\",\"inLanguage\":\"de-DE\",\"@id\":\"https:\\\/\\\/www.viking-emea.com\\\/de\\\/industry-solutions\\\/cable-tunnel-water-mist\\\/#primaryimage\",\"url\":\"https:\\\/\\\/www.viking-emea.com\\\/app\\\/uploads\\\/2024\\\/11\\\/2495_CableTray_from_cabinet_to_ceiling_Shutterstock_900x560px.webp\",\"contentUrl\":\"https:\\\/\\\/www.viking-emea.com\\\/app\\\/uploads\\\/2024\\\/11\\\/2495_CableTray_from_cabinet_to_ceiling_Shutterstock_900x560px.webp\"},{\"@type\":\"BreadcrumbList\",\"@id\":\"https:\\\/\\\/www.viking-emea.com\\\/de\\\/industry-solutions\\\/cable-tunnel-water-mist\\\/#breadcrumb\",\"itemListElement\":[{\"@type\":\"ListItem\",\"position\":1,\"name\":\"Home\",\"item\":\"https:\\\/\\\/www.viking-emea.com\\\/de\\\/\"},{\"@type\":\"ListItem\",\"position\":2,\"name\":\"L\u00f6sungen f\u00fcr die Industrie\",\"item\":\"https:\\\/\\\/www.viking-emea.com\\\/de\\\/industry-solutions\\\/\"},{\"@type\":\"ListItem\",\"position\":3,\"name\":\"Kabeltunnel\"}]},{\"@type\":\"WebSite\",\"@id\":\"https:\\\/\\\/www.viking-emea.com\\\/de\\\/#website\",\"url\":\"https:\\\/\\\/www.viking-emea.com\\\/de\\\/\",\"name\":\"Viking EMEA\",\"description\":\"Viking EMEA\",\"potentialAction\":[{\"@type\":\"SearchAction\",\"target\":{\"@type\":\"EntryPoint\",\"urlTemplate\":\"https:\\\/\\\/www.viking-emea.com\\\/de\\\/?s={search_term_string}\"},\"query-input\":{\"@type\":\"PropertyValueSpecification\",\"valueRequired\":true,\"valueName\":\"search_term_string\"}}],\"inLanguage\":\"de-DE\"}]}<\/script>\n<!-- \/ Yoast SEO plugin. -->","yoast_head_json":{"title":"Kabeltunnel - Viking EMEA","robots":{"index":"index","follow":"follow","max-snippet":"max-snippet:-1","max-image-preview":"max-image-preview:large","max-video-preview":"max-video-preview:-1"},"canonical":"https:\/\/www.viking-emea.com\/de\/industry-solutions\/cable-tunnel-water-mist\/","og_locale":"de_DE","og_type":"article","og_title":"Kabeltunnel - Viking EMEA","og_description":"ProCon PC-C water mist system for cable tunnel protection","og_url":"https:\/\/www.viking-emea.com\/de\/industry-solutions\/cable-tunnel-water-mist\/","og_site_name":"Viking EMEA","article_modified_time":"2025-03-05T08:55:53+00:00","og_image":[{"url":"https:\/\/www.viking-emea.com\/app\/uploads\/2024\/11\/2495_CableTray_from_cabinet_to_ceiling_Shutterstock_900x560px.webp","type":"","width":"","height":""}],"twitter_card":"summary_large_image","twitter_misc":{"Est. reading time":"3 minutes"},"schema":{"@context":"https:\/\/schema.org","@graph":[{"@type":"WebPage","@id":"https:\/\/www.viking-emea.com\/de\/industry-solutions\/cable-tunnel-water-mist\/","url":"https:\/\/www.viking-emea.com\/de\/industry-solutions\/cable-tunnel-water-mist\/","name":"Kabeltunnel - Viking EMEA","isPartOf":{"@id":"https:\/\/www.viking-emea.com\/de\/#website"},"primaryImageOfPage":{"@id":"https:\/\/www.viking-emea.com\/de\/industry-solutions\/cable-tunnel-water-mist\/#primaryimage"},"image":{"@id":"https:\/\/www.viking-emea.com\/de\/industry-solutions\/cable-tunnel-water-mist\/#primaryimage"},"thumbnailUrl":"https:\/\/www.viking-emea.com\/app\/uploads\/2024\/11\/2495_CableTray_from_cabinet_to_ceiling_Shutterstock_900x560px.webp","datePublished":"2024-11-13T06:39:57+00:00","dateModified":"2025-03-05T08:55:53+00:00","breadcrumb":{"@id":"https:\/\/www.viking-emea.com\/de\/industry-solutions\/cable-tunnel-water-mist\/#breadcrumb"},"inLanguage":"de-DE","potentialAction":[{"@type":"ReadAction","target":["https:\/\/www.viking-emea.com\/de\/industry-solutions\/cable-tunnel-water-mist\/"]}]},{"@type":"ImageObject","inLanguage":"de-DE","@id":"https:\/\/www.viking-emea.com\/de\/industry-solutions\/cable-tunnel-water-mist\/#primaryimage","url":"https:\/\/www.viking-emea.com\/app\/uploads\/2024\/11\/2495_CableTray_from_cabinet_to_ceiling_Shutterstock_900x560px.webp","contentUrl":"https:\/\/www.viking-emea.com\/app\/uploads\/2024\/11\/2495_CableTray_from_cabinet_to_ceiling_Shutterstock_900x560px.webp"},{"@type":"BreadcrumbList","@id":"https:\/\/www.viking-emea.com\/de\/industry-solutions\/cable-tunnel-water-mist\/#breadcrumb","itemListElement":[{"@type":"ListItem","position":1,"name":"Home","item":"https:\/\/www.viking-emea.com\/de\/"},{"@type":"ListItem","position":2,"name":"L\u00f6sungen f\u00fcr die Industrie","item":"https:\/\/www.viking-emea.com\/de\/industry-solutions\/"},{"@type":"ListItem","position":3,"name":"Kabeltunnel"}]},{"@type":"WebSite","@id":"https:\/\/www.viking-emea.com\/de\/#website","url":"https:\/\/www.viking-emea.com\/de\/","name":"Viking EMEA","description":"Viking EMEA","potentialAction":[{"@type":"SearchAction","target":{"@type":"EntryPoint","urlTemplate":"https:\/\/www.viking-emea.com\/de\/?s={search_term_string}"},"query-input":{"@type":"PropertyValueSpecification","valueRequired":true,"valueName":"search_term_string"}}],"inLanguage":"de-DE"}]}},"_links":{"self":[{"href":"https:\/\/www.viking-emea.com\/de\/wp-json\/wp\/v2\/pages\/5525","targetHints":{"allow":["GET"]}}],"collection":[{"href":"https:\/\/www.viking-emea.com\/de\/wp-json\/wp\/v2\/pages"}],"about":[{"href":"https:\/\/www.viking-emea.com\/de\/wp-json\/wp\/v2\/types\/page"}],"author":[{"embeddable":true,"href":"https:\/\/www.viking-emea.com\/de\/wp-json\/wp\/v2\/users\/1771"}],"replies":[{"embeddable":true,"href":"https:\/\/www.viking-emea.com\/de\/wp-json\/wp\/v2\/comments?post=5525"}],"version-history":[{"count":0,"href":"https:\/\/www.viking-emea.com\/de\/wp-json\/wp\/v2\/pages\/5525\/revisions"}],"up":[{"embeddable":true,"href":"https:\/\/www.viking-emea.com\/de\/wp-json\/wp\/v2\/pages\/4521"}],"wp:attachment":[{"href":"https:\/\/www.viking-emea.com\/de\/wp-json\/wp\/v2\/media?parent=5525"}],"wp:term":[{"taxonomy":"search-group","embeddable":true,"href":"https:\/\/www.viking-emea.com\/de\/wp-json\/wp\/v2\/search-group?post=5525"}],"curies":[{"name":"wp","href":"https:\/\/api.w.org\/{rel}","templated":true}]}}